{"id":135891,"date":"2022-05-02T12:55:03","date_gmt":"2022-05-02T10:55:03","guid":{"rendered":"https:\/\/primacover.com\/?post_type=product&#038;p=135891"},"modified":"2026-04-03T11:31:11","modified_gmt":"2026-04-03T09:31:11","slug":"primacover-combi","status":"publish","type":"product","link":"https:\/\/primacover.com\/pl\/product\/primacover-combi\/","title":{"rendered":"PrimaCover Combi"},"content":{"rendered":"<h2>Ch\u0142onna pow\u0142oka typu spunbond<\/h2>\n<p>PrimaCover Combi to w\u0142\u00f3knina ochronna do uniwersalnych zastosowa\u0144. Ta ch\u0142onna w\u0142\u00f3knina ochronna mo\u017ce by\u0107 obrabiana tak jak tektura budowlana, ale jest znacznie l\u017cejsza. Dzi\u0119ki mocnej folii na spodzie ten materia\u0142 ochronny jest r\u00f3wnie\u017c odporny na p\u0142yny.  PrimaCover Combi ma szerok\u0105 gam\u0119 zastosowa\u0144, mi\u0119dzy innymi w pracach zwi\u0105zanych z budow\u0105, przebudow\u0105, remontami oraz w pracach malarskich. Ponadto nadaje si\u0119 r\u00f3wnie\u017c do ochrony pod\u0142ogi w przemy\u015ble, w \u015brodowiskach produkcyjnych oraz w kabinach lakierniczych.<\/p>\n<p><strong>W\u0142a\u015bciwo\u015bci:<\/strong><\/p>\n<ul>\n<li>Ch\u0142onna<\/li>\n<li>Nieprzepuszczaj\u0105ca cieczy<\/li>\n<li>Odporna na zu\u017cycie i \u015bcieranie<\/li>\n<li>Niepozostawiaj\u0105ca w\u0142\u00f3kien<\/li>\n<\/ul>\n<p><strong>Aplikacje:<\/strong><\/p>\n<ul>\n<li>Do suchych, twardych pod\u0142o\u017cy<\/li>\n<\/ul>\n<p><strong>Instrukcje:<\/strong><\/p>\n<ul>\n<li>Nale\u017cy sprawdzi\u0107 wcze\u015bniej, czy produkt nadaje si\u0119 do danego zastosowania.<\/li>\n<li>Przed u\u017cyciem nale\u017cy wy\u0142\u0105czy\u0107 ogrzewanie pod\u0142ogowe.<\/li>\n<\/ul>\n","protected":false},"excerpt":{"rendered":"<h2>Ch\u0142onna pow\u0142oka typu spunbond<\/h2>\n","protected":false},"featured_media":135350,"menu_order":25,"template":"","meta":{"generate_page_header":""},"product_brand":[],"product_cat":[4079],"product_tag":[4101],"class_list":{"0":"post-135891","1":"product","2":"type-product","3":"status-publish","4":"has-post-thumbnail","6":"product_cat-wloknina-ochronna","7":"product_tag-ace-dokladnie-wysuszone-nie-zawieraja-wilgoci","8":"pa_breedte-0-98-pl-2","9":"pa_eenheid-m-pl-2","10":"pa_foliedikte-0-pl","11":"pa_frame-0-pl","12":"pa_lengte-50-pl","13":"pa_matten30-0-0x30-pl-2","14":"pa_merk-primacover-pl-2","15":"pa_objecttypen-podloga","16":"pa_ondergrond-beton-architektoniczny","17":"pa_ondergrond-drewno","18":"pa_ondergrond-kamien-naturalny","19":"pa_ondergrond-laminat-pl","20":"pa_ondergrond-linoleum-pl-2","21":"pa_ondergrond-odlewana-podloga-z-tworzywa-sztucznego","22":"pa_ondergrond-parkiet","23":"pa_ondergrond-plytka-ceramiczna","24":"pa_ondergrond-prefabrykaty-betonowe","25":"pa_ondergrond-pvc-wierzchnia-warstwa-pu","26":"pa_ondergrond-tworzywo-sztuczne","27":"pa_ondergrond-winyl","28":"","29":"woocommerce-text-align-center","30":"woocommerce-image-align-center","31":"do-quantity-buttons","33":"first","34":"instock","35":"shipping-taxable","36":"product-type-simple"},"yoast_head":"<!-- This site is optimized with the Yoast SEO Premium plugin v26.7 (Yoast SEO v27.3) - https:\/\/yoast.com\/product\/yoast-seo-premium-wordpress\/ -->\n<title>PrimaCover Combi Afdekvlies<\/title>\n<meta name=\"description\" content=\"PrimaCover Combi is een universeel, vloeistofdicht afdekvlies. Het lichtgewicht absorberend spinvlies is aan de onderzijde voorzien van een sterke vloeistofdichte folie. Uitstekend inzetbaar bij bouw-, verbouwings-, renovatie- en schilderwerkzaamheden. Daarnaast ook geschikt voor industrie, productie en in spuitcabines.\" \/>\n<meta name=\"robots\" content=\"index, follow, max-snippet:-1, max-image-preview:large, max-video-preview:-1\" \/>\n<link rel=\"canonical\" href=\"https:\/\/primacover.com\/pl\/product\/primacover-combi\/\" \/>\n<meta property=\"og:locale\" content=\"pl_PL\" \/>\n<meta property=\"og:type\" content=\"article\" \/>\n<meta property=\"og:title\" content=\"PrimaCover Combi\" \/>\n<meta property=\"og:description\" content=\"PrimaCover Combi is een universeel, vloeistofdicht afdekvlies. Het lichtgewicht absorberend spinvlies is aan de onderzijde voorzien van een sterke vloeistofdichte folie. Uitstekend inzetbaar bij bouw-, verbouwings-, renovatie- en schilderwerkzaamheden. Daarnaast ook geschikt voor industrie, productie en in spuitcabines.\" \/>\n<meta property=\"og:url\" content=\"https:\/\/primacover.com\/pl\/product\/primacover-combi\/\" \/>\n<meta property=\"og:site_name\" content=\"PrimaCover\" \/>\n<meta property=\"article:publisher\" content=\"https:\/\/www.facebook.com\/PrimaverdeBV\" \/>\n<meta property=\"article:modified_time\" content=\"2026-04-03T09:31:11+00:00\" \/>\n<meta property=\"og:image\" content=\"https:\/\/primacover.com\/wp-content\/uploads\/2022\/04\/Combi_P0NZ_s01.jpg\" \/>\n\t<meta property=\"og:image:width\" content=\"600\" \/>\n\t<meta property=\"og:image:height\" content=\"600\" \/>\n\t<meta property=\"og:image:type\" content=\"image\/jpeg\" \/>\n<meta name=\"twitter:card\" content=\"summary_large_image\" \/>\n<meta name=\"twitter:label1\" content=\"Cena\" \/>\n\t<meta name=\"twitter:data1\" content=\"\" \/>\n\t<meta name=\"twitter:label2\" content=\"Dost\u0119pno\u015b\u0107\" \/>\n\t<meta name=\"twitter:data2\" content=\"Dost\u0119pny\" \/>\n<script type=\"application\/ld+json\" class=\"yoast-schema-graph\">{\"@context\":\"https:\\\/\\\/schema.org\",\"@graph\":[{\"@type\":\"WebPage\",\"@id\":\"https:\\\/\\\/primacover.com\\\/pl\\\/product\\\/primacover-combi\\\/\",\"url\":\"https:\\\/\\\/primacover.com\\\/pl\\\/product\\\/primacover-combi\\\/\",\"name\":\"PrimaCover Combi Afdekvlies\",\"isPartOf\":{\"@id\":\"https:\\\/\\\/primacover.com\\\/pl\\\/#website\"},\"primaryImageOfPage\":{\"@id\":\"https:\\\/\\\/primacover.com\\\/pl\\\/product\\\/primacover-combi\\\/#primaryimage\"},\"image\":{\"@id\":\"https:\\\/\\\/primacover.com\\\/pl\\\/product\\\/primacover-combi\\\/#primaryimage\"},\"thumbnailUrl\":\"https:\\\/\\\/primacover.com\\\/wp-content\\\/uploads\\\/2022\\\/04\\\/Combi_P0NZ_s01.jpg\",\"datePublished\":\"2022-05-02T10:55:03+00:00\",\"dateModified\":\"2026-04-03T09:31:11+00:00\",\"description\":\"PrimaCover Combi is een universeel, vloeistofdicht afdekvlies. Het lichtgewicht absorberend spinvlies is aan de onderzijde voorzien van een sterke vloeistofdichte folie. Uitstekend inzetbaar bij bouw-, verbouwings-, renovatie- en schilderwerkzaamheden. Daarnaast ook geschikt voor industrie, productie en in spuitcabines.\",\"breadcrumb\":{\"@id\":\"https:\\\/\\\/primacover.com\\\/pl\\\/product\\\/primacover-combi\\\/#breadcrumb\"},\"inLanguage\":\"pl-PL\",\"potentialAction\":[{\"@type\":\"ReadAction\",\"target\":[\"https:\\\/\\\/primacover.com\\\/pl\\\/product\\\/primacover-combi\\\/\"]}]},{\"@type\":\"ImageObject\",\"inLanguage\":\"pl-PL\",\"@id\":\"https:\\\/\\\/primacover.com\\\/pl\\\/product\\\/primacover-combi\\\/#primaryimage\",\"url\":\"https:\\\/\\\/primacover.com\\\/wp-content\\\/uploads\\\/2022\\\/04\\\/Combi_P0NZ_s01.jpg\",\"contentUrl\":\"https:\\\/\\\/primacover.com\\\/wp-content\\\/uploads\\\/2022\\\/04\\\/Combi_P0NZ_s01.jpg\",\"width\":600,\"height\":600},{\"@type\":\"BreadcrumbList\",\"@id\":\"https:\\\/\\\/primacover.com\\\/pl\\\/product\\\/primacover-combi\\\/#breadcrumb\",\"itemListElement\":[{\"@type\":\"ListItem\",\"position\":1,\"name\":\"Home\",\"item\":\"https:\\\/\\\/primacover.com\\\/pl\\\/\"},{\"@type\":\"ListItem\",\"position\":2,\"name\":\"Produkty\",\"item\":\"https:\\\/\\\/primacover.com\\\/pl\\\/producten\\\/\"},{\"@type\":\"ListItem\",\"position\":3,\"name\":\"PrimaCover Combi\"}]},{\"@type\":\"WebSite\",\"@id\":\"https:\\\/\\\/primacover.com\\\/pl\\\/#website\",\"url\":\"https:\\\/\\\/primacover.com\\\/pl\\\/\",\"name\":\"PrimaCover\",\"description\":\"afdekvlies-afdekfolie-stofdeuren, coveringmaterials-dustdoors\",\"publisher\":{\"@id\":\"https:\\\/\\\/primacover.com\\\/pl\\\/#organization\"},\"potentialAction\":[{\"@type\":\"SearchAction\",\"target\":{\"@type\":\"EntryPoint\",\"urlTemplate\":\"https:\\\/\\\/primacover.com\\\/pl\\\/?s={search_term_string}\"},\"query-input\":{\"@type\":\"PropertyValueSpecification\",\"valueRequired\":true,\"valueName\":\"search_term_string\"}}],\"inLanguage\":\"pl-PL\"},{\"@type\":\"Organization\",\"@id\":\"https:\\\/\\\/primacover.com\\\/pl\\\/#organization\",\"name\":\"PrimaCover\",\"url\":\"https:\\\/\\\/primacover.com\\\/pl\\\/\",\"logo\":{\"@type\":\"ImageObject\",\"inLanguage\":\"pl-PL\",\"@id\":\"https:\\\/\\\/primacover.com\\\/pl\\\/#\\\/schema\\\/logo\\\/image\\\/\",\"url\":\"\",\"contentUrl\":\"\",\"caption\":\"PrimaCover\"},\"image\":{\"@id\":\"https:\\\/\\\/primacover.com\\\/pl\\\/#\\\/schema\\\/logo\\\/image\\\/\"},\"sameAs\":[\"https:\\\/\\\/www.facebook.com\\\/PrimaverdeBV\",\"https:\\\/\\\/nl.linkedin.com\\\/company\\\/primaverde\",\"https:\\\/\\\/www.youtube.com\\\/channel\\\/UC3DwQqj8f8tatLdSFA0aWwA\"]}]}<\/script>\n<meta property=\"product:brand\" content=\"PrimaCover\" \/>\n<meta property=\"product:price:currency\" content=\"EUR\" \/>\n<meta property=\"og:availability\" content=\"instock\" \/>\n<meta property=\"product:availability\" content=\"instock\" \/>\n<meta property=\"product:retailer_item_id\" content=\"PC900047\" \/>\n<meta property=\"product:condition\" content=\"new\" \/>\n<!-- \/ Yoast SEO Premium plugin. -->","yoast_head_json":{"title":"PrimaCover Combi Afdekvlies","description":"PrimaCover Combi is een universeel, vloeistofdicht afdekvlies. Het lichtgewicht absorberend spinvlies is aan de onderzijde voorzien van een sterke vloeistofdichte folie. Uitstekend inzetbaar bij bouw-, verbouwings-, renovatie- en schilderwerkzaamheden. Daarnaast ook geschikt voor industrie, productie en in spuitcabines.","robots":{"index":"index","follow":"follow","max-snippet":"max-snippet:-1","max-image-preview":"max-image-preview:large","max-video-preview":"max-video-preview:-1"},"canonical":"https:\/\/primacover.com\/pl\/product\/primacover-combi\/","og_locale":"pl_PL","og_type":"article","og_title":"PrimaCover Combi","og_description":"PrimaCover Combi is een universeel, vloeistofdicht afdekvlies. Het lichtgewicht absorberend spinvlies is aan de onderzijde voorzien van een sterke vloeistofdichte folie. Uitstekend inzetbaar bij bouw-, verbouwings-, renovatie- en schilderwerkzaamheden. Daarnaast ook geschikt voor industrie, productie en in spuitcabines.","og_url":"https:\/\/primacover.com\/pl\/product\/primacover-combi\/","og_site_name":"PrimaCover","article_publisher":"https:\/\/www.facebook.com\/PrimaverdeBV","article_modified_time":"2026-04-03T09:31:11+00:00","og_image":[{"width":600,"height":600,"url":"https:\/\/primacover.com\/wp-content\/uploads\/2022\/04\/Combi_P0NZ_s01.jpg","type":"image\/jpeg"}],"twitter_card":"summary_large_image","twitter_misc":{"Cena":"","Dost\u0119pno\u015b\u0107":"Dost\u0119pny"},"schema":{"@context":"https:\/\/schema.org","@graph":[{"@type":"WebPage","@id":"https:\/\/primacover.com\/pl\/product\/primacover-combi\/","url":"https:\/\/primacover.com\/pl\/product\/primacover-combi\/","name":"PrimaCover Combi Afdekvlies","isPartOf":{"@id":"https:\/\/primacover.com\/pl\/#website"},"primaryImageOfPage":{"@id":"https:\/\/primacover.com\/pl\/product\/primacover-combi\/#primaryimage"},"image":{"@id":"https:\/\/primacover.com\/pl\/product\/primacover-combi\/#primaryimage"},"thumbnailUrl":"https:\/\/primacover.com\/wp-content\/uploads\/2022\/04\/Combi_P0NZ_s01.jpg","datePublished":"2022-05-02T10:55:03+00:00","dateModified":"2026-04-03T09:31:11+00:00","description":"PrimaCover Combi is een universeel, vloeistofdicht afdekvlies. Het lichtgewicht absorberend spinvlies is aan de onderzijde voorzien van een sterke vloeistofdichte folie. Uitstekend inzetbaar bij bouw-, verbouwings-, renovatie- en schilderwerkzaamheden. Daarnaast ook geschikt voor industrie, productie en in spuitcabines.","breadcrumb":{"@id":"https:\/\/primacover.com\/pl\/product\/primacover-combi\/#breadcrumb"},"inLanguage":"pl-PL","potentialAction":[{"@type":"ReadAction","target":["https:\/\/primacover.com\/pl\/product\/primacover-combi\/"]}]},{"@type":"ImageObject","inLanguage":"pl-PL","@id":"https:\/\/primacover.com\/pl\/product\/primacover-combi\/#primaryimage","url":"https:\/\/primacover.com\/wp-content\/uploads\/2022\/04\/Combi_P0NZ_s01.jpg","contentUrl":"https:\/\/primacover.com\/wp-content\/uploads\/2022\/04\/Combi_P0NZ_s01.jpg","width":600,"height":600},{"@type":"BreadcrumbList","@id":"https:\/\/primacover.com\/pl\/product\/primacover-combi\/#breadcrumb","itemListElement":[{"@type":"ListItem","position":1,"name":"Home","item":"https:\/\/primacover.com\/pl\/"},{"@type":"ListItem","position":2,"name":"Produkty","item":"https:\/\/primacover.com\/pl\/producten\/"},{"@type":"ListItem","position":3,"name":"PrimaCover Combi"}]},{"@type":"WebSite","@id":"https:\/\/primacover.com\/pl\/#website","url":"https:\/\/primacover.com\/pl\/","name":"PrimaCover","description":"afdekvlies-afdekfolie-stofdeuren, coveringmaterials-dustdoors","publisher":{"@id":"https:\/\/primacover.com\/pl\/#organization"},"potentialAction":[{"@type":"SearchAction","target":{"@type":"EntryPoint","urlTemplate":"https:\/\/primacover.com\/pl\/?s={search_term_string}"},"query-input":{"@type":"PropertyValueSpecification","valueRequired":true,"valueName":"search_term_string"}}],"inLanguage":"pl-PL"},{"@type":"Organization","@id":"https:\/\/primacover.com\/pl\/#organization","name":"PrimaCover","url":"https:\/\/primacover.com\/pl\/","logo":{"@type":"ImageObject","inLanguage":"pl-PL","@id":"https:\/\/primacover.com\/pl\/#\/schema\/logo\/image\/","url":"","contentUrl":"","caption":"PrimaCover"},"image":{"@id":"https:\/\/primacover.com\/pl\/#\/schema\/logo\/image\/"},"sameAs":["https:\/\/www.facebook.com\/PrimaverdeBV","https:\/\/nl.linkedin.com\/company\/primaverde","https:\/\/www.youtube.com\/channel\/UC3DwQqj8f8tatLdSFA0aWwA"]}]},"product_brand":"PrimaCover","product_price_currency":"EUR","og_availability":"instock","product_availability":"instock","product_retailer_item_id":"PC900047","product_condition":"new"},"_links":{"self":[{"href":"https:\/\/primacover.com\/pl\/wp-json\/wp\/v2\/product\/135891","targetHints":{"allow":["GET"]}}],"collection":[{"href":"https:\/\/primacover.com\/pl\/wp-json\/wp\/v2\/product"}],"about":[{"href":"https:\/\/primacover.com\/pl\/wp-json\/wp\/v2\/types\/product"}],"wp:featuredmedia":[{"embeddable":true,"href":"https:\/\/primacover.com\/pl\/wp-json\/wp\/v2\/media\/135350"}],"wp:attachment":[{"href":"https:\/\/primacover.com\/pl\/wp-json\/wp\/v2\/media?parent=135891"}],"wp:term":[{"taxonomy":"product_brand","embeddable":true,"href":"https:\/\/primacover.com\/pl\/wp-json\/wp\/v2\/product_brand?post=135891"},{"taxonomy":"product_cat","embeddable":true,"href":"https:\/\/primacover.com\/pl\/wp-json\/wp\/v2\/product_cat?post=135891"},{"taxonomy":"product_tag","embeddable":true,"href":"https:\/\/primacover.com\/pl\/wp-json\/wp\/v2\/product_tag?post=135891"}],"curies":[{"name":"wp","href":"https:\/\/api.w.org\/{rel}","templated":true}]}}