{"id":135892,"date":"2022-05-02T12:55:21","date_gmt":"2022-05-02T10:55:21","guid":{"rendered":"https:\/\/primacover.com\/?post_type=product&#038;p=135892"},"modified":"2026-04-03T11:51:05","modified_gmt":"2026-04-03T09:51:05","slug":"primacover-defend","status":"publish","type":"product","link":"https:\/\/primacover.com\/pl\/product\/primacover-defend\/","title":{"rendered":"PrimaCover Defend"},"content":{"rendered":"<h2>P\u0142yta filcowa<\/h2>\n<p>PrimaCover Defend to gruby filc zapewniaj\u0105cy maksymaln\u0105 ochron\u0119 twardych powierzchni. Zapobiega uszkodzeniom mechanicznym powodowanym przez gruz, obci\u0105\u017cenie spowodowane naciskiem, je\u017cd\u017c\u0105cym sprz\u0119tem itp. Du\u017cy format umo\u017cliwia r\u00f3wnie\u017c skuteczn\u0105 ochron\u0119 wi\u0119kszych powierzchni. \u0141atwa regulacja za pomoc\u0105 no\u017cyczek lub no\u017ca.<\/p>\n<p><strong>W\u0142a\u015bciwo\u015bci:<\/strong><\/p>\n<ul>\n<li>W 100% paroszczelna, dzi\u0119ki czemu nadaje si\u0119 do wilgotnych powierzchni<\/li>\n<li>\u0141atwa do dopasowania wielko\u015b\u0107<\/li>\n<li>Bardzo wysoka ochrona przed obci\u0105\u017ceniami mechanicznymi i punktowymi<\/li>\n<li>Mo\u017cliwo\u015b\u0107 wielokrotnego u\u017cytku<\/li>\n<li>Praktycznie nie pozostawia w\u0142\u00f3kien<\/li>\n<li>Grubo\u015b\u0107: ok. 4mm.<\/li>\n<li>Dost\u0119pne w rolkach (25m x 1m)  i jako pojedyncze p\u0142yta (80cm x 120cm)<\/li>\n<\/ul>\n<p><strong>Aplikacje:<\/strong><\/p>\n<ul>\n<li>Nadaje si\u0119 do prawie wszystkich rodzaj\u00f3w powierzchni, r\u00f3wnie\u017c do kamienia naturalnego i parkietu<\/li>\n<\/ul>\n<p><strong>Instrukcje:<\/strong><\/p>\n<ul>\n<li>W przypadku wi\u0119kszego obci\u0105\u017cenia nale\u017cy po\u0142\u0105czy\u0107 kraw\u0119dzie za pomoc\u0105 odpowiedniej ta\u015bmy. W celu nieprzepuszczaj\u0105ca cieczy ochrony przed cieczami, pod spodem mo\u017cna zastosowa\u0107 na przyk\u0142ad PrimaCover Standard lub PrimaCover Active. <\/li>\n<li>Nale\u017cy sprawdzi\u0107 wcze\u015bniej, czy produkt nadaje si\u0119 do danego zastosowania.<\/li>\n<\/ul>\n","protected":false},"excerpt":{"rendered":"<h2>P\u0142yta filcowa<\/h2>\n","protected":false},"featured_media":135412,"menu_order":26,"template":"","meta":{"generate_page_header":""},"product_brand":[],"product_cat":[4079],"product_tag":[4101,4125,4124],"class_list":{"0":"post-135892","1":"product","2":"type-product","3":"status-publish","4":"has-post-thumbnail","6":"product_cat-wloknina-ochronna","7":"product_tag-ace-dokladnie-wysuszone-nie-zawieraja-wilgoci","8":"product_tag-poddanych-obrobce","9":"product_tag-swiezo-polozonych","10":"pa_breedte-1-2-pl","11":"pa_eenheid-m-pl-2","12":"pa_foliedikte-4000-pl","13":"pa_frame-0-pl","14":"pa_lengte-0-8-pl","15":"pa_matten30-0-0x30-pl-2","16":"pa_merk-primacover-pl-2","17":"pa_objecttypen-podloga","18":"pa_ondergrond-beton-architektoniczny","19":"pa_ondergrond-drewno","20":"pa_ondergrond-drewno-nieobrobione","21":"pa_ondergrond-dywan-z-niskim-wlosiem","22":"pa_ondergrond-dywan-z-wysokim-wlosiem","23":"pa_ondergrond-kamien-naturalny","24":"pa_ondergrond-laminat-pl","25":"pa_ondergrond-linoleum-pl-2","26":"pa_ondergrond-odlewana-podloga-z-tworzywa-sztucznego","27":"pa_ondergrond-parkiet","28":"pa_ondergrond-plytka-ceramiczna","29":"pa_ondergrond-prefabrykaty-betonowe","30":"pa_ondergrond-pvc-wierzchnia-warstwa-pu","31":"pa_ondergrond-tworzywo-sztuczne","32":"pa_ondergrond-winyl","33":"","34":"woocommerce-text-align-center","35":"woocommerce-image-align-center","36":"do-quantity-buttons","38":"first","39":"instock","40":"shipping-taxable","41":"product-type-simple"},"yoast_head":"<!-- This site is optimized with the Yoast SEO Premium plugin v27.4 (Yoast SEO v27.5) - https:\/\/yoast.com\/product\/yoast-seo-premium-wordpress\/ -->\n<title>PrimaCover Defend Viltplaat<\/title>\n<meta name=\"description\" content=\"Dikke, zwaar belastbare viltplaat voor maximale bescherming van uiteenlopende ondergronden. Voorkomt mechanische beschadigingen, veroorzaakt door puin, drukbelasting, rijdend materieel, etc. Door het grote formaat zijn ook grotere oppervlakken effici\u00ebnt te beschermen. Eenvoudig aan te passen met schaar of mes.\" \/>\n<meta name=\"robots\" content=\"index, follow, max-snippet:-1, max-image-preview:large, max-video-preview:-1\" \/>\n<link rel=\"canonical\" href=\"https:\/\/primacover.com\/pl\/product\/primacover-defend\/\" \/>\n<meta property=\"og:locale\" content=\"pl_PL\" \/>\n<meta property=\"og:type\" content=\"article\" \/>\n<meta property=\"og:title\" content=\"PrimaCover Defend\" \/>\n<meta property=\"og:description\" content=\"Dikke, zwaar belastbare viltplaat voor maximale bescherming van uiteenlopende ondergronden. Voorkomt mechanische beschadigingen, veroorzaakt door puin, drukbelasting, rijdend materieel, etc. Door het grote formaat zijn ook grotere oppervlakken effici\u00ebnt te beschermen. Eenvoudig aan te passen met schaar of mes.\" \/>\n<meta property=\"og:url\" content=\"https:\/\/primacover.com\/pl\/product\/primacover-defend\/\" \/>\n<meta property=\"og:site_name\" content=\"PrimaCover\" \/>\n<meta property=\"article:publisher\" content=\"https:\/\/www.facebook.com\/PrimaverdeBV\" \/>\n<meta property=\"article:modified_time\" content=\"2026-04-03T09:51:05+00:00\" \/>\n<meta property=\"og:image\" content=\"https:\/\/primacover.com\/wp-content\/uploads\/2022\/04\/Defend_P0NZ_s01.jpg\" \/>\n\t<meta property=\"og:image:width\" content=\"600\" \/>\n\t<meta property=\"og:image:height\" content=\"600\" \/>\n\t<meta property=\"og:image:type\" content=\"image\/jpeg\" \/>\n<meta name=\"twitter:card\" content=\"summary_large_image\" \/>\n<meta name=\"twitter:label1\" content=\"Cena\" \/>\n\t<meta name=\"twitter:data1\" content=\"\" \/>\n\t<meta name=\"twitter:label2\" content=\"Dost\u0119pno\u015b\u0107\" \/>\n\t<meta name=\"twitter:data2\" content=\"Dost\u0119pny\" \/>\n<script type=\"application\/ld+json\" class=\"yoast-schema-graph\">{\"@context\":\"https:\\\/\\\/schema.org\",\"@graph\":[{\"@type\":\"WebPage\",\"@id\":\"https:\\\/\\\/primacover.com\\\/pl\\\/product\\\/primacover-defend\\\/\",\"url\":\"https:\\\/\\\/primacover.com\\\/pl\\\/product\\\/primacover-defend\\\/\",\"name\":\"PrimaCover Defend Viltplaat\",\"isPartOf\":{\"@id\":\"https:\\\/\\\/primacover.com\\\/pl\\\/#website\"},\"primaryImageOfPage\":{\"@id\":\"https:\\\/\\\/primacover.com\\\/pl\\\/product\\\/primacover-defend\\\/#primaryimage\"},\"image\":{\"@id\":\"https:\\\/\\\/primacover.com\\\/pl\\\/product\\\/primacover-defend\\\/#primaryimage\"},\"thumbnailUrl\":\"https:\\\/\\\/primacover.com\\\/wp-content\\\/uploads\\\/2022\\\/04\\\/Defend_P0NZ_s01.jpg\",\"datePublished\":\"2022-05-02T10:55:21+00:00\",\"dateModified\":\"2026-04-03T09:51:05+00:00\",\"description\":\"Dikke, zwaar belastbare viltplaat voor maximale bescherming van uiteenlopende ondergronden. Voorkomt mechanische beschadigingen, veroorzaakt door puin, drukbelasting, rijdend materieel, etc. Door het grote formaat zijn ook grotere oppervlakken effici\u00ebnt te beschermen. Eenvoudig aan te passen met schaar of mes.\",\"breadcrumb\":{\"@id\":\"https:\\\/\\\/primacover.com\\\/pl\\\/product\\\/primacover-defend\\\/#breadcrumb\"},\"inLanguage\":\"pl-PL\",\"potentialAction\":[{\"@type\":\"ReadAction\",\"target\":[\"https:\\\/\\\/primacover.com\\\/pl\\\/product\\\/primacover-defend\\\/\"]}]},{\"@type\":\"ImageObject\",\"inLanguage\":\"pl-PL\",\"@id\":\"https:\\\/\\\/primacover.com\\\/pl\\\/product\\\/primacover-defend\\\/#primaryimage\",\"url\":\"https:\\\/\\\/primacover.com\\\/wp-content\\\/uploads\\\/2022\\\/04\\\/Defend_P0NZ_s01.jpg\",\"contentUrl\":\"https:\\\/\\\/primacover.com\\\/wp-content\\\/uploads\\\/2022\\\/04\\\/Defend_P0NZ_s01.jpg\",\"width\":600,\"height\":600},{\"@type\":\"BreadcrumbList\",\"@id\":\"https:\\\/\\\/primacover.com\\\/pl\\\/product\\\/primacover-defend\\\/#breadcrumb\",\"itemListElement\":[{\"@type\":\"ListItem\",\"position\":1,\"name\":\"Home\",\"item\":\"https:\\\/\\\/primacover.com\\\/pl\\\/\"},{\"@type\":\"ListItem\",\"position\":2,\"name\":\"Produkty\",\"item\":\"https:\\\/\\\/primacover.com\\\/pl\\\/producten\\\/\"},{\"@type\":\"ListItem\",\"position\":3,\"name\":\"PrimaCover Defend\"}]},{\"@type\":\"WebSite\",\"@id\":\"https:\\\/\\\/primacover.com\\\/pl\\\/#website\",\"url\":\"https:\\\/\\\/primacover.com\\\/pl\\\/\",\"name\":\"PrimaCover\",\"description\":\"afdekvlies-afdekfolie-stofdeuren, coveringmaterials-dustdoors\",\"publisher\":{\"@id\":\"https:\\\/\\\/primacover.com\\\/pl\\\/#organization\"},\"potentialAction\":[{\"@type\":\"SearchAction\",\"target\":{\"@type\":\"EntryPoint\",\"urlTemplate\":\"https:\\\/\\\/primacover.com\\\/pl\\\/?s={search_term_string}\"},\"query-input\":{\"@type\":\"PropertyValueSpecification\",\"valueRequired\":true,\"valueName\":\"search_term_string\"}}],\"inLanguage\":\"pl-PL\"},{\"@type\":\"Organization\",\"@id\":\"https:\\\/\\\/primacover.com\\\/pl\\\/#organization\",\"name\":\"PrimaCover\",\"url\":\"https:\\\/\\\/primacover.com\\\/pl\\\/\",\"logo\":{\"@type\":\"ImageObject\",\"inLanguage\":\"pl-PL\",\"@id\":\"https:\\\/\\\/primacover.com\\\/pl\\\/#\\\/schema\\\/logo\\\/image\\\/\",\"url\":\"\",\"contentUrl\":\"\",\"caption\":\"PrimaCover\"},\"image\":{\"@id\":\"https:\\\/\\\/primacover.com\\\/pl\\\/#\\\/schema\\\/logo\\\/image\\\/\"},\"sameAs\":[\"https:\\\/\\\/www.facebook.com\\\/PrimaverdeBV\",\"https:\\\/\\\/nl.linkedin.com\\\/company\\\/primaverde\",\"https:\\\/\\\/www.youtube.com\\\/channel\\\/UC3DwQqj8f8tatLdSFA0aWwA\"]}]}<\/script>\n<meta property=\"product:brand\" content=\"PrimaCover\" \/>\n<meta property=\"product:price:currency\" content=\"EUR\" \/>\n<meta property=\"og:availability\" content=\"instock\" \/>\n<meta property=\"product:availability\" content=\"instock\" \/>\n<meta property=\"product:retailer_item_id\" content=\"PC900029\" \/>\n<meta property=\"product:condition\" content=\"new\" \/>\n<!-- \/ Yoast SEO Premium plugin. -->","yoast_head_json":{"title":"PrimaCover Defend Viltplaat","description":"Dikke, zwaar belastbare viltplaat voor maximale bescherming van uiteenlopende ondergronden. Voorkomt mechanische beschadigingen, veroorzaakt door puin, drukbelasting, rijdend materieel, etc. Door het grote formaat zijn ook grotere oppervlakken effici\u00ebnt te beschermen. Eenvoudig aan te passen met schaar of mes.","robots":{"index":"index","follow":"follow","max-snippet":"max-snippet:-1","max-image-preview":"max-image-preview:large","max-video-preview":"max-video-preview:-1"},"canonical":"https:\/\/primacover.com\/pl\/product\/primacover-defend\/","og_locale":"pl_PL","og_type":"article","og_title":"PrimaCover Defend","og_description":"Dikke, zwaar belastbare viltplaat voor maximale bescherming van uiteenlopende ondergronden. Voorkomt mechanische beschadigingen, veroorzaakt door puin, drukbelasting, rijdend materieel, etc. Door het grote formaat zijn ook grotere oppervlakken effici\u00ebnt te beschermen. Eenvoudig aan te passen met schaar of mes.","og_url":"https:\/\/primacover.com\/pl\/product\/primacover-defend\/","og_site_name":"PrimaCover","article_publisher":"https:\/\/www.facebook.com\/PrimaverdeBV","article_modified_time":"2026-04-03T09:51:05+00:00","og_image":[{"width":600,"height":600,"url":"https:\/\/primacover.com\/wp-content\/uploads\/2022\/04\/Defend_P0NZ_s01.jpg","type":"image\/jpeg"}],"twitter_card":"summary_large_image","twitter_misc":{"Cena":"","Dost\u0119pno\u015b\u0107":"Dost\u0119pny"},"schema":{"@context":"https:\/\/schema.org","@graph":[{"@type":"WebPage","@id":"https:\/\/primacover.com\/pl\/product\/primacover-defend\/","url":"https:\/\/primacover.com\/pl\/product\/primacover-defend\/","name":"PrimaCover Defend Viltplaat","isPartOf":{"@id":"https:\/\/primacover.com\/pl\/#website"},"primaryImageOfPage":{"@id":"https:\/\/primacover.com\/pl\/product\/primacover-defend\/#primaryimage"},"image":{"@id":"https:\/\/primacover.com\/pl\/product\/primacover-defend\/#primaryimage"},"thumbnailUrl":"https:\/\/primacover.com\/wp-content\/uploads\/2022\/04\/Defend_P0NZ_s01.jpg","datePublished":"2022-05-02T10:55:21+00:00","dateModified":"2026-04-03T09:51:05+00:00","description":"Dikke, zwaar belastbare viltplaat voor maximale bescherming van uiteenlopende ondergronden. Voorkomt mechanische beschadigingen, veroorzaakt door puin, drukbelasting, rijdend materieel, etc. Door het grote formaat zijn ook grotere oppervlakken effici\u00ebnt te beschermen. Eenvoudig aan te passen met schaar of mes.","breadcrumb":{"@id":"https:\/\/primacover.com\/pl\/product\/primacover-defend\/#breadcrumb"},"inLanguage":"pl-PL","potentialAction":[{"@type":"ReadAction","target":["https:\/\/primacover.com\/pl\/product\/primacover-defend\/"]}]},{"@type":"ImageObject","inLanguage":"pl-PL","@id":"https:\/\/primacover.com\/pl\/product\/primacover-defend\/#primaryimage","url":"https:\/\/primacover.com\/wp-content\/uploads\/2022\/04\/Defend_P0NZ_s01.jpg","contentUrl":"https:\/\/primacover.com\/wp-content\/uploads\/2022\/04\/Defend_P0NZ_s01.jpg","width":600,"height":600},{"@type":"BreadcrumbList","@id":"https:\/\/primacover.com\/pl\/product\/primacover-defend\/#breadcrumb","itemListElement":[{"@type":"ListItem","position":1,"name":"Home","item":"https:\/\/primacover.com\/pl\/"},{"@type":"ListItem","position":2,"name":"Produkty","item":"https:\/\/primacover.com\/pl\/producten\/"},{"@type":"ListItem","position":3,"name":"PrimaCover Defend"}]},{"@type":"WebSite","@id":"https:\/\/primacover.com\/pl\/#website","url":"https:\/\/primacover.com\/pl\/","name":"PrimaCover","description":"afdekvlies-afdekfolie-stofdeuren, coveringmaterials-dustdoors","publisher":{"@id":"https:\/\/primacover.com\/pl\/#organization"},"potentialAction":[{"@type":"SearchAction","target":{"@type":"EntryPoint","urlTemplate":"https:\/\/primacover.com\/pl\/?s={search_term_string}"},"query-input":{"@type":"PropertyValueSpecification","valueRequired":true,"valueName":"search_term_string"}}],"inLanguage":"pl-PL"},{"@type":"Organization","@id":"https:\/\/primacover.com\/pl\/#organization","name":"PrimaCover","url":"https:\/\/primacover.com\/pl\/","logo":{"@type":"ImageObject","inLanguage":"pl-PL","@id":"https:\/\/primacover.com\/pl\/#\/schema\/logo\/image\/","url":"","contentUrl":"","caption":"PrimaCover"},"image":{"@id":"https:\/\/primacover.com\/pl\/#\/schema\/logo\/image\/"},"sameAs":["https:\/\/www.facebook.com\/PrimaverdeBV","https:\/\/nl.linkedin.com\/company\/primaverde","https:\/\/www.youtube.com\/channel\/UC3DwQqj8f8tatLdSFA0aWwA"]}]},"product_brand":"PrimaCover","product_price_currency":"EUR","og_availability":"instock","product_availability":"instock","product_retailer_item_id":"PC900029","product_condition":"new"},"_links":{"self":[{"href":"https:\/\/primacover.com\/pl\/wp-json\/wp\/v2\/product\/135892","targetHints":{"allow":["GET"]}}],"collection":[{"href":"https:\/\/primacover.com\/pl\/wp-json\/wp\/v2\/product"}],"about":[{"href":"https:\/\/primacover.com\/pl\/wp-json\/wp\/v2\/types\/product"}],"wp:featuredmedia":[{"embeddable":true,"href":"https:\/\/primacover.com\/pl\/wp-json\/wp\/v2\/media\/135412"}],"wp:attachment":[{"href":"https:\/\/primacover.com\/pl\/wp-json\/wp\/v2\/media?parent=135892"}],"wp:term":[{"taxonomy":"product_brand","embeddable":true,"href":"https:\/\/primacover.com\/pl\/wp-json\/wp\/v2\/product_brand?post=135892"},{"taxonomy":"product_cat","embeddable":true,"href":"https:\/\/primacover.com\/pl\/wp-json\/wp\/v2\/product_cat?post=135892"},{"taxonomy":"product_tag","embeddable":true,"href":"https:\/\/primacover.com\/pl\/wp-json\/wp\/v2\/product_tag?post=135892"}],"curies":[{"name":"wp","href":"https:\/\/api.w.org\/{rel}","templated":true}]}}