{"id":135899,"date":"2022-05-02T12:55:24","date_gmt":"2022-05-02T10:55:24","guid":{"rendered":"https:\/\/primacover.com\/?post_type=product&#038;p=135899"},"modified":"2026-04-03T11:39:46","modified_gmt":"2026-04-03T09:39:46","slug":"primacover-dirt-keeper","status":"publish","type":"product","link":"https:\/\/primacover.com\/pl\/product\/primacover-dirt-keeper\/","title":{"rendered":"PrimaCover Dirt-Keeper"},"content":{"rendered":"<h2>Mata klej\u0105ca (du\u017ca i ma\u0142a)<\/h2>\n<p>PrimaCover Dirt-Keeper to samoprzylepna mata sk\u0142adaj\u0105ca si\u0119 z ramy wielokrotnego u\u017cytku, na kt\u00f3rej znajduje si\u0119 30 ponumerowanych warstw klej\u0105cych.<\/p>\n<p>Mo\u017cliwo\u015b\u0107 wielokrotnego u\u017cytku dzi\u0119ki zestawom uzupe\u0142niaj\u0105cym.<\/p>\n<p><strong>W\u0142a\u015bciwo\u015bci:<\/strong><\/p>\n<ul>\n<li>Numerowane warstwy zapewniaj\u0105ce efektywne u\u017cytkowanie<\/li>\n<li>Solidna rama wielokrotnego u\u017cytku z antypo\u015blizgowym spodem<\/li>\n<li>Mo\u017cliwo\u015b\u0107 naniesienia w\u0142asnego logo<\/li>\n<li>\u0141atwe do zabrania ze sob\u0105 do dowolnego miejsca projektu<\/li>\n<\/ul>\n<p><strong>Aplikacje:<\/strong><\/p>\n<ul>\n<li>Umieszcza\u0107 na wyschni\u0119tym pod\u0142o\u017cu<\/li>\n<li>Idealny do projekt\u00f3w renowacyjnych<\/li>\n<\/ul>\n<p><strong>Instrukcje:<\/strong><\/p>\n<ul>\n<li>Nale\u017cy sprawdzi\u0107 wcze\u015bniej, czy produkt nadaje si\u0119 do danego zastosowania.<\/li>\n<\/ul>\n","protected":false},"excerpt":{"rendered":"<h2>Mata klej\u0105ca (du\u017ca i ma\u0142a)<\/h2>\n","protected":false},"featured_media":135426,"menu_order":33,"template":"","meta":{"generate_page_header":""},"product_brand":[],"product_cat":[4121],"product_tag":[4101,4126],"class_list":{"0":"post-135899","1":"product","2":"type-product","3":"status-publish","4":"has-post-thumbnail","6":"product_cat-mata-klejaca","7":"product_tag-ace-dokladnie-wysuszone-nie-zawieraja-wilgoci","8":"product_tag-samoprzylepny","9":"pa_breedte-0-76-pl","10":"pa_breedte-1-15-pl","11":"pa_eenheid-m-pl-2","12":"pa_foliedikte-40-pl","13":"pa_frame-0-pl","14":"pa_frame-1-pl","15":"pa_lengte-0-61-pl","16":"pa_lengte-0-75-pl","17":"pa_matten30-30-1x30-pl","18":"pa_matten30-60-2x30-pl","19":"pa_merk-primacover-pl-2","20":"pa_objecttypen-kontrola-zapylenia","21":"pa_objecttypen-podloga","22":"pa_ondergrond-tworzywo-sztuczne","23":"pa_ondergrond-winyl","24":"","25":"woocommerce-text-align-center","26":"woocommerce-image-align-center","27":"do-quantity-buttons","29":"first","30":"instock","31":"shipping-taxable","32":"product-type-simple"},"yoast_head":"<!-- This site is optimized with the Yoast SEO Premium plugin v27.4 (Yoast SEO v27.4) - https:\/\/yoast.com\/product\/yoast-seo-premium-wordpress\/ -->\n<title>PrimaCover Dirt-Keeper<\/title>\n<meta name=\"robots\" content=\"index, follow, max-snippet:-1, max-image-preview:large, max-video-preview:-1\" \/>\n<link rel=\"canonical\" href=\"https:\/\/primacover.com\/pl\/product\/primacover-dirt-keeper\/\" \/>\n<meta property=\"og:locale\" content=\"pl_PL\" \/>\n<meta property=\"og:type\" content=\"article\" \/>\n<meta property=\"og:title\" content=\"PrimaCover Dirt-Keeper\" \/>\n<meta property=\"og:description\" content=\"Mata klej\u0105ca (du\u017ca i ma\u0142a)\" \/>\n<meta property=\"og:url\" content=\"https:\/\/primacover.com\/pl\/product\/primacover-dirt-keeper\/\" \/>\n<meta property=\"og:site_name\" content=\"PrimaCover\" \/>\n<meta property=\"article:publisher\" content=\"https:\/\/www.facebook.com\/PrimaverdeBV\" \/>\n<meta property=\"article:modified_time\" content=\"2026-04-03T09:39:46+00:00\" \/>\n<meta property=\"og:image\" content=\"https:\/\/primacover.com\/wp-content\/uploads\/2022\/04\/Dirt-Keeper_P0NZ_s01.jpg\" \/>\n\t<meta property=\"og:image:width\" content=\"600\" \/>\n\t<meta property=\"og:image:height\" content=\"600\" \/>\n\t<meta property=\"og:image:type\" content=\"image\/jpeg\" \/>\n<meta name=\"twitter:card\" content=\"summary_large_image\" \/>\n<meta name=\"twitter:label1\" content=\"Cena\" \/>\n\t<meta name=\"twitter:data1\" content=\"\" \/>\n\t<meta name=\"twitter:label2\" content=\"Dost\u0119pno\u015b\u0107\" \/>\n\t<meta name=\"twitter:data2\" content=\"Dost\u0119pny\" \/>\n<script type=\"application\/ld+json\" class=\"yoast-schema-graph\">{\"@context\":\"https:\\\/\\\/schema.org\",\"@graph\":[{\"@type\":\"WebPage\",\"@id\":\"https:\\\/\\\/primacover.com\\\/pl\\\/product\\\/primacover-dirt-keeper\\\/\",\"url\":\"https:\\\/\\\/primacover.com\\\/pl\\\/product\\\/primacover-dirt-keeper\\\/\",\"name\":\"PrimaCover Dirt-Keeper\",\"isPartOf\":{\"@id\":\"https:\\\/\\\/primacover.com\\\/pl\\\/#website\"},\"primaryImageOfPage\":{\"@id\":\"https:\\\/\\\/primacover.com\\\/pl\\\/product\\\/primacover-dirt-keeper\\\/#primaryimage\"},\"image\":{\"@id\":\"https:\\\/\\\/primacover.com\\\/pl\\\/product\\\/primacover-dirt-keeper\\\/#primaryimage\"},\"thumbnailUrl\":\"https:\\\/\\\/primacover.com\\\/wp-content\\\/uploads\\\/2022\\\/04\\\/Dirt-Keeper_P0NZ_s01.jpg\",\"datePublished\":\"2022-05-02T10:55:24+00:00\",\"dateModified\":\"2026-04-03T09:39:46+00:00\",\"breadcrumb\":{\"@id\":\"https:\\\/\\\/primacover.com\\\/pl\\\/product\\\/primacover-dirt-keeper\\\/#breadcrumb\"},\"inLanguage\":\"pl-PL\",\"potentialAction\":[{\"@type\":\"ReadAction\",\"target\":[\"https:\\\/\\\/primacover.com\\\/pl\\\/product\\\/primacover-dirt-keeper\\\/\"]}]},{\"@type\":\"ImageObject\",\"inLanguage\":\"pl-PL\",\"@id\":\"https:\\\/\\\/primacover.com\\\/pl\\\/product\\\/primacover-dirt-keeper\\\/#primaryimage\",\"url\":\"https:\\\/\\\/primacover.com\\\/wp-content\\\/uploads\\\/2022\\\/04\\\/Dirt-Keeper_P0NZ_s01.jpg\",\"contentUrl\":\"https:\\\/\\\/primacover.com\\\/wp-content\\\/uploads\\\/2022\\\/04\\\/Dirt-Keeper_P0NZ_s01.jpg\",\"width\":600,\"height\":600},{\"@type\":\"BreadcrumbList\",\"@id\":\"https:\\\/\\\/primacover.com\\\/pl\\\/product\\\/primacover-dirt-keeper\\\/#breadcrumb\",\"itemListElement\":[{\"@type\":\"ListItem\",\"position\":1,\"name\":\"Home\",\"item\":\"https:\\\/\\\/primacover.com\\\/pl\\\/\"},{\"@type\":\"ListItem\",\"position\":2,\"name\":\"Produkty\",\"item\":\"https:\\\/\\\/primacover.com\\\/pl\\\/producten\\\/\"},{\"@type\":\"ListItem\",\"position\":3,\"name\":\"PrimaCover Dirt-Keeper\"}]},{\"@type\":\"WebSite\",\"@id\":\"https:\\\/\\\/primacover.com\\\/pl\\\/#website\",\"url\":\"https:\\\/\\\/primacover.com\\\/pl\\\/\",\"name\":\"PrimaCover\",\"description\":\"afdekvlies-afdekfolie-stofdeuren, coveringmaterials-dustdoors\",\"publisher\":{\"@id\":\"https:\\\/\\\/primacover.com\\\/pl\\\/#organization\"},\"potentialAction\":[{\"@type\":\"SearchAction\",\"target\":{\"@type\":\"EntryPoint\",\"urlTemplate\":\"https:\\\/\\\/primacover.com\\\/pl\\\/?s={search_term_string}\"},\"query-input\":{\"@type\":\"PropertyValueSpecification\",\"valueRequired\":true,\"valueName\":\"search_term_string\"}}],\"inLanguage\":\"pl-PL\"},{\"@type\":\"Organization\",\"@id\":\"https:\\\/\\\/primacover.com\\\/pl\\\/#organization\",\"name\":\"PrimaCover\",\"url\":\"https:\\\/\\\/primacover.com\\\/pl\\\/\",\"logo\":{\"@type\":\"ImageObject\",\"inLanguage\":\"pl-PL\",\"@id\":\"https:\\\/\\\/primacover.com\\\/pl\\\/#\\\/schema\\\/logo\\\/image\\\/\",\"url\":\"\",\"contentUrl\":\"\",\"caption\":\"PrimaCover\"},\"image\":{\"@id\":\"https:\\\/\\\/primacover.com\\\/pl\\\/#\\\/schema\\\/logo\\\/image\\\/\"},\"sameAs\":[\"https:\\\/\\\/www.facebook.com\\\/PrimaverdeBV\",\"https:\\\/\\\/nl.linkedin.com\\\/company\\\/primaverde\",\"https:\\\/\\\/www.youtube.com\\\/channel\\\/UC3DwQqj8f8tatLdSFA0aWwA\"]}]}<\/script>\n<meta property=\"product:brand\" content=\"PrimaCover\" \/>\n<meta property=\"product:price:currency\" content=\"EUR\" \/>\n<meta property=\"og:availability\" content=\"instock\" \/>\n<meta property=\"product:availability\" content=\"instock\" \/>\n<meta property=\"product:retailer_item_id\" content=\"PC900362\" \/>\n<meta property=\"product:condition\" content=\"new\" \/>\n<!-- \/ Yoast SEO Premium plugin. -->","yoast_head_json":{"title":"PrimaCover Dirt-Keeper","robots":{"index":"index","follow":"follow","max-snippet":"max-snippet:-1","max-image-preview":"max-image-preview:large","max-video-preview":"max-video-preview:-1"},"canonical":"https:\/\/primacover.com\/pl\/product\/primacover-dirt-keeper\/","og_locale":"pl_PL","og_type":"article","og_title":"PrimaCover Dirt-Keeper","og_description":"Mata klej\u0105ca (du\u017ca i ma\u0142a)","og_url":"https:\/\/primacover.com\/pl\/product\/primacover-dirt-keeper\/","og_site_name":"PrimaCover","article_publisher":"https:\/\/www.facebook.com\/PrimaverdeBV","article_modified_time":"2026-04-03T09:39:46+00:00","og_image":[{"width":600,"height":600,"url":"https:\/\/primacover.com\/wp-content\/uploads\/2022\/04\/Dirt-Keeper_P0NZ_s01.jpg","type":"image\/jpeg"}],"twitter_card":"summary_large_image","twitter_misc":{"Cena":"","Dost\u0119pno\u015b\u0107":"Dost\u0119pny"},"schema":{"@context":"https:\/\/schema.org","@graph":[{"@type":"WebPage","@id":"https:\/\/primacover.com\/pl\/product\/primacover-dirt-keeper\/","url":"https:\/\/primacover.com\/pl\/product\/primacover-dirt-keeper\/","name":"PrimaCover Dirt-Keeper","isPartOf":{"@id":"https:\/\/primacover.com\/pl\/#website"},"primaryImageOfPage":{"@id":"https:\/\/primacover.com\/pl\/product\/primacover-dirt-keeper\/#primaryimage"},"image":{"@id":"https:\/\/primacover.com\/pl\/product\/primacover-dirt-keeper\/#primaryimage"},"thumbnailUrl":"https:\/\/primacover.com\/wp-content\/uploads\/2022\/04\/Dirt-Keeper_P0NZ_s01.jpg","datePublished":"2022-05-02T10:55:24+00:00","dateModified":"2026-04-03T09:39:46+00:00","breadcrumb":{"@id":"https:\/\/primacover.com\/pl\/product\/primacover-dirt-keeper\/#breadcrumb"},"inLanguage":"pl-PL","potentialAction":[{"@type":"ReadAction","target":["https:\/\/primacover.com\/pl\/product\/primacover-dirt-keeper\/"]}]},{"@type":"ImageObject","inLanguage":"pl-PL","@id":"https:\/\/primacover.com\/pl\/product\/primacover-dirt-keeper\/#primaryimage","url":"https:\/\/primacover.com\/wp-content\/uploads\/2022\/04\/Dirt-Keeper_P0NZ_s01.jpg","contentUrl":"https:\/\/primacover.com\/wp-content\/uploads\/2022\/04\/Dirt-Keeper_P0NZ_s01.jpg","width":600,"height":600},{"@type":"BreadcrumbList","@id":"https:\/\/primacover.com\/pl\/product\/primacover-dirt-keeper\/#breadcrumb","itemListElement":[{"@type":"ListItem","position":1,"name":"Home","item":"https:\/\/primacover.com\/pl\/"},{"@type":"ListItem","position":2,"name":"Produkty","item":"https:\/\/primacover.com\/pl\/producten\/"},{"@type":"ListItem","position":3,"name":"PrimaCover Dirt-Keeper"}]},{"@type":"WebSite","@id":"https:\/\/primacover.com\/pl\/#website","url":"https:\/\/primacover.com\/pl\/","name":"PrimaCover","description":"afdekvlies-afdekfolie-stofdeuren, coveringmaterials-dustdoors","publisher":{"@id":"https:\/\/primacover.com\/pl\/#organization"},"potentialAction":[{"@type":"SearchAction","target":{"@type":"EntryPoint","urlTemplate":"https:\/\/primacover.com\/pl\/?s={search_term_string}"},"query-input":{"@type":"PropertyValueSpecification","valueRequired":true,"valueName":"search_term_string"}}],"inLanguage":"pl-PL"},{"@type":"Organization","@id":"https:\/\/primacover.com\/pl\/#organization","name":"PrimaCover","url":"https:\/\/primacover.com\/pl\/","logo":{"@type":"ImageObject","inLanguage":"pl-PL","@id":"https:\/\/primacover.com\/pl\/#\/schema\/logo\/image\/","url":"","contentUrl":"","caption":"PrimaCover"},"image":{"@id":"https:\/\/primacover.com\/pl\/#\/schema\/logo\/image\/"},"sameAs":["https:\/\/www.facebook.com\/PrimaverdeBV","https:\/\/nl.linkedin.com\/company\/primaverde","https:\/\/www.youtube.com\/channel\/UC3DwQqj8f8tatLdSFA0aWwA"]}]},"product_brand":"PrimaCover","product_price_currency":"EUR","og_availability":"instock","product_availability":"instock","product_retailer_item_id":"PC900362","product_condition":"new"},"_links":{"self":[{"href":"https:\/\/primacover.com\/pl\/wp-json\/wp\/v2\/product\/135899","targetHints":{"allow":["GET"]}}],"collection":[{"href":"https:\/\/primacover.com\/pl\/wp-json\/wp\/v2\/product"}],"about":[{"href":"https:\/\/primacover.com\/pl\/wp-json\/wp\/v2\/types\/product"}],"wp:featuredmedia":[{"embeddable":true,"href":"https:\/\/primacover.com\/pl\/wp-json\/wp\/v2\/media\/135426"}],"wp:attachment":[{"href":"https:\/\/primacover.com\/pl\/wp-json\/wp\/v2\/media?parent=135899"}],"wp:term":[{"taxonomy":"product_brand","embeddable":true,"href":"https:\/\/primacover.com\/pl\/wp-json\/wp\/v2\/product_brand?post=135899"},{"taxonomy":"product_cat","embeddable":true,"href":"https:\/\/primacover.com\/pl\/wp-json\/wp\/v2\/product_cat?post=135899"},{"taxonomy":"product_tag","embeddable":true,"href":"https:\/\/primacover.com\/pl\/wp-json\/wp\/v2\/product_tag?post=135899"}],"curies":[{"name":"wp","href":"https:\/\/api.w.org\/{rel}","templated":true}]}}