{"id":135901,"date":"2022-05-02T12:55:30","date_gmt":"2022-05-02T10:55:30","guid":{"rendered":"https:\/\/primacover.com\/?post_type=product&#038;p=135901"},"modified":"2026-04-03T11:37:51","modified_gmt":"2026-04-03T09:37:51","slug":"primacover-zipper-door-u","status":"publish","type":"product","link":"https:\/\/primacover.com\/pl\/product\/primacover-zipper-door-u\/","title":{"rendered":"PrimaCover Zipper Door U"},"content":{"rendered":"<h2><\/h2>\n<\/p>\n<p><strong>W\u0142a\u015bciwo\u015bci:<\/strong><\/p>\n<p><strong>Aplikacje:<\/strong><\/p>\n<p><strong>Instrukcje:<\/strong><\/p>\n","protected":false},"excerpt":{"rendered":"<h2>Drzwi przeciwpy\u0142owe z zamkiem b\u0142yskawicznym w kszta\u0142cie litery \u201eU\u201d<\/h2>\n","protected":false},"featured_media":139023,"menu_order":35,"template":"","meta":{"generate_page_header":""},"product_brand":[],"product_cat":[4120],"product_tag":[],"class_list":{"0":"post-135901","1":"product","2":"type-product","3":"status-publish","4":"has-post-thumbnail","6":"product_cat-drzwi-przeciwpylowe","7":"pa_breedte-0-172-pl","8":"pa_eenheid-m-pl-2","9":"pa_foliedikte-150-pl","10":"pa_frame-0-pl","11":"pa_lengte-2-5-pl","12":"pa_matten30-0-0x30-pl-2","13":"pa_merk-primacover-pl-2","14":"pa_objecttypen-drzwi","15":"pa_objecttypen-kontrola-zapylenia","16":"pa_ondergrond-tworzywo-sztuczne","17":"","18":"woocommerce-text-align-center","19":"woocommerce-image-align-center","20":"do-quantity-buttons","22":"first","23":"instock","24":"shipping-taxable","25":"product-type-simple"},"yoast_head":"<!-- This site is optimized with the Yoast SEO Premium plugin v26.7 (Yoast SEO v27.3) - https:\/\/yoast.com\/product\/yoast-seo-premium-wordpress\/ -->\n<title>PrimaCover Zipper Door U<\/title>\n<meta name=\"robots\" content=\"index, follow, max-snippet:-1, max-image-preview:large, max-video-preview:-1\" \/>\n<link rel=\"canonical\" href=\"https:\/\/primacover.com\/pl\/product\/primacover-zipper-door-u\/\" \/>\n<meta property=\"og:locale\" content=\"pl_PL\" \/>\n<meta property=\"og:type\" content=\"article\" \/>\n<meta property=\"og:title\" content=\"PrimaCover Zipper Door U\" \/>\n<meta property=\"og:description\" content=\"Drzwi przeciwpy\u0142owe z zamkiem b\u0142yskawicznym w kszta\u0142cie litery \u201eU\u201d\" \/>\n<meta property=\"og:url\" content=\"https:\/\/primacover.com\/pl\/product\/primacover-zipper-door-u\/\" \/>\n<meta property=\"og:site_name\" content=\"PrimaCover\" \/>\n<meta property=\"article:publisher\" content=\"https:\/\/www.facebook.com\/PrimaverdeBV\" \/>\n<meta property=\"article:modified_time\" content=\"2026-04-03T09:37:51+00:00\" \/>\n<meta property=\"og:image\" content=\"https:\/\/primacover.com\/wp-content\/uploads\/2022\/05\/Zipper-Door-U_P0NZ_s01-1024x1024.png\" \/>\n\t<meta property=\"og:image:width\" content=\"1024\" \/>\n\t<meta property=\"og:image:height\" content=\"1024\" \/>\n\t<meta property=\"og:image:type\" content=\"image\/png\" \/>\n<meta name=\"twitter:card\" content=\"summary_large_image\" \/>\n<meta name=\"twitter:label1\" content=\"Cena\" \/>\n\t<meta name=\"twitter:data1\" content=\"\" \/>\n\t<meta name=\"twitter:label2\" content=\"Dost\u0119pno\u015b\u0107\" \/>\n\t<meta name=\"twitter:data2\" content=\"Dost\u0119pny\" \/>\n<script type=\"application\/ld+json\" class=\"yoast-schema-graph\">{\"@context\":\"https:\\\/\\\/schema.org\",\"@graph\":[{\"@type\":\"WebPage\",\"@id\":\"https:\\\/\\\/primacover.com\\\/pl\\\/product\\\/primacover-zipper-door-u\\\/\",\"url\":\"https:\\\/\\\/primacover.com\\\/pl\\\/product\\\/primacover-zipper-door-u\\\/\",\"name\":\"PrimaCover Zipper Door U\",\"isPartOf\":{\"@id\":\"https:\\\/\\\/primacover.com\\\/pl\\\/#website\"},\"primaryImageOfPage\":{\"@id\":\"https:\\\/\\\/primacover.com\\\/pl\\\/product\\\/primacover-zipper-door-u\\\/#primaryimage\"},\"image\":{\"@id\":\"https:\\\/\\\/primacover.com\\\/pl\\\/product\\\/primacover-zipper-door-u\\\/#primaryimage\"},\"thumbnailUrl\":\"https:\\\/\\\/primacover.com\\\/wp-content\\\/uploads\\\/2022\\\/05\\\/Zipper-Door-U_P0NZ_s01.png\",\"datePublished\":\"2022-05-02T10:55:30+00:00\",\"dateModified\":\"2026-04-03T09:37:51+00:00\",\"breadcrumb\":{\"@id\":\"https:\\\/\\\/primacover.com\\\/pl\\\/product\\\/primacover-zipper-door-u\\\/#breadcrumb\"},\"inLanguage\":\"pl-PL\",\"potentialAction\":[{\"@type\":\"ReadAction\",\"target\":[\"https:\\\/\\\/primacover.com\\\/pl\\\/product\\\/primacover-zipper-door-u\\\/\"]}]},{\"@type\":\"ImageObject\",\"inLanguage\":\"pl-PL\",\"@id\":\"https:\\\/\\\/primacover.com\\\/pl\\\/product\\\/primacover-zipper-door-u\\\/#primaryimage\",\"url\":\"https:\\\/\\\/primacover.com\\\/wp-content\\\/uploads\\\/2022\\\/05\\\/Zipper-Door-U_P0NZ_s01.png\",\"contentUrl\":\"https:\\\/\\\/primacover.com\\\/wp-content\\\/uploads\\\/2022\\\/05\\\/Zipper-Door-U_P0NZ_s01.png\",\"width\":4800,\"height\":4800},{\"@type\":\"BreadcrumbList\",\"@id\":\"https:\\\/\\\/primacover.com\\\/pl\\\/product\\\/primacover-zipper-door-u\\\/#breadcrumb\",\"itemListElement\":[{\"@type\":\"ListItem\",\"position\":1,\"name\":\"Home\",\"item\":\"https:\\\/\\\/primacover.com\\\/pl\\\/\"},{\"@type\":\"ListItem\",\"position\":2,\"name\":\"Produkty\",\"item\":\"https:\\\/\\\/primacover.com\\\/pl\\\/producten\\\/\"},{\"@type\":\"ListItem\",\"position\":3,\"name\":\"PrimaCover Zipper Door U\"}]},{\"@type\":\"WebSite\",\"@id\":\"https:\\\/\\\/primacover.com\\\/pl\\\/#website\",\"url\":\"https:\\\/\\\/primacover.com\\\/pl\\\/\",\"name\":\"PrimaCover\",\"description\":\"afdekvlies-afdekfolie-stofdeuren, coveringmaterials-dustdoors\",\"publisher\":{\"@id\":\"https:\\\/\\\/primacover.com\\\/pl\\\/#organization\"},\"potentialAction\":[{\"@type\":\"SearchAction\",\"target\":{\"@type\":\"EntryPoint\",\"urlTemplate\":\"https:\\\/\\\/primacover.com\\\/pl\\\/?s={search_term_string}\"},\"query-input\":{\"@type\":\"PropertyValueSpecification\",\"valueRequired\":true,\"valueName\":\"search_term_string\"}}],\"inLanguage\":\"pl-PL\"},{\"@type\":\"Organization\",\"@id\":\"https:\\\/\\\/primacover.com\\\/pl\\\/#organization\",\"name\":\"PrimaCover\",\"url\":\"https:\\\/\\\/primacover.com\\\/pl\\\/\",\"logo\":{\"@type\":\"ImageObject\",\"inLanguage\":\"pl-PL\",\"@id\":\"https:\\\/\\\/primacover.com\\\/pl\\\/#\\\/schema\\\/logo\\\/image\\\/\",\"url\":\"\",\"contentUrl\":\"\",\"caption\":\"PrimaCover\"},\"image\":{\"@id\":\"https:\\\/\\\/primacover.com\\\/pl\\\/#\\\/schema\\\/logo\\\/image\\\/\"},\"sameAs\":[\"https:\\\/\\\/www.facebook.com\\\/PrimaverdeBV\",\"https:\\\/\\\/nl.linkedin.com\\\/company\\\/primaverde\",\"https:\\\/\\\/www.youtube.com\\\/channel\\\/UC3DwQqj8f8tatLdSFA0aWwA\"]}]}<\/script>\n<meta property=\"product:brand\" content=\"PrimaCover\" \/>\n<meta property=\"product:price:currency\" content=\"EUR\" \/>\n<meta property=\"og:availability\" content=\"instock\" \/>\n<meta property=\"product:availability\" content=\"instock\" \/>\n<meta property=\"product:retailer_item_id\" content=\"PC900512\" \/>\n<meta property=\"product:condition\" content=\"new\" \/>\n<!-- \/ Yoast SEO Premium plugin. -->","yoast_head_json":{"title":"PrimaCover Zipper Door U","robots":{"index":"index","follow":"follow","max-snippet":"max-snippet:-1","max-image-preview":"max-image-preview:large","max-video-preview":"max-video-preview:-1"},"canonical":"https:\/\/primacover.com\/pl\/product\/primacover-zipper-door-u\/","og_locale":"pl_PL","og_type":"article","og_title":"PrimaCover Zipper Door U","og_description":"Drzwi przeciwpy\u0142owe z zamkiem b\u0142yskawicznym w kszta\u0142cie litery \u201eU\u201d","og_url":"https:\/\/primacover.com\/pl\/product\/primacover-zipper-door-u\/","og_site_name":"PrimaCover","article_publisher":"https:\/\/www.facebook.com\/PrimaverdeBV","article_modified_time":"2026-04-03T09:37:51+00:00","og_image":[{"width":1024,"height":1024,"url":"https:\/\/primacover.com\/wp-content\/uploads\/2022\/05\/Zipper-Door-U_P0NZ_s01-1024x1024.png","type":"image\/png"}],"twitter_card":"summary_large_image","twitter_misc":{"Cena":"","Dost\u0119pno\u015b\u0107":"Dost\u0119pny"},"schema":{"@context":"https:\/\/schema.org","@graph":[{"@type":"WebPage","@id":"https:\/\/primacover.com\/pl\/product\/primacover-zipper-door-u\/","url":"https:\/\/primacover.com\/pl\/product\/primacover-zipper-door-u\/","name":"PrimaCover Zipper Door U","isPartOf":{"@id":"https:\/\/primacover.com\/pl\/#website"},"primaryImageOfPage":{"@id":"https:\/\/primacover.com\/pl\/product\/primacover-zipper-door-u\/#primaryimage"},"image":{"@id":"https:\/\/primacover.com\/pl\/product\/primacover-zipper-door-u\/#primaryimage"},"thumbnailUrl":"https:\/\/primacover.com\/wp-content\/uploads\/2022\/05\/Zipper-Door-U_P0NZ_s01.png","datePublished":"2022-05-02T10:55:30+00:00","dateModified":"2026-04-03T09:37:51+00:00","breadcrumb":{"@id":"https:\/\/primacover.com\/pl\/product\/primacover-zipper-door-u\/#breadcrumb"},"inLanguage":"pl-PL","potentialAction":[{"@type":"ReadAction","target":["https:\/\/primacover.com\/pl\/product\/primacover-zipper-door-u\/"]}]},{"@type":"ImageObject","inLanguage":"pl-PL","@id":"https:\/\/primacover.com\/pl\/product\/primacover-zipper-door-u\/#primaryimage","url":"https:\/\/primacover.com\/wp-content\/uploads\/2022\/05\/Zipper-Door-U_P0NZ_s01.png","contentUrl":"https:\/\/primacover.com\/wp-content\/uploads\/2022\/05\/Zipper-Door-U_P0NZ_s01.png","width":4800,"height":4800},{"@type":"BreadcrumbList","@id":"https:\/\/primacover.com\/pl\/product\/primacover-zipper-door-u\/#breadcrumb","itemListElement":[{"@type":"ListItem","position":1,"name":"Home","item":"https:\/\/primacover.com\/pl\/"},{"@type":"ListItem","position":2,"name":"Produkty","item":"https:\/\/primacover.com\/pl\/producten\/"},{"@type":"ListItem","position":3,"name":"PrimaCover Zipper Door U"}]},{"@type":"WebSite","@id":"https:\/\/primacover.com\/pl\/#website","url":"https:\/\/primacover.com\/pl\/","name":"PrimaCover","description":"afdekvlies-afdekfolie-stofdeuren, coveringmaterials-dustdoors","publisher":{"@id":"https:\/\/primacover.com\/pl\/#organization"},"potentialAction":[{"@type":"SearchAction","target":{"@type":"EntryPoint","urlTemplate":"https:\/\/primacover.com\/pl\/?s={search_term_string}"},"query-input":{"@type":"PropertyValueSpecification","valueRequired":true,"valueName":"search_term_string"}}],"inLanguage":"pl-PL"},{"@type":"Organization","@id":"https:\/\/primacover.com\/pl\/#organization","name":"PrimaCover","url":"https:\/\/primacover.com\/pl\/","logo":{"@type":"ImageObject","inLanguage":"pl-PL","@id":"https:\/\/primacover.com\/pl\/#\/schema\/logo\/image\/","url":"","contentUrl":"","caption":"PrimaCover"},"image":{"@id":"https:\/\/primacover.com\/pl\/#\/schema\/logo\/image\/"},"sameAs":["https:\/\/www.facebook.com\/PrimaverdeBV","https:\/\/nl.linkedin.com\/company\/primaverde","https:\/\/www.youtube.com\/channel\/UC3DwQqj8f8tatLdSFA0aWwA"]}]},"product_brand":"PrimaCover","product_price_currency":"EUR","og_availability":"instock","product_availability":"instock","product_retailer_item_id":"PC900512","product_condition":"new"},"_links":{"self":[{"href":"https:\/\/primacover.com\/pl\/wp-json\/wp\/v2\/product\/135901","targetHints":{"allow":["GET"]}}],"collection":[{"href":"https:\/\/primacover.com\/pl\/wp-json\/wp\/v2\/product"}],"about":[{"href":"https:\/\/primacover.com\/pl\/wp-json\/wp\/v2\/types\/product"}],"wp:featuredmedia":[{"embeddable":true,"href":"https:\/\/primacover.com\/pl\/wp-json\/wp\/v2\/media\/139023"}],"wp:attachment":[{"href":"https:\/\/primacover.com\/pl\/wp-json\/wp\/v2\/media?parent=135901"}],"wp:term":[{"taxonomy":"product_brand","embeddable":true,"href":"https:\/\/primacover.com\/pl\/wp-json\/wp\/v2\/product_brand?post=135901"},{"taxonomy":"product_cat","embeddable":true,"href":"https:\/\/primacover.com\/pl\/wp-json\/wp\/v2\/product_cat?post=135901"},{"taxonomy":"product_tag","embeddable":true,"href":"https:\/\/primacover.com\/pl\/wp-json\/wp\/v2\/product_tag?post=135901"}],"curies":[{"name":"wp","href":"https:\/\/api.w.org\/{rel}","templated":true}]}}