{"id":138639,"date":"2024-09-27T14:21:49","date_gmt":"2024-09-27T12:21:49","guid":{"rendered":"https:\/\/primacover.com\/product\/primacover-magnetic-door-a\/"},"modified":"2026-04-03T11:36:28","modified_gmt":"2026-04-03T09:36:28","slug":"primacover-magnetic-door-a","status":"publish","type":"product","link":"https:\/\/primacover.com\/pl\/product\/primacover-magnetic-door-a\/","title":{"rendered":"PrimaCover Magnetic Door A"},"content":{"rendered":"<h2>Drzwi przeciwpy\u0142owe z zamkni\u0119ciem magnetycznym<\/h2>\n<p>Zmie\u0144 ka\u017cde przej\u015bcie w mgnieniu oka dzi\u0119ki drzwiom przeciwpy\u0142owym PrimaCover Magnetic! Wyposa\u017cone w innowacyjne zamkni\u0119cie magnetyczne typu A, drzwi przeciwpy\u0142owe zapewniaj\u0105 \u0142atw\u0105 obs\u0142ug\u0119 bez u\u017cycia r\u0105k. PrimaCover Magnetic mo\u017cna \u0142atwo zamontowa\u0107 za pomoc\u0105 ta\u015bmy na r\u00f3\u017cnych powierzchniach. Idealne rozwi\u0105zanie dla ka\u017cdego placu budowy, gdzie liczy si\u0119 wydajno\u015b\u0107 i wygoda.<\/p>\n<p><strong>W\u0142a\u015bciwo\u015bci:<\/strong><\/p>\n<ul>\n<li>Chroni otwory drzwiowe i \u015bcienne o wymiarach do 1,20 x 2,40 m przed brudem i kurzem.<\/li>\n<li>\u0141atwa obs\u0142uga: nawet z pe\u0142nymi r\u0119kami mo\u017cna bez problemu otwiera\u0107 i zamyka\u0107 drzwi.<\/li>\n<li>Wielokrotnego u\u017cytku: zamkni\u0119cia magnetyczne dzia\u0142aj\u0105 doskonale nawet po wielokrotnym u\u017cyciu.<\/li>\n<\/ul>\n<p><strong>Aplikacje:<\/strong><\/p>\n<ul>\n<li>Mo\u017cna nak\u0142ada\u0107 na r\u00f3\u017cne pod\u0142o\u017ca.<\/li>\n<li>Do intensywnego u\u017cytkowania i d\u0142u\u017cszego stosowania.<\/li>\n<\/ul>\n<p><strong>Instrukcje:<\/strong><\/p>\n<ul>\n<li>Przyklei\u0107 ta\u015bm\u0119 dwustronn\u0105 (nie do\u0142\u0105czon\u0105 do zestawu) do wybranej powierzchni.<\/li>\n<li>Wcze\u015bniej sprawd\u017a, czy ta\u015bma jest odpowiednia!<\/li>\n<\/ul>\n","protected":false},"excerpt":{"rendered":"<p>Drzwi przeciwpy\u0142owe z zamkni\u0119ciem magnetycznym Zmie\u0144 ka\u017cde przej\u015bcie w mgnieniu oka dzi\u0119ki drzwiom przeciwpy\u0142owym PrimaCover Magnetic! Wyposa\u017cone w innowacyjne zamkni\u0119cie<\/p>\n","protected":false},"featured_media":138287,"menu_order":3,"template":"","meta":{"generate_page_header":""},"product_brand":[],"product_cat":[4120],"product_tag":[],"class_list":{"0":"post-138639","1":"product","2":"type-product","3":"status-publish","4":"has-post-thumbnail","6":"product_cat-drzwi-przeciwpylowe","7":"","8":"woocommerce-text-align-center","9":"woocommerce-image-align-center","10":"do-quantity-buttons","12":"first","13":"instock","14":"shipping-taxable","15":"product-type-simple"},"yoast_head":"<!-- This site is optimized with the Yoast SEO Premium plugin v26.7 (Yoast SEO v27.3) - https:\/\/yoast.com\/product\/yoast-seo-premium-wordpress\/ -->\n<title>PrimaCover Magnetic Door A<\/title>\n<meta name=\"robots\" content=\"index, follow, max-snippet:-1, max-image-preview:large, max-video-preview:-1\" \/>\n<link rel=\"canonical\" href=\"https:\/\/primacover.com\/pl\/product\/primacover-magnetic-door-a\/\" \/>\n<meta property=\"og:locale\" content=\"pl_PL\" \/>\n<meta property=\"og:type\" content=\"article\" \/>\n<meta property=\"og:title\" content=\"PrimaCover Magnetic Door A\" \/>\n<meta property=\"og:description\" content=\"Drzwi przeciwpy\u0142owe z zamkni\u0119ciem magnetycznym Zmie\u0144 ka\u017cde przej\u015bcie w mgnieniu oka dzi\u0119ki drzwiom przeciwpy\u0142owym PrimaCover Magnetic! Wyposa\u017cone w innowacyjne zamkni\u0119cie\" \/>\n<meta property=\"og:url\" content=\"https:\/\/primacover.com\/pl\/product\/primacover-magnetic-door-a\/\" \/>\n<meta property=\"og:site_name\" content=\"PrimaCover\" \/>\n<meta property=\"article:publisher\" content=\"https:\/\/www.facebook.com\/PrimaverdeBV\" \/>\n<meta property=\"article:modified_time\" content=\"2026-04-03T09:36:28+00:00\" \/>\n<meta property=\"og:image\" content=\"https:\/\/primacover.com\/wp-content\/uploads\/2024\/09\/Praktijkfoto-Magnetic-Door-1024x1024.png\" \/>\n\t<meta property=\"og:image:width\" content=\"1024\" \/>\n\t<meta property=\"og:image:height\" content=\"1024\" \/>\n\t<meta property=\"og:image:type\" content=\"image\/png\" \/>\n<meta name=\"twitter:card\" content=\"summary_large_image\" \/>\n<meta name=\"twitter:label1\" content=\"Cena\" \/>\n\t<meta name=\"twitter:data1\" content=\"\" \/>\n\t<meta name=\"twitter:label2\" content=\"Dost\u0119pno\u015b\u0107\" \/>\n\t<meta name=\"twitter:data2\" content=\"Dost\u0119pny\" \/>\n<script type=\"application\/ld+json\" class=\"yoast-schema-graph\">{\"@context\":\"https:\\\/\\\/schema.org\",\"@graph\":[{\"@type\":\"WebPage\",\"@id\":\"https:\\\/\\\/primacover.com\\\/pl\\\/product\\\/primacover-magnetic-door-a\\\/\",\"url\":\"https:\\\/\\\/primacover.com\\\/pl\\\/product\\\/primacover-magnetic-door-a\\\/\",\"name\":\"PrimaCover Magnetic Door A\",\"isPartOf\":{\"@id\":\"https:\\\/\\\/primacover.com\\\/pl\\\/#website\"},\"primaryImageOfPage\":{\"@id\":\"https:\\\/\\\/primacover.com\\\/pl\\\/product\\\/primacover-magnetic-door-a\\\/#primaryimage\"},\"image\":{\"@id\":\"https:\\\/\\\/primacover.com\\\/pl\\\/product\\\/primacover-magnetic-door-a\\\/#primaryimage\"},\"thumbnailUrl\":\"https:\\\/\\\/primacover.com\\\/wp-content\\\/uploads\\\/2024\\\/09\\\/Praktijkfoto-Magnetic-Door.png\",\"datePublished\":\"2024-09-27T12:21:49+00:00\",\"dateModified\":\"2026-04-03T09:36:28+00:00\",\"breadcrumb\":{\"@id\":\"https:\\\/\\\/primacover.com\\\/pl\\\/product\\\/primacover-magnetic-door-a\\\/#breadcrumb\"},\"inLanguage\":\"pl-PL\",\"potentialAction\":[{\"@type\":\"ReadAction\",\"target\":[\"https:\\\/\\\/primacover.com\\\/pl\\\/product\\\/primacover-magnetic-door-a\\\/\"]}]},{\"@type\":\"ImageObject\",\"inLanguage\":\"pl-PL\",\"@id\":\"https:\\\/\\\/primacover.com\\\/pl\\\/product\\\/primacover-magnetic-door-a\\\/#primaryimage\",\"url\":\"https:\\\/\\\/primacover.com\\\/wp-content\\\/uploads\\\/2024\\\/09\\\/Praktijkfoto-Magnetic-Door.png\",\"contentUrl\":\"https:\\\/\\\/primacover.com\\\/wp-content\\\/uploads\\\/2024\\\/09\\\/Praktijkfoto-Magnetic-Door.png\",\"width\":4800,\"height\":4800},{\"@type\":\"BreadcrumbList\",\"@id\":\"https:\\\/\\\/primacover.com\\\/pl\\\/product\\\/primacover-magnetic-door-a\\\/#breadcrumb\",\"itemListElement\":[{\"@type\":\"ListItem\",\"position\":1,\"name\":\"Home\",\"item\":\"https:\\\/\\\/primacover.com\\\/pl\\\/\"},{\"@type\":\"ListItem\",\"position\":2,\"name\":\"Produkty\",\"item\":\"https:\\\/\\\/primacover.com\\\/pl\\\/producten\\\/\"},{\"@type\":\"ListItem\",\"position\":3,\"name\":\"PrimaCover Magnetic Door A\"}]},{\"@type\":\"WebSite\",\"@id\":\"https:\\\/\\\/primacover.com\\\/pl\\\/#website\",\"url\":\"https:\\\/\\\/primacover.com\\\/pl\\\/\",\"name\":\"PrimaCover\",\"description\":\"afdekvlies-afdekfolie-stofdeuren, coveringmaterials-dustdoors\",\"publisher\":{\"@id\":\"https:\\\/\\\/primacover.com\\\/pl\\\/#organization\"},\"potentialAction\":[{\"@type\":\"SearchAction\",\"target\":{\"@type\":\"EntryPoint\",\"urlTemplate\":\"https:\\\/\\\/primacover.com\\\/pl\\\/?s={search_term_string}\"},\"query-input\":{\"@type\":\"PropertyValueSpecification\",\"valueRequired\":true,\"valueName\":\"search_term_string\"}}],\"inLanguage\":\"pl-PL\"},{\"@type\":\"Organization\",\"@id\":\"https:\\\/\\\/primacover.com\\\/pl\\\/#organization\",\"name\":\"PrimaCover\",\"url\":\"https:\\\/\\\/primacover.com\\\/pl\\\/\",\"logo\":{\"@type\":\"ImageObject\",\"inLanguage\":\"pl-PL\",\"@id\":\"https:\\\/\\\/primacover.com\\\/pl\\\/#\\\/schema\\\/logo\\\/image\\\/\",\"url\":\"\",\"contentUrl\":\"\",\"caption\":\"PrimaCover\"},\"image\":{\"@id\":\"https:\\\/\\\/primacover.com\\\/pl\\\/#\\\/schema\\\/logo\\\/image\\\/\"},\"sameAs\":[\"https:\\\/\\\/www.facebook.com\\\/PrimaverdeBV\",\"https:\\\/\\\/nl.linkedin.com\\\/company\\\/primaverde\",\"https:\\\/\\\/www.youtube.com\\\/channel\\\/UC3DwQqj8f8tatLdSFA0aWwA\"]}]}<\/script>\n<meta property=\"product:price:currency\" content=\"EUR\" \/>\n<meta property=\"og:availability\" content=\"instock\" \/>\n<meta property=\"product:availability\" content=\"instock\" \/>\n<meta property=\"product:condition\" content=\"new\" \/>\n<!-- \/ Yoast SEO Premium plugin. -->","yoast_head_json":{"title":"PrimaCover Magnetic Door A","robots":{"index":"index","follow":"follow","max-snippet":"max-snippet:-1","max-image-preview":"max-image-preview:large","max-video-preview":"max-video-preview:-1"},"canonical":"https:\/\/primacover.com\/pl\/product\/primacover-magnetic-door-a\/","og_locale":"pl_PL","og_type":"article","og_title":"PrimaCover Magnetic Door A","og_description":"Drzwi przeciwpy\u0142owe z zamkni\u0119ciem magnetycznym Zmie\u0144 ka\u017cde przej\u015bcie w mgnieniu oka dzi\u0119ki drzwiom przeciwpy\u0142owym PrimaCover Magnetic! Wyposa\u017cone w innowacyjne zamkni\u0119cie","og_url":"https:\/\/primacover.com\/pl\/product\/primacover-magnetic-door-a\/","og_site_name":"PrimaCover","article_publisher":"https:\/\/www.facebook.com\/PrimaverdeBV","article_modified_time":"2026-04-03T09:36:28+00:00","og_image":[{"width":1024,"height":1024,"url":"https:\/\/primacover.com\/wp-content\/uploads\/2024\/09\/Praktijkfoto-Magnetic-Door-1024x1024.png","type":"image\/png"}],"twitter_card":"summary_large_image","twitter_misc":{"Cena":"","Dost\u0119pno\u015b\u0107":"Dost\u0119pny"},"schema":{"@context":"https:\/\/schema.org","@graph":[{"@type":"WebPage","@id":"https:\/\/primacover.com\/pl\/product\/primacover-magnetic-door-a\/","url":"https:\/\/primacover.com\/pl\/product\/primacover-magnetic-door-a\/","name":"PrimaCover Magnetic Door A","isPartOf":{"@id":"https:\/\/primacover.com\/pl\/#website"},"primaryImageOfPage":{"@id":"https:\/\/primacover.com\/pl\/product\/primacover-magnetic-door-a\/#primaryimage"},"image":{"@id":"https:\/\/primacover.com\/pl\/product\/primacover-magnetic-door-a\/#primaryimage"},"thumbnailUrl":"https:\/\/primacover.com\/wp-content\/uploads\/2024\/09\/Praktijkfoto-Magnetic-Door.png","datePublished":"2024-09-27T12:21:49+00:00","dateModified":"2026-04-03T09:36:28+00:00","breadcrumb":{"@id":"https:\/\/primacover.com\/pl\/product\/primacover-magnetic-door-a\/#breadcrumb"},"inLanguage":"pl-PL","potentialAction":[{"@type":"ReadAction","target":["https:\/\/primacover.com\/pl\/product\/primacover-magnetic-door-a\/"]}]},{"@type":"ImageObject","inLanguage":"pl-PL","@id":"https:\/\/primacover.com\/pl\/product\/primacover-magnetic-door-a\/#primaryimage","url":"https:\/\/primacover.com\/wp-content\/uploads\/2024\/09\/Praktijkfoto-Magnetic-Door.png","contentUrl":"https:\/\/primacover.com\/wp-content\/uploads\/2024\/09\/Praktijkfoto-Magnetic-Door.png","width":4800,"height":4800},{"@type":"BreadcrumbList","@id":"https:\/\/primacover.com\/pl\/product\/primacover-magnetic-door-a\/#breadcrumb","itemListElement":[{"@type":"ListItem","position":1,"name":"Home","item":"https:\/\/primacover.com\/pl\/"},{"@type":"ListItem","position":2,"name":"Produkty","item":"https:\/\/primacover.com\/pl\/producten\/"},{"@type":"ListItem","position":3,"name":"PrimaCover Magnetic Door A"}]},{"@type":"WebSite","@id":"https:\/\/primacover.com\/pl\/#website","url":"https:\/\/primacover.com\/pl\/","name":"PrimaCover","description":"afdekvlies-afdekfolie-stofdeuren, coveringmaterials-dustdoors","publisher":{"@id":"https:\/\/primacover.com\/pl\/#organization"},"potentialAction":[{"@type":"SearchAction","target":{"@type":"EntryPoint","urlTemplate":"https:\/\/primacover.com\/pl\/?s={search_term_string}"},"query-input":{"@type":"PropertyValueSpecification","valueRequired":true,"valueName":"search_term_string"}}],"inLanguage":"pl-PL"},{"@type":"Organization","@id":"https:\/\/primacover.com\/pl\/#organization","name":"PrimaCover","url":"https:\/\/primacover.com\/pl\/","logo":{"@type":"ImageObject","inLanguage":"pl-PL","@id":"https:\/\/primacover.com\/pl\/#\/schema\/logo\/image\/","url":"","contentUrl":"","caption":"PrimaCover"},"image":{"@id":"https:\/\/primacover.com\/pl\/#\/schema\/logo\/image\/"},"sameAs":["https:\/\/www.facebook.com\/PrimaverdeBV","https:\/\/nl.linkedin.com\/company\/primaverde","https:\/\/www.youtube.com\/channel\/UC3DwQqj8f8tatLdSFA0aWwA"]}]},"product_price_currency":"EUR","og_availability":"instock","product_availability":"instock","product_condition":"new"},"_links":{"self":[{"href":"https:\/\/primacover.com\/pl\/wp-json\/wp\/v2\/product\/138639","targetHints":{"allow":["GET"]}}],"collection":[{"href":"https:\/\/primacover.com\/pl\/wp-json\/wp\/v2\/product"}],"about":[{"href":"https:\/\/primacover.com\/pl\/wp-json\/wp\/v2\/types\/product"}],"wp:featuredmedia":[{"embeddable":true,"href":"https:\/\/primacover.com\/pl\/wp-json\/wp\/v2\/media\/138287"}],"wp:attachment":[{"href":"https:\/\/primacover.com\/pl\/wp-json\/wp\/v2\/media?parent=138639"}],"wp:term":[{"taxonomy":"product_brand","embeddable":true,"href":"https:\/\/primacover.com\/pl\/wp-json\/wp\/v2\/product_brand?post=138639"},{"taxonomy":"product_cat","embeddable":true,"href":"https:\/\/primacover.com\/pl\/wp-json\/wp\/v2\/product_cat?post=138639"},{"taxonomy":"product_tag","embeddable":true,"href":"https:\/\/primacover.com\/pl\/wp-json\/wp\/v2\/product_tag?post=138639"}],"curies":[{"name":"wp","href":"https:\/\/api.w.org\/{rel}","templated":true}]}}