{"id":139565,"date":"2025-04-23T08:45:26","date_gmt":"2025-04-23T06:45:26","guid":{"rendered":"https:\/\/primacover.com\/?post_type=product&#038;p=139565"},"modified":"2026-04-03T11:50:37","modified_gmt":"2026-04-03T09:50:37","slug":"primacover-airtape","status":"publish","type":"product","link":"https:\/\/primacover.com\/pl\/product\/primacover-airtape\/","title":{"rendered":"PrimaCover Airtape"},"content":{"rendered":"<h2>Ta\u015bma oddychaj\u0105ca do \u0142\u0105czenia materia\u0142 ochronna<\/h2>\n<p>Ta\u015bma PrimaCover Airtape zosta\u0142a specjalnie zaprojektowana do bezpiecznego \u0142\u0105czenia paroprzepuszczalnych i oddychaj\u0105cych materia\u0142  ochronna (takich jak PrimaCover Active, Ram Board i PrimaCover Defend. Oddychaj\u0105ca warstwa kleju microdot umo\u017cliwia bezproblemowe odparowanie i\/lub utwardzenie pod\u0142o\u017ca, podczas gdy materia\u0142  ochronna pozostaj\u0105 bezpiecznie na miejscu.<\/p>\n<p><strong>W\u0142a\u015bciwo\u015bci:<\/strong><\/p>\n<ul>\n<li>No\u015bnik: oddychaj\u0105ca w\u0142\u00f3knina PP<\/li>\n<li>Warstwa klej\u0105ca: kauczuk syntetyczny<\/li>\n<li>Przepuszczalno\u015b\u0107 wody: 10l\/m2\/min<\/li>\n<li>Przepuszczalno\u015b\u0107 powietrza: 750l\/m2\/min<\/li>\n<li>Wytrzyma\u0142o\u015b\u0107 na rozci\u0105ganie: 70N\/25mm<\/li>\n<li>Odporno\u015b\u0107 na temperatur\u0119: min. -20\u02daC \/ maks. +80\u02daC<\/li>\n<li>Unikalna warstwa kleju z mikrokropkami <\/li>\n<li>Wymiary: 50 mm x 33 m<\/li>\n<\/ul>\n<p><strong>Aplikacje:<\/strong><\/p>\n<ul>\n<li>Idealna do \u0142\u0105czenia materia\u0142 ochronna na kamienia naturalnego, wyeksponowany beton itp.<\/li>\n<\/ul>\n<p><strong>Instrukcje:<\/strong><\/p>\n<ul>\n<li>Pod\u0142o\u017ce musi by\u0107 wolne od brudu i t\u0142uszczu. <\/li>\n<li>Z wyj\u0105tkiem PrimaCover Active, materia\u0142 ochronna mo\u017ce by\u0107 klejony bez zak\u0142adki. Arkusze pokrycia PrimaCover Active nale\u017cy nak\u0142ada\u0107 z 10-centymetrow\u0105 zak\u0142adk\u0105 przed przyklejeniem ta\u015bm\u0105 Airtape. Mocno docisn\u0105\u0107! (2 kg na 25 mm). <\/li>\n<li>Nale\u017cy sprawdzi\u0107 wcze\u015bniej, czy produkt nadaje si\u0119 do danego zastosowania.<\/li>\n<\/ul>\n","protected":false},"excerpt":{"rendered":"<p>Ta\u015bma oddychaj\u0105ca do \u0142\u0105czenia materia\u0142 ochronna Ta\u015bma PrimaCover Airtape zosta\u0142a specjalnie zaprojektowana do bezpiecznego \u0142\u0105czenia paroprzepuszczalnych i oddychaj\u0105cych materia\u0142 ochronna<\/p>\n","protected":false},"featured_media":139779,"menu_order":1,"template":"","meta":{"generate_page_header":""},"product_brand":[],"product_cat":[4216],"product_tag":[],"class_list":{"0":"post-139565","1":"product","2":"type-product","3":"status-publish","4":"has-post-thumbnail","6":"product_cat-akcesoria","7":"","8":"woocommerce-text-align-center","9":"woocommerce-image-align-center","10":"do-quantity-buttons","12":"first","13":"instock","14":"shipping-taxable","15":"product-type-simple"},"yoast_head":"<!-- This site is optimized with the Yoast SEO Premium plugin v26.7 (Yoast SEO v27.3) - https:\/\/yoast.com\/product\/yoast-seo-premium-wordpress\/ -->\n<title>PrimaCover Airtape<\/title>\n<meta name=\"robots\" content=\"index, follow, max-snippet:-1, max-image-preview:large, max-video-preview:-1\" \/>\n<link rel=\"canonical\" href=\"https:\/\/primacover.com\/pl\/product\/primacover-airtape\/\" \/>\n<meta property=\"og:locale\" content=\"pl_PL\" \/>\n<meta property=\"og:type\" content=\"article\" \/>\n<meta property=\"og:title\" content=\"PrimaCover Airtape\" \/>\n<meta property=\"og:description\" content=\"Ta\u015bma oddychaj\u0105ca do \u0142\u0105czenia materia\u0142 ochronna Ta\u015bma PrimaCover Airtape zosta\u0142a specjalnie zaprojektowana do bezpiecznego \u0142\u0105czenia paroprzepuszczalnych i oddychaj\u0105cych materia\u0142 ochronna\" \/>\n<meta property=\"og:url\" content=\"https:\/\/primacover.com\/pl\/product\/primacover-airtape\/\" \/>\n<meta property=\"og:site_name\" content=\"PrimaCover\" \/>\n<meta property=\"article:publisher\" content=\"https:\/\/www.facebook.com\/PrimaverdeBV\" \/>\n<meta property=\"article:modified_time\" content=\"2026-04-03T09:50:37+00:00\" \/>\n<meta property=\"og:image\" content=\"https:\/\/primacover.com\/wp-content\/uploads\/2025\/04\/08719439008182_A1N1_s01.jpg\" \/>\n\t<meta property=\"og:image:width\" content=\"600\" \/>\n\t<meta property=\"og:image:height\" content=\"600\" \/>\n\t<meta property=\"og:image:type\" content=\"image\/jpeg\" \/>\n<meta name=\"twitter:card\" content=\"summary_large_image\" \/>\n<meta name=\"twitter:label1\" content=\"Cena\" \/>\n\t<meta name=\"twitter:data1\" content=\"\" \/>\n\t<meta name=\"twitter:label2\" content=\"Dost\u0119pno\u015b\u0107\" \/>\n\t<meta name=\"twitter:data2\" content=\"Dost\u0119pny\" \/>\n<script type=\"application\/ld+json\" class=\"yoast-schema-graph\">{\"@context\":\"https:\\\/\\\/schema.org\",\"@graph\":[{\"@type\":\"WebPage\",\"@id\":\"https:\\\/\\\/primacover.com\\\/pl\\\/product\\\/primacover-airtape\\\/\",\"url\":\"https:\\\/\\\/primacover.com\\\/pl\\\/product\\\/primacover-airtape\\\/\",\"name\":\"PrimaCover Airtape\",\"isPartOf\":{\"@id\":\"https:\\\/\\\/primacover.com\\\/pl\\\/#website\"},\"primaryImageOfPage\":{\"@id\":\"https:\\\/\\\/primacover.com\\\/pl\\\/product\\\/primacover-airtape\\\/#primaryimage\"},\"image\":{\"@id\":\"https:\\\/\\\/primacover.com\\\/pl\\\/product\\\/primacover-airtape\\\/#primaryimage\"},\"thumbnailUrl\":\"https:\\\/\\\/primacover.com\\\/wp-content\\\/uploads\\\/2025\\\/04\\\/Airtape_P0NZ_s01.jpg\",\"datePublished\":\"2025-04-23T06:45:26+00:00\",\"dateModified\":\"2026-04-03T09:50:37+00:00\",\"breadcrumb\":{\"@id\":\"https:\\\/\\\/primacover.com\\\/pl\\\/product\\\/primacover-airtape\\\/#breadcrumb\"},\"inLanguage\":\"pl-PL\",\"potentialAction\":[{\"@type\":\"ReadAction\",\"target\":[\"https:\\\/\\\/primacover.com\\\/pl\\\/product\\\/primacover-airtape\\\/\"]}]},{\"@type\":\"ImageObject\",\"inLanguage\":\"pl-PL\",\"@id\":\"https:\\\/\\\/primacover.com\\\/pl\\\/product\\\/primacover-airtape\\\/#primaryimage\",\"url\":\"https:\\\/\\\/primacover.com\\\/wp-content\\\/uploads\\\/2025\\\/04\\\/Airtape_P0NZ_s01.jpg\",\"contentUrl\":\"https:\\\/\\\/primacover.com\\\/wp-content\\\/uploads\\\/2025\\\/04\\\/Airtape_P0NZ_s01.jpg\",\"width\":600,\"height\":400},{\"@type\":\"BreadcrumbList\",\"@id\":\"https:\\\/\\\/primacover.com\\\/pl\\\/product\\\/primacover-airtape\\\/#breadcrumb\",\"itemListElement\":[{\"@type\":\"ListItem\",\"position\":1,\"name\":\"Home\",\"item\":\"https:\\\/\\\/primacover.com\\\/pl\\\/\"},{\"@type\":\"ListItem\",\"position\":2,\"name\":\"Produkty\",\"item\":\"https:\\\/\\\/primacover.com\\\/pl\\\/producten\\\/\"},{\"@type\":\"ListItem\",\"position\":3,\"name\":\"PrimaCover Airtape\"}]},{\"@type\":\"WebSite\",\"@id\":\"https:\\\/\\\/primacover.com\\\/pl\\\/#website\",\"url\":\"https:\\\/\\\/primacover.com\\\/pl\\\/\",\"name\":\"PrimaCover\",\"description\":\"afdekvlies-afdekfolie-stofdeuren, coveringmaterials-dustdoors\",\"publisher\":{\"@id\":\"https:\\\/\\\/primacover.com\\\/pl\\\/#organization\"},\"potentialAction\":[{\"@type\":\"SearchAction\",\"target\":{\"@type\":\"EntryPoint\",\"urlTemplate\":\"https:\\\/\\\/primacover.com\\\/pl\\\/?s={search_term_string}\"},\"query-input\":{\"@type\":\"PropertyValueSpecification\",\"valueRequired\":true,\"valueName\":\"search_term_string\"}}],\"inLanguage\":\"pl-PL\"},{\"@type\":\"Organization\",\"@id\":\"https:\\\/\\\/primacover.com\\\/pl\\\/#organization\",\"name\":\"PrimaCover\",\"url\":\"https:\\\/\\\/primacover.com\\\/pl\\\/\",\"logo\":{\"@type\":\"ImageObject\",\"inLanguage\":\"pl-PL\",\"@id\":\"https:\\\/\\\/primacover.com\\\/pl\\\/#\\\/schema\\\/logo\\\/image\\\/\",\"url\":\"\",\"contentUrl\":\"\",\"caption\":\"PrimaCover\"},\"image\":{\"@id\":\"https:\\\/\\\/primacover.com\\\/pl\\\/#\\\/schema\\\/logo\\\/image\\\/\"},\"sameAs\":[\"https:\\\/\\\/www.facebook.com\\\/PrimaverdeBV\",\"https:\\\/\\\/nl.linkedin.com\\\/company\\\/primaverde\",\"https:\\\/\\\/www.youtube.com\\\/channel\\\/UC3DwQqj8f8tatLdSFA0aWwA\"]}]}<\/script>\n<meta property=\"product:price:currency\" content=\"EUR\" \/>\n<meta property=\"og:availability\" content=\"instock\" \/>\n<meta property=\"product:availability\" content=\"instock\" \/>\n<meta property=\"product:condition\" content=\"new\" \/>\n<!-- \/ Yoast SEO Premium plugin. -->","yoast_head_json":{"title":"PrimaCover Airtape","robots":{"index":"index","follow":"follow","max-snippet":"max-snippet:-1","max-image-preview":"max-image-preview:large","max-video-preview":"max-video-preview:-1"},"canonical":"https:\/\/primacover.com\/pl\/product\/primacover-airtape\/","og_locale":"pl_PL","og_type":"article","og_title":"PrimaCover Airtape","og_description":"Ta\u015bma oddychaj\u0105ca do \u0142\u0105czenia materia\u0142 ochronna Ta\u015bma PrimaCover Airtape zosta\u0142a specjalnie zaprojektowana do bezpiecznego \u0142\u0105czenia paroprzepuszczalnych i oddychaj\u0105cych materia\u0142 ochronna","og_url":"https:\/\/primacover.com\/pl\/product\/primacover-airtape\/","og_site_name":"PrimaCover","article_publisher":"https:\/\/www.facebook.com\/PrimaverdeBV","article_modified_time":"2026-04-03T09:50:37+00:00","og_image":[{"width":600,"height":600,"url":"https:\/\/primacover.com\/wp-content\/uploads\/2025\/04\/08719439008182_A1N1_s01.jpg","type":"image\/jpeg"}],"twitter_card":"summary_large_image","twitter_misc":{"Cena":"","Dost\u0119pno\u015b\u0107":"Dost\u0119pny"},"schema":{"@context":"https:\/\/schema.org","@graph":[{"@type":"WebPage","@id":"https:\/\/primacover.com\/pl\/product\/primacover-airtape\/","url":"https:\/\/primacover.com\/pl\/product\/primacover-airtape\/","name":"PrimaCover Airtape","isPartOf":{"@id":"https:\/\/primacover.com\/pl\/#website"},"primaryImageOfPage":{"@id":"https:\/\/primacover.com\/pl\/product\/primacover-airtape\/#primaryimage"},"image":{"@id":"https:\/\/primacover.com\/pl\/product\/primacover-airtape\/#primaryimage"},"thumbnailUrl":"https:\/\/primacover.com\/wp-content\/uploads\/2025\/04\/Airtape_P0NZ_s01.jpg","datePublished":"2025-04-23T06:45:26+00:00","dateModified":"2026-04-03T09:50:37+00:00","breadcrumb":{"@id":"https:\/\/primacover.com\/pl\/product\/primacover-airtape\/#breadcrumb"},"inLanguage":"pl-PL","potentialAction":[{"@type":"ReadAction","target":["https:\/\/primacover.com\/pl\/product\/primacover-airtape\/"]}]},{"@type":"ImageObject","inLanguage":"pl-PL","@id":"https:\/\/primacover.com\/pl\/product\/primacover-airtape\/#primaryimage","url":"https:\/\/primacover.com\/wp-content\/uploads\/2025\/04\/Airtape_P0NZ_s01.jpg","contentUrl":"https:\/\/primacover.com\/wp-content\/uploads\/2025\/04\/Airtape_P0NZ_s01.jpg","width":600,"height":400},{"@type":"BreadcrumbList","@id":"https:\/\/primacover.com\/pl\/product\/primacover-airtape\/#breadcrumb","itemListElement":[{"@type":"ListItem","position":1,"name":"Home","item":"https:\/\/primacover.com\/pl\/"},{"@type":"ListItem","position":2,"name":"Produkty","item":"https:\/\/primacover.com\/pl\/producten\/"},{"@type":"ListItem","position":3,"name":"PrimaCover Airtape"}]},{"@type":"WebSite","@id":"https:\/\/primacover.com\/pl\/#website","url":"https:\/\/primacover.com\/pl\/","name":"PrimaCover","description":"afdekvlies-afdekfolie-stofdeuren, coveringmaterials-dustdoors","publisher":{"@id":"https:\/\/primacover.com\/pl\/#organization"},"potentialAction":[{"@type":"SearchAction","target":{"@type":"EntryPoint","urlTemplate":"https:\/\/primacover.com\/pl\/?s={search_term_string}"},"query-input":{"@type":"PropertyValueSpecification","valueRequired":true,"valueName":"search_term_string"}}],"inLanguage":"pl-PL"},{"@type":"Organization","@id":"https:\/\/primacover.com\/pl\/#organization","name":"PrimaCover","url":"https:\/\/primacover.com\/pl\/","logo":{"@type":"ImageObject","inLanguage":"pl-PL","@id":"https:\/\/primacover.com\/pl\/#\/schema\/logo\/image\/","url":"","contentUrl":"","caption":"PrimaCover"},"image":{"@id":"https:\/\/primacover.com\/pl\/#\/schema\/logo\/image\/"},"sameAs":["https:\/\/www.facebook.com\/PrimaverdeBV","https:\/\/nl.linkedin.com\/company\/primaverde","https:\/\/www.youtube.com\/channel\/UC3DwQqj8f8tatLdSFA0aWwA"]}]},"product_price_currency":"EUR","og_availability":"instock","product_availability":"instock","product_condition":"new"},"_links":{"self":[{"href":"https:\/\/primacover.com\/pl\/wp-json\/wp\/v2\/product\/139565","targetHints":{"allow":["GET"]}}],"collection":[{"href":"https:\/\/primacover.com\/pl\/wp-json\/wp\/v2\/product"}],"about":[{"href":"https:\/\/primacover.com\/pl\/wp-json\/wp\/v2\/types\/product"}],"wp:featuredmedia":[{"embeddable":true,"href":"https:\/\/primacover.com\/pl\/wp-json\/wp\/v2\/media\/139779"}],"wp:attachment":[{"href":"https:\/\/primacover.com\/pl\/wp-json\/wp\/v2\/media?parent=139565"}],"wp:term":[{"taxonomy":"product_brand","embeddable":true,"href":"https:\/\/primacover.com\/pl\/wp-json\/wp\/v2\/product_brand?post=139565"},{"taxonomy":"product_cat","embeddable":true,"href":"https:\/\/primacover.com\/pl\/wp-json\/wp\/v2\/product_cat?post=139565"},{"taxonomy":"product_tag","embeddable":true,"href":"https:\/\/primacover.com\/pl\/wp-json\/wp\/v2\/product_tag?post=139565"}],"curies":[{"name":"wp","href":"https:\/\/api.w.org\/{rel}","templated":true}]}}