{"id":139615,"date":"2025-05-08T15:03:51","date_gmt":"2025-05-08T13:03:51","guid":{"rendered":"https:\/\/primacover.com\/?post_type=product&#038;p=139615"},"modified":"2026-04-03T11:28:45","modified_gmt":"2026-04-03T09:28:45","slug":"primacover-film-dispenser","status":"publish","type":"product","link":"https:\/\/primacover.com\/pl\/product\/primacover-film-dispenser\/","title":{"rendered":"PrimaCover Film Dispenser"},"content":{"rendered":"<h2>Ergonomiczny podajnik folii<\/h2>\n<p>Dzi\u0119ki podajnikowi folii PrimaCover nak\u0142adanie folii ochronnej na pod\u0142ogi i schody jest szybsze, \u0142atwiejsze i wygodniejsze ni\u017c kiedykolwiek. To por\u0119czne narz\u0119dzie zosta\u0142o opracowane specjalnie do wydajnego nak\u0142adania folii PrimaCover Carpet i Hardfloor. K\u0142opoty z rolkami i m\u0119cz\u0105ce pozycje podczas pracy nale\u017c\u0105 ju\u017c do przesz\u0142o\u015bci.<\/p>\n<p>Dzi\u0119ki ergonomicznej konstrukcji pracujesz nie tylko schludniej, ale tak\u017ce szybciej. Ponadto zmniejszasz ryzyko dolegliwo\u015bci fizycznych. Dystrybutor folii PrimaCover zapewnia optymaln\u0105 kontrol\u0119 i przyczepno\u015b\u0107, gwarantuj\u0105c g\u0142adki efekt ko\u0144cowy i solidnie na\u0142o\u017con\u0105 warstw\u0119 ochronn\u0105.<\/p>\n<p><strong>W\u0142a\u015bciwo\u015bci:<\/strong><\/p>\n<ul>\n<li>Nadaje si\u0119 do rolek folii o szeroko\u015bci 62,5 cm (50 lub 100 mikron\u00f3w)<\/li>\n<li>Teleskopowy dr\u0105\u017cek z systemem zatrzaskowym (regulowany od 1 do 2 m)<\/li>\n<li>Uchwyt do u\u017cycia na schodach (bez dr\u0105\u017cka)<\/li>\n<li>Nadaje si\u0119 do d\u0142ugotrwa\u0142ego i intensywnego u\u017cytkowania<\/li>\n<li>Wymiary: 115 x 20 x 25 cm (L x B x H)<\/li>\n<\/ul>\n<p><strong>Aplikacje:<\/strong><\/p>\n<ul>\n<li>Nadaje si\u0119 do PrimaCover Carpet i PrimaCover Hardfloor<\/li>\n<li>Do pod\u0142\u00f3g i schod\u00f3w<\/li>\n<\/ul>\n<p><strong>Instrukcje:<\/strong><\/p>\n<ul>\n<li>Nale\u017cy sprawdzi\u0107 wcze\u015bniej, czy produkt nadaje si\u0119 do danego zastosowania.<\/li>\n<li>Przed u\u017cyciem nale\u017cy wy\u0142\u0105czy\u0107 ogrzewanie pod\u0142ogowe.<\/li>\n<\/ul>\n","protected":false},"excerpt":{"rendered":"<p>Ergonomiczny podajnik folii Dzi\u0119ki podajnikowi folii PrimaCover nak\u0142adanie folii ochronnej na pod\u0142ogi i schody jest szybsze, \u0142atwiejsze i wygodniejsze ni\u017c<\/p>\n","protected":false},"featured_media":139687,"menu_order":0,"template":"","meta":{"generate_page_header":""},"product_brand":[],"product_cat":[4216],"product_tag":[],"class_list":{"0":"post-139615","1":"product","2":"type-product","3":"status-publish","4":"has-post-thumbnail","6":"product_cat-akcesoria","7":"","8":"woocommerce-text-align-center","9":"woocommerce-image-align-center","10":"do-quantity-buttons","12":"first","13":"instock","14":"shipping-taxable","15":"product-type-simple"},"yoast_head":"<!-- This site is optimized with the Yoast SEO Premium plugin v26.7 (Yoast SEO v27.3) - https:\/\/yoast.com\/product\/yoast-seo-premium-wordpress\/ -->\n<title>PrimaCover Film Dispenser<\/title>\n<meta name=\"description\" content=\"Dzi\u0119ki podajnikowi folii PrimaCover nak\u0142adanie folia ochronna na pod\u0142ogi i schody jest szybsze, \u0142atwiejsze i wygodniejsze ni\u017c kiedykolwiek.\" \/>\n<meta name=\"robots\" content=\"index, follow, max-snippet:-1, max-image-preview:large, max-video-preview:-1\" \/>\n<link rel=\"canonical\" href=\"https:\/\/primacover.com\/pl\/product\/primacover-film-dispenser\/\" \/>\n<meta property=\"og:locale\" content=\"pl_PL\" \/>\n<meta property=\"og:type\" content=\"article\" \/>\n<meta property=\"og:title\" content=\"PrimaCover Film Dispenser\" \/>\n<meta property=\"og:description\" content=\"Dzi\u0119ki podajnikowi folii PrimaCover nak\u0142adanie folia ochronna na pod\u0142ogi i schody jest szybsze, \u0142atwiejsze i wygodniejsze ni\u017c kiedykolwiek.\" \/>\n<meta property=\"og:url\" content=\"https:\/\/primacover.com\/pl\/product\/primacover-film-dispenser\/\" \/>\n<meta property=\"og:site_name\" content=\"PrimaCover\" \/>\n<meta property=\"article:publisher\" content=\"https:\/\/www.facebook.com\/PrimaverdeBV\" \/>\n<meta property=\"article:modified_time\" content=\"2026-04-03T09:28:45+00:00\" \/>\n<meta property=\"og:image\" content=\"https:\/\/primacover.com\/wp-content\/uploads\/2025\/05\/Film-Dispenser_P0NZ_s01.jpg\" \/>\n\t<meta property=\"og:image:width\" content=\"600\" \/>\n\t<meta property=\"og:image:height\" content=\"600\" \/>\n\t<meta property=\"og:image:type\" content=\"image\/jpeg\" \/>\n<meta name=\"twitter:card\" content=\"summary_large_image\" \/>\n<meta name=\"twitter:label1\" content=\"Cena\" \/>\n\t<meta name=\"twitter:data1\" content=\"\" \/>\n\t<meta name=\"twitter:label2\" content=\"Dost\u0119pno\u015b\u0107\" \/>\n\t<meta name=\"twitter:data2\" content=\"Dost\u0119pny\" \/>\n<script type=\"application\/ld+json\" class=\"yoast-schema-graph\">{\"@context\":\"https:\\\/\\\/schema.org\",\"@graph\":[{\"@type\":\"WebPage\",\"@id\":\"https:\\\/\\\/primacover.com\\\/pl\\\/product\\\/primacover-film-dispenser\\\/\",\"url\":\"https:\\\/\\\/primacover.com\\\/pl\\\/product\\\/primacover-film-dispenser\\\/\",\"name\":\"PrimaCover Film Dispenser\",\"isPartOf\":{\"@id\":\"https:\\\/\\\/primacover.com\\\/pl\\\/#website\"},\"primaryImageOfPage\":{\"@id\":\"https:\\\/\\\/primacover.com\\\/pl\\\/product\\\/primacover-film-dispenser\\\/#primaryimage\"},\"image\":{\"@id\":\"https:\\\/\\\/primacover.com\\\/pl\\\/product\\\/primacover-film-dispenser\\\/#primaryimage\"},\"thumbnailUrl\":\"https:\\\/\\\/primacover.com\\\/wp-content\\\/uploads\\\/2025\\\/05\\\/Film-Dispenser_P0NZ_s01-1.jpg\",\"datePublished\":\"2025-05-08T13:03:51+00:00\",\"dateModified\":\"2026-04-03T09:28:45+00:00\",\"description\":\"Dzi\u0119ki podajnikowi folii PrimaCover nak\u0142adanie folia ochronna na pod\u0142ogi i schody jest szybsze, \u0142atwiejsze i wygodniejsze ni\u017c kiedykolwiek.\",\"breadcrumb\":{\"@id\":\"https:\\\/\\\/primacover.com\\\/pl\\\/product\\\/primacover-film-dispenser\\\/#breadcrumb\"},\"inLanguage\":\"pl-PL\",\"potentialAction\":[{\"@type\":\"ReadAction\",\"target\":[\"https:\\\/\\\/primacover.com\\\/pl\\\/product\\\/primacover-film-dispenser\\\/\"]}]},{\"@type\":\"ImageObject\",\"inLanguage\":\"pl-PL\",\"@id\":\"https:\\\/\\\/primacover.com\\\/pl\\\/product\\\/primacover-film-dispenser\\\/#primaryimage\",\"url\":\"https:\\\/\\\/primacover.com\\\/wp-content\\\/uploads\\\/2025\\\/05\\\/Film-Dispenser_P0NZ_s01-1.jpg\",\"contentUrl\":\"https:\\\/\\\/primacover.com\\\/wp-content\\\/uploads\\\/2025\\\/05\\\/Film-Dispenser_P0NZ_s01-1.jpg\",\"width\":600,\"height\":600},{\"@type\":\"BreadcrumbList\",\"@id\":\"https:\\\/\\\/primacover.com\\\/pl\\\/product\\\/primacover-film-dispenser\\\/#breadcrumb\",\"itemListElement\":[{\"@type\":\"ListItem\",\"position\":1,\"name\":\"Home\",\"item\":\"https:\\\/\\\/primacover.com\\\/pl\\\/\"},{\"@type\":\"ListItem\",\"position\":2,\"name\":\"Produkty\",\"item\":\"https:\\\/\\\/primacover.com\\\/pl\\\/producten\\\/\"},{\"@type\":\"ListItem\",\"position\":3,\"name\":\"PrimaCover Film Dispenser\"}]},{\"@type\":\"WebSite\",\"@id\":\"https:\\\/\\\/primacover.com\\\/pl\\\/#website\",\"url\":\"https:\\\/\\\/primacover.com\\\/pl\\\/\",\"name\":\"PrimaCover\",\"description\":\"afdekvlies-afdekfolie-stofdeuren, coveringmaterials-dustdoors\",\"publisher\":{\"@id\":\"https:\\\/\\\/primacover.com\\\/pl\\\/#organization\"},\"potentialAction\":[{\"@type\":\"SearchAction\",\"target\":{\"@type\":\"EntryPoint\",\"urlTemplate\":\"https:\\\/\\\/primacover.com\\\/pl\\\/?s={search_term_string}\"},\"query-input\":{\"@type\":\"PropertyValueSpecification\",\"valueRequired\":true,\"valueName\":\"search_term_string\"}}],\"inLanguage\":\"pl-PL\"},{\"@type\":\"Organization\",\"@id\":\"https:\\\/\\\/primacover.com\\\/pl\\\/#organization\",\"name\":\"PrimaCover\",\"url\":\"https:\\\/\\\/primacover.com\\\/pl\\\/\",\"logo\":{\"@type\":\"ImageObject\",\"inLanguage\":\"pl-PL\",\"@id\":\"https:\\\/\\\/primacover.com\\\/pl\\\/#\\\/schema\\\/logo\\\/image\\\/\",\"url\":\"\",\"contentUrl\":\"\",\"caption\":\"PrimaCover\"},\"image\":{\"@id\":\"https:\\\/\\\/primacover.com\\\/pl\\\/#\\\/schema\\\/logo\\\/image\\\/\"},\"sameAs\":[\"https:\\\/\\\/www.facebook.com\\\/PrimaverdeBV\",\"https:\\\/\\\/nl.linkedin.com\\\/company\\\/primaverde\",\"https:\\\/\\\/www.youtube.com\\\/channel\\\/UC3DwQqj8f8tatLdSFA0aWwA\"]}]}<\/script>\n<meta property=\"product:price:currency\" content=\"EUR\" \/>\n<meta property=\"og:availability\" content=\"instock\" \/>\n<meta property=\"product:availability\" content=\"instock\" \/>\n<meta property=\"product:condition\" content=\"new\" \/>\n<!-- \/ Yoast SEO Premium plugin. -->","yoast_head_json":{"title":"PrimaCover Film Dispenser","description":"Dzi\u0119ki podajnikowi folii PrimaCover nak\u0142adanie folia ochronna na pod\u0142ogi i schody jest szybsze, \u0142atwiejsze i wygodniejsze ni\u017c kiedykolwiek.","robots":{"index":"index","follow":"follow","max-snippet":"max-snippet:-1","max-image-preview":"max-image-preview:large","max-video-preview":"max-video-preview:-1"},"canonical":"https:\/\/primacover.com\/pl\/product\/primacover-film-dispenser\/","og_locale":"pl_PL","og_type":"article","og_title":"PrimaCover Film Dispenser","og_description":"Dzi\u0119ki podajnikowi folii PrimaCover nak\u0142adanie folia ochronna na pod\u0142ogi i schody jest szybsze, \u0142atwiejsze i wygodniejsze ni\u017c kiedykolwiek.","og_url":"https:\/\/primacover.com\/pl\/product\/primacover-film-dispenser\/","og_site_name":"PrimaCover","article_publisher":"https:\/\/www.facebook.com\/PrimaverdeBV","article_modified_time":"2026-04-03T09:28:45+00:00","og_image":[{"width":600,"height":600,"url":"https:\/\/primacover.com\/wp-content\/uploads\/2025\/05\/Film-Dispenser_P0NZ_s01.jpg","type":"image\/jpeg"}],"twitter_card":"summary_large_image","twitter_misc":{"Cena":"","Dost\u0119pno\u015b\u0107":"Dost\u0119pny"},"schema":{"@context":"https:\/\/schema.org","@graph":[{"@type":"WebPage","@id":"https:\/\/primacover.com\/pl\/product\/primacover-film-dispenser\/","url":"https:\/\/primacover.com\/pl\/product\/primacover-film-dispenser\/","name":"PrimaCover Film Dispenser","isPartOf":{"@id":"https:\/\/primacover.com\/pl\/#website"},"primaryImageOfPage":{"@id":"https:\/\/primacover.com\/pl\/product\/primacover-film-dispenser\/#primaryimage"},"image":{"@id":"https:\/\/primacover.com\/pl\/product\/primacover-film-dispenser\/#primaryimage"},"thumbnailUrl":"https:\/\/primacover.com\/wp-content\/uploads\/2025\/05\/Film-Dispenser_P0NZ_s01-1.jpg","datePublished":"2025-05-08T13:03:51+00:00","dateModified":"2026-04-03T09:28:45+00:00","description":"Dzi\u0119ki podajnikowi folii PrimaCover nak\u0142adanie folia ochronna na pod\u0142ogi i schody jest szybsze, \u0142atwiejsze i wygodniejsze ni\u017c kiedykolwiek.","breadcrumb":{"@id":"https:\/\/primacover.com\/pl\/product\/primacover-film-dispenser\/#breadcrumb"},"inLanguage":"pl-PL","potentialAction":[{"@type":"ReadAction","target":["https:\/\/primacover.com\/pl\/product\/primacover-film-dispenser\/"]}]},{"@type":"ImageObject","inLanguage":"pl-PL","@id":"https:\/\/primacover.com\/pl\/product\/primacover-film-dispenser\/#primaryimage","url":"https:\/\/primacover.com\/wp-content\/uploads\/2025\/05\/Film-Dispenser_P0NZ_s01-1.jpg","contentUrl":"https:\/\/primacover.com\/wp-content\/uploads\/2025\/05\/Film-Dispenser_P0NZ_s01-1.jpg","width":600,"height":600},{"@type":"BreadcrumbList","@id":"https:\/\/primacover.com\/pl\/product\/primacover-film-dispenser\/#breadcrumb","itemListElement":[{"@type":"ListItem","position":1,"name":"Home","item":"https:\/\/primacover.com\/pl\/"},{"@type":"ListItem","position":2,"name":"Produkty","item":"https:\/\/primacover.com\/pl\/producten\/"},{"@type":"ListItem","position":3,"name":"PrimaCover Film Dispenser"}]},{"@type":"WebSite","@id":"https:\/\/primacover.com\/pl\/#website","url":"https:\/\/primacover.com\/pl\/","name":"PrimaCover","description":"afdekvlies-afdekfolie-stofdeuren, coveringmaterials-dustdoors","publisher":{"@id":"https:\/\/primacover.com\/pl\/#organization"},"potentialAction":[{"@type":"SearchAction","target":{"@type":"EntryPoint","urlTemplate":"https:\/\/primacover.com\/pl\/?s={search_term_string}"},"query-input":{"@type":"PropertyValueSpecification","valueRequired":true,"valueName":"search_term_string"}}],"inLanguage":"pl-PL"},{"@type":"Organization","@id":"https:\/\/primacover.com\/pl\/#organization","name":"PrimaCover","url":"https:\/\/primacover.com\/pl\/","logo":{"@type":"ImageObject","inLanguage":"pl-PL","@id":"https:\/\/primacover.com\/pl\/#\/schema\/logo\/image\/","url":"","contentUrl":"","caption":"PrimaCover"},"image":{"@id":"https:\/\/primacover.com\/pl\/#\/schema\/logo\/image\/"},"sameAs":["https:\/\/www.facebook.com\/PrimaverdeBV","https:\/\/nl.linkedin.com\/company\/primaverde","https:\/\/www.youtube.com\/channel\/UC3DwQqj8f8tatLdSFA0aWwA"]}]},"product_price_currency":"EUR","og_availability":"instock","product_availability":"instock","product_condition":"new"},"_links":{"self":[{"href":"https:\/\/primacover.com\/pl\/wp-json\/wp\/v2\/product\/139615","targetHints":{"allow":["GET"]}}],"collection":[{"href":"https:\/\/primacover.com\/pl\/wp-json\/wp\/v2\/product"}],"about":[{"href":"https:\/\/primacover.com\/pl\/wp-json\/wp\/v2\/types\/product"}],"wp:featuredmedia":[{"embeddable":true,"href":"https:\/\/primacover.com\/pl\/wp-json\/wp\/v2\/media\/139687"}],"wp:attachment":[{"href":"https:\/\/primacover.com\/pl\/wp-json\/wp\/v2\/media?parent=139615"}],"wp:term":[{"taxonomy":"product_brand","embeddable":true,"href":"https:\/\/primacover.com\/pl\/wp-json\/wp\/v2\/product_brand?post=139615"},{"taxonomy":"product_cat","embeddable":true,"href":"https:\/\/primacover.com\/pl\/wp-json\/wp\/v2\/product_cat?post=139615"},{"taxonomy":"product_tag","embeddable":true,"href":"https:\/\/primacover.com\/pl\/wp-json\/wp\/v2\/product_tag?post=139615"}],"curies":[{"name":"wp","href":"https:\/\/api.w.org\/{rel}","templated":true}]}}