{"id":140127,"date":"2025-09-02T16:05:33","date_gmt":"2025-09-02T14:05:33","guid":{"rendered":"https:\/\/primacover.com\/?post_type=product&#038;p=140127"},"modified":"2026-04-03T11:41:07","modified_gmt":"2026-04-03T09:41:07","slug":"primacover-door-kit","status":"publish","type":"product","link":"https:\/\/primacover.com\/pl\/product\/primacover-door-kit\/","title":{"rendered":"PrimaCover Door Kit"},"content":{"rendered":"<h2>drzwi z tkaniny<\/h2>\n<p>Ten py\u0142oszczelny zestaw Dustshield montuje si\u0119 przed otworem drzwiowym, pomi\u0119dzy pod\u0142og\u0105 a sufitem.<\/p>\n<p>Zamek b\u0142yskawiczny w drzwiach mo\u017cna otworzy\u0107 a\u017c do pod\u0142ogi. Dzi\u0119ki temu powstaje przej\u015bcie bez progu. Idealne rozwi\u0105zanie dla w\u00f3zk\u00f3w r\u0119cznych i innego sprz\u0119tu na k\u00f3\u0142kach. Ponadto jest to rozwi\u0105zanie bezpieczniejsze ni\u017c przej\u015bcia, kt\u00f3rych nie mo\u017cna ca\u0142kowicie otworzy\u0107.<\/p>\n<p><strong>Strony<\/strong><\/p>\n<ul>\n<li>2x teleskopowe s\u0142upki (regulowana wysoko\u015b\u0107 od 170 do 400 cm)<\/li>\n<li>1x nag\u0142\u00f3wek (szeroko\u015b\u0107 120 cm), w komplecie z foli\u0105 (maksymalna wysoko\u015b\u0107 400 cm) z zamontowanym zestawem Zip-Up.<\/li>\n<li>8x klipsy do s\u0142upk\u00f3w<\/li>\n<li>2x zacisk wielofunkcyjny<\/li>\n<li>1x ta\u015bma maskuj\u0105ca w rolce<\/li>\n<li>1x torba transportowa<\/li>\n<\/ul>\n<p><strong>W\u0142a\u015bciwo\u015bci:<\/strong><\/p>\n<ul>\n<li>Szybki i \u0142atwy monta\u017c<\/li>\n<li>Wielokrotnego u\u017cytku<\/li>\n<li>Folia ognioodporna (certyfikat EN13501-1)<\/li>\n<li>Pasuje do wszystkich zestaw\u00f3w Dustshield<\/li>\n<\/ul>\n<p><strong>Instrukcje:<\/strong><\/p>\n<ul>\n<li>Umie\u015b\u0107 teleskopowy s\u0142upek z pier\u015bcieniem w rogu pomieszczenia, kt\u00f3re chcesz odgrodzi\u0107. Wysu\u0144 i zamocuj do sufitu za pomoc\u0105 spr\u0119\u017cyny.<\/li>\n<li>Najpierw zatrzasnij listw\u0119 g\u00f3rn\u0105 z piank\u0105 i foli\u0105 w pierwszym s\u0142upku, a nast\u0119pnie w kolejnym. Umie\u015b\u0107 drugi s\u0142upek we w\u0142a\u015bciwym miejscu i zamocuj.<\/li>\n<li>Rozwi\u0144 foli\u0119 i przymocuj j\u0105 do s\u0142upk\u00f3w za pomoc\u0105 do\u0142\u0105czonych klips\u00f3w. Umie\u015b\u0107 piank\u0119 boczn\u0105 na zewn\u0119trznych s\u0142upkach i przymocuj do \u015bciany.<\/li>\n<li>Zamknij przestrze\u0144, \u0142\u0105cz\u0105c kilka modu\u0142\u00f3w. W ten spos\u00f3b mo\u017cna \u0142atwo dostosowa\u0107 \u015bciank\u0119 materia\u0142ow\u0105 do ka\u017cdej przestrzeni.<\/li>\n<\/ul>\n","protected":false},"excerpt":{"rendered":"<h2>Zelfklevend afdekvlies<\/h2>\n","protected":false},"featured_media":140239,"menu_order":12,"template":"","meta":{"generate_page_header":""},"product_brand":[],"product_cat":[4372],"product_tag":[],"class_list":{"0":"post-140127","1":"product","2":"type-product","3":"status-publish","4":"has-post-thumbnail","6":"product_cat-zestawy-scianek-dzialowych","7":"pa_breedte-0-65-pl","8":"pa_breedte-1-pl","9":"pa_breedte-2-pl","10":"pa_eenheid-m-pl-2","11":"pa_foliedikte-40-pl","12":"pa_frame-0-pl","13":"pa_lengte-25-pl","14":"pa_lengte-50-pl","15":"pa_matten30-0-0x30-pl-2","16":"pa_merk-primacover-pl-2","17":"pa_objecttypen-kontrola-zapylenia","18":"","19":"woocommerce-text-align-center","20":"woocommerce-image-align-center","21":"do-quantity-buttons","23":"first","24":"instock","25":"shipping-taxable","26":"product-type-simple"},"yoast_head":"<!-- This site is optimized with the Yoast SEO Premium plugin v26.7 (Yoast SEO v27.3) - https:\/\/yoast.com\/product\/yoast-seo-premium-wordpress\/ -->\n<title>PrimaCover Standard Afdekvlies<\/title>\n<meta name=\"description\" content=\"PrimaCover Standard is een afdekvlies dat een uitstekende bescherming biedt tijdens de bouwfase tegen vuil, vocht, rollend materieel en vallende gereedschappen.\" \/>\n<meta name=\"robots\" content=\"index, follow, max-snippet:-1, max-image-preview:large, max-video-preview:-1\" \/>\n<link rel=\"canonical\" href=\"https:\/\/primacover.com\/pl\/product\/primacover-door-kit\/\" \/>\n<meta property=\"og:locale\" content=\"pl_PL\" \/>\n<meta property=\"og:type\" content=\"article\" \/>\n<meta property=\"og:title\" content=\"PrimaCover Door Kit\" \/>\n<meta property=\"og:description\" content=\"PrimaCover Standard is een afdekvlies dat een uitstekende bescherming biedt tijdens de bouwfase tegen vuil, vocht, rollend materieel en vallende gereedschappen.\" \/>\n<meta property=\"og:url\" content=\"https:\/\/primacover.com\/pl\/product\/primacover-door-kit\/\" \/>\n<meta property=\"og:site_name\" content=\"PrimaCover\" \/>\n<meta property=\"article:publisher\" content=\"https:\/\/www.facebook.com\/PrimaverdeBV\" \/>\n<meta property=\"article:modified_time\" content=\"2026-04-03T09:41:07+00:00\" \/>\n<meta property=\"og:image\" content=\"https:\/\/primacover.com\/wp-content\/uploads\/2025\/09\/Door-Kit-scaled.png\" \/>\n\t<meta property=\"og:image:width\" content=\"2560\" \/>\n\t<meta property=\"og:image:height\" content=\"2560\" \/>\n\t<meta property=\"og:image:type\" content=\"image\/png\" \/>\n<meta name=\"twitter:card\" content=\"summary_large_image\" \/>\n<meta name=\"twitter:label1\" content=\"Cena\" \/>\n\t<meta name=\"twitter:data1\" content=\"\" \/>\n\t<meta name=\"twitter:label2\" content=\"Dost\u0119pno\u015b\u0107\" \/>\n\t<meta name=\"twitter:data2\" content=\"Dost\u0119pny\" \/>\n<script type=\"application\/ld+json\" class=\"yoast-schema-graph\">{\"@context\":\"https:\\\/\\\/schema.org\",\"@graph\":[{\"@type\":\"WebPage\",\"@id\":\"https:\\\/\\\/primacover.com\\\/pl\\\/product\\\/primacover-door-kit\\\/\",\"url\":\"https:\\\/\\\/primacover.com\\\/pl\\\/product\\\/primacover-door-kit\\\/\",\"name\":\"PrimaCover Standard Afdekvlies\",\"isPartOf\":{\"@id\":\"https:\\\/\\\/primacover.com\\\/pl\\\/#website\"},\"primaryImageOfPage\":{\"@id\":\"https:\\\/\\\/primacover.com\\\/pl\\\/product\\\/primacover-door-kit\\\/#primaryimage\"},\"image\":{\"@id\":\"https:\\\/\\\/primacover.com\\\/pl\\\/product\\\/primacover-door-kit\\\/#primaryimage\"},\"thumbnailUrl\":\"https:\\\/\\\/primacover.com\\\/wp-content\\\/uploads\\\/2025\\\/09\\\/Door-Kit-scaled.png\",\"datePublished\":\"2025-09-02T14:05:33+00:00\",\"dateModified\":\"2026-04-03T09:41:07+00:00\",\"description\":\"PrimaCover Standard is een afdekvlies dat een uitstekende bescherming biedt tijdens de bouwfase tegen vuil, vocht, rollend materieel en vallende gereedschappen.\",\"breadcrumb\":{\"@id\":\"https:\\\/\\\/primacover.com\\\/pl\\\/product\\\/primacover-door-kit\\\/#breadcrumb\"},\"inLanguage\":\"pl-PL\",\"potentialAction\":[{\"@type\":\"ReadAction\",\"target\":[\"https:\\\/\\\/primacover.com\\\/pl\\\/product\\\/primacover-door-kit\\\/\"]}]},{\"@type\":\"ImageObject\",\"inLanguage\":\"pl-PL\",\"@id\":\"https:\\\/\\\/primacover.com\\\/pl\\\/product\\\/primacover-door-kit\\\/#primaryimage\",\"url\":\"https:\\\/\\\/primacover.com\\\/wp-content\\\/uploads\\\/2025\\\/09\\\/Door-Kit-scaled.png\",\"contentUrl\":\"https:\\\/\\\/primacover.com\\\/wp-content\\\/uploads\\\/2025\\\/09\\\/Door-Kit-scaled.png\",\"width\":2560,\"height\":2560},{\"@type\":\"BreadcrumbList\",\"@id\":\"https:\\\/\\\/primacover.com\\\/pl\\\/product\\\/primacover-door-kit\\\/#breadcrumb\",\"itemListElement\":[{\"@type\":\"ListItem\",\"position\":1,\"name\":\"Home\",\"item\":\"https:\\\/\\\/primacover.com\\\/pl\\\/\"},{\"@type\":\"ListItem\",\"position\":2,\"name\":\"Produkty\",\"item\":\"https:\\\/\\\/primacover.com\\\/pl\\\/producten\\\/\"},{\"@type\":\"ListItem\",\"position\":3,\"name\":\"PrimaCover Door Kit\"}]},{\"@type\":\"WebSite\",\"@id\":\"https:\\\/\\\/primacover.com\\\/pl\\\/#website\",\"url\":\"https:\\\/\\\/primacover.com\\\/pl\\\/\",\"name\":\"PrimaCover\",\"description\":\"afdekvlies-afdekfolie-stofdeuren, coveringmaterials-dustdoors\",\"publisher\":{\"@id\":\"https:\\\/\\\/primacover.com\\\/pl\\\/#organization\"},\"potentialAction\":[{\"@type\":\"SearchAction\",\"target\":{\"@type\":\"EntryPoint\",\"urlTemplate\":\"https:\\\/\\\/primacover.com\\\/pl\\\/?s={search_term_string}\"},\"query-input\":{\"@type\":\"PropertyValueSpecification\",\"valueRequired\":true,\"valueName\":\"search_term_string\"}}],\"inLanguage\":\"pl-PL\"},{\"@type\":\"Organization\",\"@id\":\"https:\\\/\\\/primacover.com\\\/pl\\\/#organization\",\"name\":\"PrimaCover\",\"url\":\"https:\\\/\\\/primacover.com\\\/pl\\\/\",\"logo\":{\"@type\":\"ImageObject\",\"inLanguage\":\"pl-PL\",\"@id\":\"https:\\\/\\\/primacover.com\\\/pl\\\/#\\\/schema\\\/logo\\\/image\\\/\",\"url\":\"\",\"contentUrl\":\"\",\"caption\":\"PrimaCover\"},\"image\":{\"@id\":\"https:\\\/\\\/primacover.com\\\/pl\\\/#\\\/schema\\\/logo\\\/image\\\/\"},\"sameAs\":[\"https:\\\/\\\/www.facebook.com\\\/PrimaverdeBV\",\"https:\\\/\\\/nl.linkedin.com\\\/company\\\/primaverde\",\"https:\\\/\\\/www.youtube.com\\\/channel\\\/UC3DwQqj8f8tatLdSFA0aWwA\"]}]}<\/script>\n<meta property=\"product:brand\" content=\"PrimaCover\" \/>\n<meta property=\"product:price:currency\" content=\"EUR\" \/>\n<meta property=\"og:availability\" content=\"instock\" \/>\n<meta property=\"product:availability\" content=\"instock\" \/>\n<meta property=\"product:condition\" content=\"new\" \/>\n<!-- \/ Yoast SEO Premium plugin. -->","yoast_head_json":{"title":"PrimaCover Standard Afdekvlies","description":"PrimaCover Standard is een afdekvlies dat een uitstekende bescherming biedt tijdens de bouwfase tegen vuil, vocht, rollend materieel en vallende gereedschappen.","robots":{"index":"index","follow":"follow","max-snippet":"max-snippet:-1","max-image-preview":"max-image-preview:large","max-video-preview":"max-video-preview:-1"},"canonical":"https:\/\/primacover.com\/pl\/product\/primacover-door-kit\/","og_locale":"pl_PL","og_type":"article","og_title":"PrimaCover Door Kit","og_description":"PrimaCover Standard is een afdekvlies dat een uitstekende bescherming biedt tijdens de bouwfase tegen vuil, vocht, rollend materieel en vallende gereedschappen.","og_url":"https:\/\/primacover.com\/pl\/product\/primacover-door-kit\/","og_site_name":"PrimaCover","article_publisher":"https:\/\/www.facebook.com\/PrimaverdeBV","article_modified_time":"2026-04-03T09:41:07+00:00","og_image":[{"width":2560,"height":2560,"url":"https:\/\/primacover.com\/wp-content\/uploads\/2025\/09\/Door-Kit-scaled.png","type":"image\/png"}],"twitter_card":"summary_large_image","twitter_misc":{"Cena":"","Dost\u0119pno\u015b\u0107":"Dost\u0119pny"},"schema":{"@context":"https:\/\/schema.org","@graph":[{"@type":"WebPage","@id":"https:\/\/primacover.com\/pl\/product\/primacover-door-kit\/","url":"https:\/\/primacover.com\/pl\/product\/primacover-door-kit\/","name":"PrimaCover Standard Afdekvlies","isPartOf":{"@id":"https:\/\/primacover.com\/pl\/#website"},"primaryImageOfPage":{"@id":"https:\/\/primacover.com\/pl\/product\/primacover-door-kit\/#primaryimage"},"image":{"@id":"https:\/\/primacover.com\/pl\/product\/primacover-door-kit\/#primaryimage"},"thumbnailUrl":"https:\/\/primacover.com\/wp-content\/uploads\/2025\/09\/Door-Kit-scaled.png","datePublished":"2025-09-02T14:05:33+00:00","dateModified":"2026-04-03T09:41:07+00:00","description":"PrimaCover Standard is een afdekvlies dat een uitstekende bescherming biedt tijdens de bouwfase tegen vuil, vocht, rollend materieel en vallende gereedschappen.","breadcrumb":{"@id":"https:\/\/primacover.com\/pl\/product\/primacover-door-kit\/#breadcrumb"},"inLanguage":"pl-PL","potentialAction":[{"@type":"ReadAction","target":["https:\/\/primacover.com\/pl\/product\/primacover-door-kit\/"]}]},{"@type":"ImageObject","inLanguage":"pl-PL","@id":"https:\/\/primacover.com\/pl\/product\/primacover-door-kit\/#primaryimage","url":"https:\/\/primacover.com\/wp-content\/uploads\/2025\/09\/Door-Kit-scaled.png","contentUrl":"https:\/\/primacover.com\/wp-content\/uploads\/2025\/09\/Door-Kit-scaled.png","width":2560,"height":2560},{"@type":"BreadcrumbList","@id":"https:\/\/primacover.com\/pl\/product\/primacover-door-kit\/#breadcrumb","itemListElement":[{"@type":"ListItem","position":1,"name":"Home","item":"https:\/\/primacover.com\/pl\/"},{"@type":"ListItem","position":2,"name":"Produkty","item":"https:\/\/primacover.com\/pl\/producten\/"},{"@type":"ListItem","position":3,"name":"PrimaCover Door Kit"}]},{"@type":"WebSite","@id":"https:\/\/primacover.com\/pl\/#website","url":"https:\/\/primacover.com\/pl\/","name":"PrimaCover","description":"afdekvlies-afdekfolie-stofdeuren, coveringmaterials-dustdoors","publisher":{"@id":"https:\/\/primacover.com\/pl\/#organization"},"potentialAction":[{"@type":"SearchAction","target":{"@type":"EntryPoint","urlTemplate":"https:\/\/primacover.com\/pl\/?s={search_term_string}"},"query-input":{"@type":"PropertyValueSpecification","valueRequired":true,"valueName":"search_term_string"}}],"inLanguage":"pl-PL"},{"@type":"Organization","@id":"https:\/\/primacover.com\/pl\/#organization","name":"PrimaCover","url":"https:\/\/primacover.com\/pl\/","logo":{"@type":"ImageObject","inLanguage":"pl-PL","@id":"https:\/\/primacover.com\/pl\/#\/schema\/logo\/image\/","url":"","contentUrl":"","caption":"PrimaCover"},"image":{"@id":"https:\/\/primacover.com\/pl\/#\/schema\/logo\/image\/"},"sameAs":["https:\/\/www.facebook.com\/PrimaverdeBV","https:\/\/nl.linkedin.com\/company\/primaverde","https:\/\/www.youtube.com\/channel\/UC3DwQqj8f8tatLdSFA0aWwA"]}]},"product_brand":"PrimaCover","product_price_currency":"EUR","og_availability":"instock","product_availability":"instock","product_condition":"new"},"_links":{"self":[{"href":"https:\/\/primacover.com\/pl\/wp-json\/wp\/v2\/product\/140127","targetHints":{"allow":["GET"]}}],"collection":[{"href":"https:\/\/primacover.com\/pl\/wp-json\/wp\/v2\/product"}],"about":[{"href":"https:\/\/primacover.com\/pl\/wp-json\/wp\/v2\/types\/product"}],"wp:featuredmedia":[{"embeddable":true,"href":"https:\/\/primacover.com\/pl\/wp-json\/wp\/v2\/media\/140239"}],"wp:attachment":[{"href":"https:\/\/primacover.com\/pl\/wp-json\/wp\/v2\/media?parent=140127"}],"wp:term":[{"taxonomy":"product_brand","embeddable":true,"href":"https:\/\/primacover.com\/pl\/wp-json\/wp\/v2\/product_brand?post=140127"},{"taxonomy":"product_cat","embeddable":true,"href":"https:\/\/primacover.com\/pl\/wp-json\/wp\/v2\/product_cat?post=140127"},{"taxonomy":"product_tag","embeddable":true,"href":"https:\/\/primacover.com\/pl\/wp-json\/wp\/v2\/product_tag?post=140127"}],"curies":[{"name":"wp","href":"https:\/\/api.w.org\/{rel}","templated":true}]}}