{"id":139322,"date":"2016-08-14T17:39:09","date_gmt":"2016-08-14T15:39:09","guid":{"rendered":"https:\/\/primacover.com\/primacover\/"},"modified":"2025-10-15T10:52:21","modified_gmt":"2025-10-15T08:52:21","slug":"primacover","status":"publish","type":"page","link":"https:\/\/primacover.com\/sv\/","title":{"rendered":"PrimaCover"},"content":{"rendered":"\n<div class=\"wp-block-group\"><div class=\"wp-block-group__inner-container is-layout-flow wp-block-group-is-layout-flow\">\n<h1 class=\"wp-block-heading has-text-align-center\" id=\"h-bygg-och-renovera-sakert-med-primacover\">Bygg och renovera s\u00e4kert med PrimaCover<\/h1>\n\n\n\n<h2 class=\"wp-block-heading has-text-align-center\" id=\"h-tackmaterial-fiberduk-tackfolien-dammdorrar-och-specialtejper\">T\u00e4ckmaterial, fiberduk, t\u00e4ckfolien, dammd\u00f6rrar och specialtejper<\/h2>\n<\/div><\/div>\n\n\n\n<div class=\"wp-block-group\"><div class=\"wp-block-group__inner-container is-layout-flow wp-block-group-is-layout-flow\">\n<div class=\"wp-block-columns has-3-columns is-layout-flex wp-container-core-columns-is-layout-9d6595d7 wp-block-columns-is-layout-flex\">\n<div class=\"wp-block-column is-layout-flow wp-block-column-is-layout-flow\">\n<h3 class=\"wp-block-heading\" id=\"h-fiberduk-tackfolien-och-dammdorrar\">Fiberduk, t\u00e4ckfolien och dammd\u00f6rrar<\/h3>\n\n\n\n<p><strong><strong>Bygge, ombyggnad och renovering ska ske p\u00e5 ett rent och s\u00e4kert s\u00e4tt.<\/strong> <strong>Skydda d\u00e4rf\u00f6r underlaget och arbetsmilj\u00f6n med PrimaCover-produkter.<\/strong><\/strong><\/p>\n\n\n\n<p>Vi har ett snabbt v\u00e4xande sortiment av fiberduk, t\u00e4ckfolien dammd\u00f6rrar och tejp. Eftersom PrimaCover har egen produktutveckling och produktion kan alla anv\u00e4ndare r\u00e4kna med genomt\u00e4nkta produkter av h\u00f6g kvalitet. Dessa t\u00e4ckmaterial av A-kvalitet anv\u00e4nds dagligen i praktiken av f\u00f6retag, anst\u00e4llda och frilansare inom en m\u00e4ngd olika branscher:<\/p>\n\n\n\n<ul class=\"wp-block-list\">\n<li>Bygge<\/li>\n\n\n\n<li>Renovering<\/li>\n\n\n\n<li>Efterbehandling<\/li>\n\n\n\n<li>Renovering<\/li>\n\n\n\n<li>M\u00e5lning<\/li>\n\n\n\n<li>G\u00f6r-det-sj\u00e4lv (DIY)<\/li>\n\n\n\n<li>Tekniskt underh\u00e5llsarbete<\/li>\n\n\n\n<li>Evenemang<\/li>\n\n\n\n<li>Sj\u00f6fart<\/li>\n\n\n\n<li>etc<\/li>\n<\/ul>\n<\/div>\n\n\n\n<div class=\"wp-block-column is-layout-flow wp-block-column-is-layout-flow\">\n<h3 class=\"wp-block-heading\" id=\"h-fordelarna-med-primacover\">F\u00f6rdelarna med PrimaCover<\/h3>\n\n\n\n<ul class=\"wp-block-list\">\n<li>S\u00e4kert skydd av golv, trappor och utrymmen<\/li>\n\n\n\n<li>F\u00f6rebygger reparationskostnader och tvister<\/li>\n\n\n\n<li>Produktutveckling med anv\u00e4ndarnas f\u00f6rdelar i \u00e5tanke<\/li>\n\n\n\n<li>Kvalitet som bevisats i praktiken<\/li>\n\n\n\n<li>Professionellt utseende<\/li>\n<\/ul>\n<\/div>\n\n\n\n<div class=\"wp-block-column is-layout-flow wp-block-column-is-layout-flow\">\n<figure class=\"wp-block-image size-large\"><img loading=\"lazy\" decoding=\"async\" width=\"600\" height=\"399\" src=\"https:\/\/primacover.com\/wp-content\/uploads\/2021\/03\/PrimaCover-Robust-Prefab-Trap.jpg\" alt=\"PrimaCover Robust Prefab Trap\" class=\"wp-image-14659\" srcset=\"https:\/\/primacover.com\/wp-content\/uploads\/2021\/03\/PrimaCover-Robust-Prefab-Trap.jpg 600w, https:\/\/primacover.com\/wp-content\/uploads\/2021\/03\/PrimaCover-Robust-Prefab-Trap-300x200.jpg 300w\" sizes=\"auto, (max-width: 600px) 100vw, 600px\" \/><\/figure>\n\n\n\n<figure class=\"wp-block-embed is-type-video is-provider-youtube wp-block-embed-youtube wp-embed-aspect-16-9 wp-has-aspect-ratio\"><div class=\"wp-block-embed__wrapper\">\n<iframe loading=\"lazy\" title=\"PrimaCover afdekvlies - Beschermt tegen vallend gereedschap\" width=\"1200\" height=\"675\" src=\"https:\/\/www.youtube.com\/embed\/TsP2ez8h7IU?feature=oembed&#038;enablejsapi=1&#038;origin=https:\/\/primacover.com\" frameborder=\"0\" allow=\"accelerometer; autoplay; clipboard-write; encrypted-media; gyroscope; picture-in-picture; web-share\" referrerpolicy=\"strict-origin-when-cross-origin\" allowfullscreen><\/iframe>\n<\/div><\/figure>\n\n\n\n<p><\/p>\n<\/div>\n<\/div>\n<\/div><\/div>\n\n\n\n<div class=\"wp-block-columns has-base-background-color has-background is-layout-flex wp-container-core-columns-is-layout-9d6595d7 wp-block-columns-is-layout-flex\">\n<div class=\"wp-block-column is-layout-flow wp-block-column-is-layout-flow\" style=\"flex-basis:33%\">\n<h3 class=\"wp-block-heading\" id=\"h-primacover-produktoversikt\">PrimaCover produkt\u00f6versikt<\/h3>\n\n\n\n<p class=\"has-contrast-color has-text-color\">PrimaCover passar perfekt f\u00f6r byggf\u00f6retag, renoverare och m\u00e5lare. F\u00f6r bygg-, nybyggnads-, renoverings- och fastighetsunderh\u00e5ll \u00e4r det ett s\u00e4kert val n\u00e4r det g\u00e4ller att skydda och t\u00e4cka golv och trappor.<\/p>\n\n\n\n<p><a href=\"https:\/\/primacover.com\/sv\/producten\/\">G\u00e5 till produkter \u2026&gt;<\/a><\/p>\n<\/div>\n\n\n\n<div class=\"wp-block-column is-layout-flow wp-block-column-is-layout-flow\" style=\"flex-basis:33%\">\n<figure class=\"wp-block-image\"><a href=\"https:\/\/primacover.com\/datasheets\/PC_Drieluik_SE_DIG_v4.pdf\"><img decoding=\"async\" src=\"https:\/\/primacover.com\/wp-content\/uploads\/2020\/11\/PrimaCover_promoblock_METR.png\" alt=\"PrimaCover Brochure NL\"\/><\/a><\/figure>\n<\/div>\n\n\n\n<div class=\"wp-block-column is-layout-flow wp-block-column-is-layout-flow\" style=\"flex-basis:33%\">\n<h3 class=\"wp-block-heading has-contrast-2-color has-text-color\" id=\"h-vara-produkter-erbjuder-sakerhet\">V\u00e5ra produkter erbjuder s\u00e4kerhet<\/h3>\n\n\n\n<p>Hur viktigt det \u00e4r att skydda underlaget och milj\u00f6n under arbetets g\u00e5ng blir tydligt f\u00f6rst n\u00e4r f\u00e4rgburken tappas. Eller n\u00e4r en kanna med olja v\u00e4lts omkull. Varje dag anv\u00e4nds v\u00e5ra produkter p\u00e5 byggarbetsplatser och fartyg, i hem och p\u00e5 sjukhus, i monument och p\u00e5 museer.<\/p>\n\n\n\n<p class=\"has-contrast-2-color has-text-color\">V\u00e5ra produkter erbjuder s\u00e4kerhet. Vad kan vi g\u00f6ra f\u00f6r dig? <a href=\"https:\/\/primacover.com\/sv\/contact\/\">H\u00f6r av dig till oss!<\/a><\/p>\n<\/div>\n<\/div>\n\n\n\n\n\n<div class=\"wp-block-group\"><div class=\"wp-block-group__inner-container is-layout-flow wp-block-group-is-layout-flow\">\n<div class=\"wp-block-columns has-3-columns is-layout-flex wp-container-core-columns-is-layout-9d6595d7 wp-block-columns-is-layout-flex\">\n<div class=\"wp-block-column is-layout-flow wp-block-column-is-layout-flow\">\n<figure class=\"wp-block-image size-large\"><img loading=\"lazy\" decoding=\"async\" width=\"600\" height=\"399\" src=\"https:\/\/primacover.com\/wp-content\/uploads\/2021\/03\/PrimaCover-afdekvlies-Steiger-Praktijk.jpg\" alt=\"PrimaCover afdekvlies Steiger Praktijk\" class=\"wp-image-14660\" srcset=\"https:\/\/primacover.com\/wp-content\/uploads\/2021\/03\/PrimaCover-afdekvlies-Steiger-Praktijk.jpg 600w, https:\/\/primacover.com\/wp-content\/uploads\/2021\/03\/PrimaCover-afdekvlies-Steiger-Praktijk-300x200.jpg 300w\" sizes=\"auto, (max-width: 600px) 100vw, 600px\" \/><\/figure>\n\n\n\n<h3 class=\"wp-block-heading\" id=\"h-bygg-nybyggnads-renoverings-och-fastighetsunderhall\">Bygg-, nybyggnads-, renoverings- och fastighetsunderh\u00e5ll<\/h3>\n\n\n\n<p>PrimaCover passar perfekt f\u00f6r byggf\u00f6retag, renoverare och m\u00e5lare.. F\u00f6r bygg- och nybyggnation, renovering och fastighetsunderh\u00e5ll, ett s\u00e4kert val f\u00f6r att skydda och t\u00e4cka golv och trappor.<\/p>\n\n\n\n<p><strong><strong>N\u00e5gra exempel:<\/strong><\/strong><\/p>\n\n\n\n<ul class=\"wp-block-list\">\n<li>T\u00e4ckning av prefabricerade betongdelar under projektbyggnation<\/li>\n\n\n\n<li>Skydd av parkett, kakel, natursten etc. under renovering<\/li>\n\n\n\n<li>Skydd av golv och trappor under putsning och m\u00e5lning<\/li>\n<\/ul>\n<\/div>\n\n\n\n<div class=\"wp-block-column is-layout-flow wp-block-column-is-layout-flow\">\n<figure class=\"wp-block-image size-large\"><img loading=\"lazy\" decoding=\"async\" width=\"600\" height=\"399\" src=\"https:\/\/primacover.com\/wp-content\/uploads\/2021\/03\/PrimaCover-Evenementen-Sportvloer.jpg\" alt=\"PrimaCover Evenementen Sporthal\" class=\"wp-image-14661\" srcset=\"https:\/\/primacover.com\/wp-content\/uploads\/2021\/03\/PrimaCover-Evenementen-Sportvloer.jpg 600w, https:\/\/primacover.com\/wp-content\/uploads\/2021\/03\/PrimaCover-Evenementen-Sportvloer-300x200.jpg 300w\" sizes=\"auto, (max-width: 600px) 100vw, 600px\" \/><\/figure>\n\n\n\n<h3 class=\"wp-block-heading\" id=\"h-evenemang\">Evenemang<\/h3>\n\n\n\n<p>Anv\u00e4nd PrimaCover \u00e4ven under evenemang. Genom att t\u00e4cka golvet skyddar du ytor och skapar en behaglig akustik.<\/p>\n\n\n\n<p><strong><strong><strong>N\u00e5gra exempel:<\/strong><\/strong><\/strong><\/p>\n\n\n\n<ul class=\"wp-block-list\">\n<li>T\u00e4ckning av gymnastiksalsgolv under tentamen<\/li>\n\n\n\n<li>Skydd av golv under uppbyggnad av utst\u00e4llningsmontrar<\/li>\n\n\n\n<li>Skapa g\u00e5ngv\u00e4gar \u00e4ven i h\u00f6gtrafikerade milj\u00f6er<\/li>\n<\/ul>\n<\/div>\n\n\n\n<div class=\"wp-block-column is-layout-flow wp-block-column-is-layout-flow\">\n<figure class=\"wp-block-image size-large\"><img loading=\"lazy\" decoding=\"async\" width=\"600\" height=\"399\" src=\"https:\/\/primacover.com\/wp-content\/uploads\/2021\/03\/PrimaCover-trapje-huis-nieuwbouw.jpg\" alt=\"\" class=\"wp-image-14662\" srcset=\"https:\/\/primacover.com\/wp-content\/uploads\/2021\/03\/PrimaCover-trapje-huis-nieuwbouw.jpg 600w, https:\/\/primacover.com\/wp-content\/uploads\/2021\/03\/PrimaCover-trapje-huis-nieuwbouw-300x200.jpg 300w\" sizes=\"auto, (max-width: 600px) 100vw, 600px\" \/><\/figure>\n<\/div>\n<\/div>\n<\/div><\/div>\n\n\n\n<h2 class=\"gb-headline gb-headline-ffe793dc gb-headline-text\">Actueel<\/h2>\n\n\n<div class=\"gb-container gb-container-7661cff9\">\n\n<div class=\"gb-grid-wrapper gb-grid-wrapper-c6fad5c1 gb-query-loop-wrapper\"><\/div>\n\n<div class=\"gb-container gb-container-3e536a86 gb-query-loop-pagination\">\n\n\n\n\n\n<\/div>\n\n<\/div>","protected":false},"excerpt":{"rendered":"<p>Bygg och renovera s\u00e4kert med PrimaCover T\u00e4ckmaterial, fiberduk, t\u00e4ckfolien, dammd\u00f6rrar och specialtejper Fiberduk, t\u00e4ckfolien och dammd\u00f6rrar Bygge, ombyggnad och renovering<\/p>\n","protected":false},"author":1,"featured_media":0,"parent":0,"menu_order":10,"comment_status":"closed","ping_status":"closed","template":"","meta":{"generate_page_header":"","footnotes":""},"class_list":["post-139322","page","type-page","status-publish"],"yoast_head":"<!-- This site is optimized with the Yoast SEO Premium plugin v26.7 (Yoast SEO v27.3) - https:\/\/yoast.com\/product\/yoast-seo-premium-wordpress\/ -->\n<title>PrimaCover Afdekvlies, afdekfolie tapes en ritsdoorgangen<\/title>\n<meta name=\"description\" content=\"PrimaCover afdekmaterialen, afdekvliezen, afdekfolies, ritsdoorgangen en tapes om vloeren en trappen te beschermen tijdens ombouw, renovatie en onderhoud.\" \/>\n<meta name=\"robots\" content=\"index, follow, max-snippet:-1, max-image-preview:large, max-video-preview:-1\" \/>\n<link rel=\"canonical\" href=\"https:\/\/primacover.com\/sv\/\" \/>\n<meta property=\"og:locale\" content=\"sv_SE\" \/>\n<meta property=\"og:type\" content=\"article\" \/>\n<meta property=\"og:title\" content=\"PrimaCover\" \/>\n<meta property=\"og:description\" content=\"PrimaCover afdekmaterialen, afdekvliezen, afdekfolies, ritsdoorgangen en tapes om vloeren en trappen te beschermen tijdens ombouw, renovatie en onderhoud.\" \/>\n<meta property=\"og:url\" content=\"https:\/\/primacover.com\/sv\/\" \/>\n<meta property=\"og:site_name\" content=\"PrimaCover\" \/>\n<meta property=\"article:publisher\" content=\"https:\/\/www.facebook.com\/PrimaverdeBV\" \/>\n<meta property=\"article:modified_time\" content=\"2025-10-15T08:52:21+00:00\" \/>\n<meta property=\"og:image\" content=\"https:\/\/primacover.com\/wp-content\/uploads\/2021\/03\/PrimaCover-Robust-Prefab-Trap.jpg\" \/>\n\t<meta property=\"og:image:width\" content=\"600\" \/>\n\t<meta property=\"og:image:height\" content=\"399\" \/>\n\t<meta property=\"og:image:type\" content=\"image\/jpeg\" \/>\n<meta name=\"twitter:card\" content=\"summary_large_image\" \/>\n<meta name=\"twitter:label1\" content=\"Ber\u00e4knad l\u00e4stid\" \/>\n\t<meta name=\"twitter:data1\" content=\"8 minuter\" \/>\n<script type=\"application\/ld+json\" class=\"yoast-schema-graph\">{\"@context\":\"https:\\\/\\\/schema.org\",\"@graph\":[{\"@type\":\"WebPage\",\"@id\":\"https:\\\/\\\/primacover.com\\\/sv\\\/\",\"url\":\"https:\\\/\\\/primacover.com\\\/sv\\\/\",\"name\":\"PrimaCover Afdekvlies, afdekfolie tapes en ritsdoorgangen\",\"isPartOf\":{\"@id\":\"https:\\\/\\\/primacover.com\\\/sv\\\/#website\"},\"primaryImageOfPage\":{\"@id\":\"https:\\\/\\\/primacover.com\\\/sv\\\/#primaryimage\"},\"image\":{\"@id\":\"https:\\\/\\\/primacover.com\\\/sv\\\/#primaryimage\"},\"thumbnailUrl\":\"https:\\\/\\\/primacover.com\\\/wp-content\\\/uploads\\\/2021\\\/03\\\/PrimaCover-Robust-Prefab-Trap.jpg\",\"datePublished\":\"2016-08-14T15:39:09+00:00\",\"dateModified\":\"2025-10-15T08:52:21+00:00\",\"description\":\"PrimaCover afdekmaterialen, afdekvliezen, afdekfolies, ritsdoorgangen en tapes om vloeren en trappen te beschermen tijdens ombouw, renovatie en onderhoud.\",\"breadcrumb\":{\"@id\":\"https:\\\/\\\/primacover.com\\\/sv\\\/#breadcrumb\"},\"inLanguage\":\"sv-SE\",\"potentialAction\":[{\"@type\":\"ReadAction\",\"target\":[\"https:\\\/\\\/primacover.com\\\/sv\\\/\"]}]},{\"@type\":\"ImageObject\",\"inLanguage\":\"sv-SE\",\"@id\":\"https:\\\/\\\/primacover.com\\\/sv\\\/#primaryimage\",\"url\":\"https:\\\/\\\/primacover.com\\\/wp-content\\\/uploads\\\/2021\\\/03\\\/PrimaCover-Robust-Prefab-Trap.jpg\",\"contentUrl\":\"https:\\\/\\\/primacover.com\\\/wp-content\\\/uploads\\\/2021\\\/03\\\/PrimaCover-Robust-Prefab-Trap.jpg\"},{\"@type\":\"BreadcrumbList\",\"@id\":\"https:\\\/\\\/primacover.com\\\/sv\\\/#breadcrumb\",\"itemListElement\":[{\"@type\":\"ListItem\",\"position\":1,\"name\":\"Home\",\"item\":\"https:\\\/\\\/primacover.com\\\/sv\\\/\"},{\"@type\":\"ListItem\",\"position\":2,\"name\":\"PrimaCover\"}]},{\"@type\":\"WebSite\",\"@id\":\"https:\\\/\\\/primacover.com\\\/sv\\\/#website\",\"url\":\"https:\\\/\\\/primacover.com\\\/sv\\\/\",\"name\":\"PrimaCover\",\"description\":\"afdekvlies-afdekfolie-stofdeuren, coveringmaterials-dustdoors\",\"publisher\":{\"@id\":\"https:\\\/\\\/primacover.com\\\/sv\\\/#organization\"},\"potentialAction\":[{\"@type\":\"SearchAction\",\"target\":{\"@type\":\"EntryPoint\",\"urlTemplate\":\"https:\\\/\\\/primacover.com\\\/sv\\\/?s={search_term_string}\"},\"query-input\":{\"@type\":\"PropertyValueSpecification\",\"valueRequired\":true,\"valueName\":\"search_term_string\"}}],\"inLanguage\":\"sv-SE\"},{\"@type\":\"Organization\",\"@id\":\"https:\\\/\\\/primacover.com\\\/sv\\\/#organization\",\"name\":\"PrimaCover\",\"url\":\"https:\\\/\\\/primacover.com\\\/sv\\\/\",\"logo\":{\"@type\":\"ImageObject\",\"inLanguage\":\"sv-SE\",\"@id\":\"https:\\\/\\\/primacover.com\\\/sv\\\/#\\\/schema\\\/logo\\\/image\\\/\",\"url\":\"\",\"contentUrl\":\"\",\"caption\":\"PrimaCover\"},\"image\":{\"@id\":\"https:\\\/\\\/primacover.com\\\/sv\\\/#\\\/schema\\\/logo\\\/image\\\/\"},\"sameAs\":[\"https:\\\/\\\/www.facebook.com\\\/PrimaverdeBV\",\"https:\\\/\\\/nl.linkedin.com\\\/company\\\/primaverde\",\"https:\\\/\\\/www.youtube.com\\\/channel\\\/UC3DwQqj8f8tatLdSFA0aWwA\"]}]}<\/script>\n<!-- \/ Yoast SEO Premium plugin. -->","yoast_head_json":{"title":"PrimaCover Afdekvlies, afdekfolie tapes en ritsdoorgangen","description":"PrimaCover afdekmaterialen, afdekvliezen, afdekfolies, ritsdoorgangen en tapes om vloeren en trappen te beschermen tijdens ombouw, renovatie en onderhoud.","robots":{"index":"index","follow":"follow","max-snippet":"max-snippet:-1","max-image-preview":"max-image-preview:large","max-video-preview":"max-video-preview:-1"},"canonical":"https:\/\/primacover.com\/sv\/","og_locale":"sv_SE","og_type":"article","og_title":"PrimaCover","og_description":"PrimaCover afdekmaterialen, afdekvliezen, afdekfolies, ritsdoorgangen en tapes om vloeren en trappen te beschermen tijdens ombouw, renovatie en onderhoud.","og_url":"https:\/\/primacover.com\/sv\/","og_site_name":"PrimaCover","article_publisher":"https:\/\/www.facebook.com\/PrimaverdeBV","article_modified_time":"2025-10-15T08:52:21+00:00","og_image":[{"width":600,"height":399,"url":"https:\/\/primacover.com\/wp-content\/uploads\/2021\/03\/PrimaCover-Robust-Prefab-Trap.jpg","type":"image\/jpeg"}],"twitter_card":"summary_large_image","twitter_misc":{"Ber\u00e4knad l\u00e4stid":"8 minuter"},"schema":{"@context":"https:\/\/schema.org","@graph":[{"@type":"WebPage","@id":"https:\/\/primacover.com\/sv\/","url":"https:\/\/primacover.com\/sv\/","name":"PrimaCover Afdekvlies, afdekfolie tapes en ritsdoorgangen","isPartOf":{"@id":"https:\/\/primacover.com\/sv\/#website"},"primaryImageOfPage":{"@id":"https:\/\/primacover.com\/sv\/#primaryimage"},"image":{"@id":"https:\/\/primacover.com\/sv\/#primaryimage"},"thumbnailUrl":"https:\/\/primacover.com\/wp-content\/uploads\/2021\/03\/PrimaCover-Robust-Prefab-Trap.jpg","datePublished":"2016-08-14T15:39:09+00:00","dateModified":"2025-10-15T08:52:21+00:00","description":"PrimaCover afdekmaterialen, afdekvliezen, afdekfolies, ritsdoorgangen en tapes om vloeren en trappen te beschermen tijdens ombouw, renovatie en onderhoud.","breadcrumb":{"@id":"https:\/\/primacover.com\/sv\/#breadcrumb"},"inLanguage":"sv-SE","potentialAction":[{"@type":"ReadAction","target":["https:\/\/primacover.com\/sv\/"]}]},{"@type":"ImageObject","inLanguage":"sv-SE","@id":"https:\/\/primacover.com\/sv\/#primaryimage","url":"https:\/\/primacover.com\/wp-content\/uploads\/2021\/03\/PrimaCover-Robust-Prefab-Trap.jpg","contentUrl":"https:\/\/primacover.com\/wp-content\/uploads\/2021\/03\/PrimaCover-Robust-Prefab-Trap.jpg"},{"@type":"BreadcrumbList","@id":"https:\/\/primacover.com\/sv\/#breadcrumb","itemListElement":[{"@type":"ListItem","position":1,"name":"Home","item":"https:\/\/primacover.com\/sv\/"},{"@type":"ListItem","position":2,"name":"PrimaCover"}]},{"@type":"WebSite","@id":"https:\/\/primacover.com\/sv\/#website","url":"https:\/\/primacover.com\/sv\/","name":"PrimaCover","description":"afdekvlies-afdekfolie-stofdeuren, coveringmaterials-dustdoors","publisher":{"@id":"https:\/\/primacover.com\/sv\/#organization"},"potentialAction":[{"@type":"SearchAction","target":{"@type":"EntryPoint","urlTemplate":"https:\/\/primacover.com\/sv\/?s={search_term_string}"},"query-input":{"@type":"PropertyValueSpecification","valueRequired":true,"valueName":"search_term_string"}}],"inLanguage":"sv-SE"},{"@type":"Organization","@id":"https:\/\/primacover.com\/sv\/#organization","name":"PrimaCover","url":"https:\/\/primacover.com\/sv\/","logo":{"@type":"ImageObject","inLanguage":"sv-SE","@id":"https:\/\/primacover.com\/sv\/#\/schema\/logo\/image\/","url":"","contentUrl":"","caption":"PrimaCover"},"image":{"@id":"https:\/\/primacover.com\/sv\/#\/schema\/logo\/image\/"},"sameAs":["https:\/\/www.facebook.com\/PrimaverdeBV","https:\/\/nl.linkedin.com\/company\/primaverde","https:\/\/www.youtube.com\/channel\/UC3DwQqj8f8tatLdSFA0aWwA"]}]}},"_links":{"self":[{"href":"https:\/\/primacover.com\/sv\/wp-json\/wp\/v2\/pages\/139322","targetHints":{"allow":["GET"]}}],"collection":[{"href":"https:\/\/primacover.com\/sv\/wp-json\/wp\/v2\/pages"}],"about":[{"href":"https:\/\/primacover.com\/sv\/wp-json\/wp\/v2\/types\/page"}],"author":[{"embeddable":true,"href":"https:\/\/primacover.com\/sv\/wp-json\/wp\/v2\/users\/1"}],"replies":[{"embeddable":true,"href":"https:\/\/primacover.com\/sv\/wp-json\/wp\/v2\/comments?post=139322"}],"version-history":[{"count":3,"href":"https:\/\/primacover.com\/sv\/wp-json\/wp\/v2\/pages\/139322\/revisions"}],"predecessor-version":[{"id":140811,"href":"https:\/\/primacover.com\/sv\/wp-json\/wp\/v2\/pages\/139322\/revisions\/140811"}],"wp:attachment":[{"href":"https:\/\/primacover.com\/sv\/wp-json\/wp\/v2\/media?parent=139322"}],"curies":[{"name":"wp","href":"https:\/\/api.w.org\/{rel}","templated":true}]}}