{"id":139375,"date":"2024-06-27T15:29:36","date_gmt":"2024-06-27T13:29:36","guid":{"rendered":"https:\/\/primacover.com\/product\/primacover-cutter\/"},"modified":"2026-04-03T11:35:41","modified_gmt":"2026-04-03T09:35:41","slug":"primacover-cutter","status":"publish","type":"product","link":"https:\/\/primacover.com\/sv\/product\/primacover-cutter\/","title":{"rendered":"PrimaCover Cutter"},"content":{"rendered":"<h2>PrimaCover Cutter folie- och fiberkniv<\/h2>\n<p>Idealisk f\u00f6r att sk\u00e4ra folie och fiberduk.<\/p>\n<p>PrimaCover Cutter \u00e4r perfekt f\u00f6r exakt och effektiv sk\u00e4rning av olika material, t.ex. folie och fiberduk. Tack vare det bekv\u00e4ma greppet ligger den sk\u00f6nt i handen och ger en enkel och exakt sk\u00e4rning. Dessutom \u00e4r bladet l\u00e4tt att byta ut och ers\u00e4ttningsblad finns att k\u00f6pa separat.<\/p>\n<p><strong>Egenskaper:<\/strong><\/p>\n<ul>\n<li>Vinklat blad utformat f\u00f6r att enkelt sk\u00e4ra igenom folie och fiberduk<\/li>\n<li>Tillverkad av h\u00f6gkvalitativ plast<\/li>\n<li>Bekv\u00e4mt handtag f\u00f6r enkel och exakt sk\u00e4rning<\/li>\n<li>Reservblad ing\u00e5r ej (reservblad finns att k\u00f6pa separat)<\/li>\n<\/ul>\n<p><strong>Anv\u00e4ndning:<\/strong><\/p>\n<ul>\n<li>F\u00f6r sk\u00e4rning av folie och fiberduk<\/li>\n<\/ul>\n<p><strong>Instruktioner:<\/strong><\/p>\n<ul>\n<li>PrimaCover Cutter \u00e4r vass. Byt ut sk\u00e4rbladet regelbundet f\u00f6r att s\u00e4kerst\u00e4lla optimal sk\u00e4rprestanda.<\/li>\n<\/ul>\n","protected":false},"excerpt":{"rendered":"<p>Handig vliesmes<\/p>\n","protected":false},"featured_media":139801,"menu_order":5,"template":"","meta":{"generate_page_header":""},"product_brand":[],"product_cat":[4255],"product_tag":[],"class_list":{"0":"post-139375","1":"product","2":"type-product","3":"status-publish","4":"has-post-thumbnail","6":"product_cat-tillbehor","7":"","8":"woocommerce-text-align-center","9":"woocommerce-image-align-center","10":"do-quantity-buttons","12":"first","13":"instock","14":"shipping-taxable","15":"product-type-simple"},"yoast_head":"<!-- This site is optimized with the Yoast SEO Premium plugin v26.7 (Yoast SEO v27.3) - https:\/\/yoast.com\/product\/yoast-seo-premium-wordpress\/ -->\n<title>PrimaCover Cutter<\/title>\n<meta name=\"robots\" content=\"index, follow, max-snippet:-1, max-image-preview:large, max-video-preview:-1\" \/>\n<link rel=\"canonical\" href=\"https:\/\/primacover.com\/sv\/product\/primacover-cutter\/\" \/>\n<meta property=\"og:locale\" content=\"sv_SE\" \/>\n<meta property=\"og:type\" content=\"article\" \/>\n<meta property=\"og:title\" content=\"PrimaCover Cutter\" \/>\n<meta property=\"og:description\" content=\"Handig vliesmes\" \/>\n<meta property=\"og:url\" content=\"https:\/\/primacover.com\/sv\/product\/primacover-cutter\/\" \/>\n<meta property=\"og:site_name\" content=\"PrimaCover\" \/>\n<meta property=\"article:publisher\" content=\"https:\/\/www.facebook.com\/PrimaverdeBV\" \/>\n<meta property=\"article:modified_time\" content=\"2026-04-03T09:35:41+00:00\" \/>\n<meta property=\"og:image\" content=\"https:\/\/primacover.com\/wp-content\/uploads\/2024\/06\/Cutter_P0NZ_s02.jpg\" \/>\n\t<meta property=\"og:image:width\" content=\"600\" \/>\n\t<meta property=\"og:image:height\" content=\"600\" \/>\n\t<meta property=\"og:image:type\" content=\"image\/jpeg\" \/>\n<meta name=\"twitter:card\" content=\"summary_large_image\" \/>\n<meta name=\"twitter:label1\" content=\"Pris\" \/>\n\t<meta name=\"twitter:data1\" content=\"\" \/>\n\t<meta name=\"twitter:label2\" content=\"Tillg\u00e4nglig\" \/>\n\t<meta name=\"twitter:data2\" content=\"I lager\" \/>\n<script type=\"application\/ld+json\" class=\"yoast-schema-graph\">{\"@context\":\"https:\\\/\\\/schema.org\",\"@graph\":[{\"@type\":\"WebPage\",\"@id\":\"https:\\\/\\\/primacover.com\\\/sv\\\/product\\\/primacover-cutter\\\/\",\"url\":\"https:\\\/\\\/primacover.com\\\/sv\\\/product\\\/primacover-cutter\\\/\",\"name\":\"PrimaCover Cutter\",\"isPartOf\":{\"@id\":\"https:\\\/\\\/primacover.com\\\/sv\\\/#website\"},\"primaryImageOfPage\":{\"@id\":\"https:\\\/\\\/primacover.com\\\/sv\\\/product\\\/primacover-cutter\\\/#primaryimage\"},\"image\":{\"@id\":\"https:\\\/\\\/primacover.com\\\/sv\\\/product\\\/primacover-cutter\\\/#primaryimage\"},\"thumbnailUrl\":\"https:\\\/\\\/primacover.com\\\/wp-content\\\/uploads\\\/2024\\\/06\\\/Cutter_P0NZ_s02-1.jpg\",\"datePublished\":\"2024-06-27T13:29:36+00:00\",\"dateModified\":\"2026-04-03T09:35:41+00:00\",\"breadcrumb\":{\"@id\":\"https:\\\/\\\/primacover.com\\\/sv\\\/product\\\/primacover-cutter\\\/#breadcrumb\"},\"inLanguage\":\"sv-SE\",\"potentialAction\":[{\"@type\":\"ReadAction\",\"target\":[\"https:\\\/\\\/primacover.com\\\/sv\\\/product\\\/primacover-cutter\\\/\"]}]},{\"@type\":\"ImageObject\",\"inLanguage\":\"sv-SE\",\"@id\":\"https:\\\/\\\/primacover.com\\\/sv\\\/product\\\/primacover-cutter\\\/#primaryimage\",\"url\":\"https:\\\/\\\/primacover.com\\\/wp-content\\\/uploads\\\/2024\\\/06\\\/Cutter_P0NZ_s02-1.jpg\",\"contentUrl\":\"https:\\\/\\\/primacover.com\\\/wp-content\\\/uploads\\\/2024\\\/06\\\/Cutter_P0NZ_s02-1.jpg\",\"width\":600,\"height\":600},{\"@type\":\"BreadcrumbList\",\"@id\":\"https:\\\/\\\/primacover.com\\\/sv\\\/product\\\/primacover-cutter\\\/#breadcrumb\",\"itemListElement\":[{\"@type\":\"ListItem\",\"position\":1,\"name\":\"Home\",\"item\":\"https:\\\/\\\/primacover.com\\\/sv\\\/\"},{\"@type\":\"ListItem\",\"position\":2,\"name\":\"Produkter\",\"item\":\"https:\\\/\\\/primacover.com\\\/sv\\\/producten\\\/\"},{\"@type\":\"ListItem\",\"position\":3,\"name\":\"PrimaCover Cutter\"}]},{\"@type\":\"WebSite\",\"@id\":\"https:\\\/\\\/primacover.com\\\/sv\\\/#website\",\"url\":\"https:\\\/\\\/primacover.com\\\/sv\\\/\",\"name\":\"PrimaCover\",\"description\":\"afdekvlies-afdekfolie-stofdeuren, coveringmaterials-dustdoors\",\"publisher\":{\"@id\":\"https:\\\/\\\/primacover.com\\\/sv\\\/#organization\"},\"potentialAction\":[{\"@type\":\"SearchAction\",\"target\":{\"@type\":\"EntryPoint\",\"urlTemplate\":\"https:\\\/\\\/primacover.com\\\/sv\\\/?s={search_term_string}\"},\"query-input\":{\"@type\":\"PropertyValueSpecification\",\"valueRequired\":true,\"valueName\":\"search_term_string\"}}],\"inLanguage\":\"sv-SE\"},{\"@type\":\"Organization\",\"@id\":\"https:\\\/\\\/primacover.com\\\/sv\\\/#organization\",\"name\":\"PrimaCover\",\"url\":\"https:\\\/\\\/primacover.com\\\/sv\\\/\",\"logo\":{\"@type\":\"ImageObject\",\"inLanguage\":\"sv-SE\",\"@id\":\"https:\\\/\\\/primacover.com\\\/sv\\\/#\\\/schema\\\/logo\\\/image\\\/\",\"url\":\"\",\"contentUrl\":\"\",\"caption\":\"PrimaCover\"},\"image\":{\"@id\":\"https:\\\/\\\/primacover.com\\\/sv\\\/#\\\/schema\\\/logo\\\/image\\\/\"},\"sameAs\":[\"https:\\\/\\\/www.facebook.com\\\/PrimaverdeBV\",\"https:\\\/\\\/nl.linkedin.com\\\/company\\\/primaverde\",\"https:\\\/\\\/www.youtube.com\\\/channel\\\/UC3DwQqj8f8tatLdSFA0aWwA\"]}]}<\/script>\n<meta property=\"product:price:currency\" content=\"EUR\" \/>\n<meta property=\"og:availability\" content=\"instock\" \/>\n<meta property=\"product:availability\" content=\"instock\" \/>\n<meta property=\"product:condition\" content=\"new\" \/>\n<!-- \/ Yoast SEO Premium plugin. -->","yoast_head_json":{"title":"PrimaCover Cutter","robots":{"index":"index","follow":"follow","max-snippet":"max-snippet:-1","max-image-preview":"max-image-preview:large","max-video-preview":"max-video-preview:-1"},"canonical":"https:\/\/primacover.com\/sv\/product\/primacover-cutter\/","og_locale":"sv_SE","og_type":"article","og_title":"PrimaCover Cutter","og_description":"Handig vliesmes","og_url":"https:\/\/primacover.com\/sv\/product\/primacover-cutter\/","og_site_name":"PrimaCover","article_publisher":"https:\/\/www.facebook.com\/PrimaverdeBV","article_modified_time":"2026-04-03T09:35:41+00:00","og_image":[{"width":600,"height":600,"url":"https:\/\/primacover.com\/wp-content\/uploads\/2024\/06\/Cutter_P0NZ_s02.jpg","type":"image\/jpeg"}],"twitter_card":"summary_large_image","twitter_misc":{"Pris":"","Tillg\u00e4nglig":"I lager"},"schema":{"@context":"https:\/\/schema.org","@graph":[{"@type":"WebPage","@id":"https:\/\/primacover.com\/sv\/product\/primacover-cutter\/","url":"https:\/\/primacover.com\/sv\/product\/primacover-cutter\/","name":"PrimaCover Cutter","isPartOf":{"@id":"https:\/\/primacover.com\/sv\/#website"},"primaryImageOfPage":{"@id":"https:\/\/primacover.com\/sv\/product\/primacover-cutter\/#primaryimage"},"image":{"@id":"https:\/\/primacover.com\/sv\/product\/primacover-cutter\/#primaryimage"},"thumbnailUrl":"https:\/\/primacover.com\/wp-content\/uploads\/2024\/06\/Cutter_P0NZ_s02-1.jpg","datePublished":"2024-06-27T13:29:36+00:00","dateModified":"2026-04-03T09:35:41+00:00","breadcrumb":{"@id":"https:\/\/primacover.com\/sv\/product\/primacover-cutter\/#breadcrumb"},"inLanguage":"sv-SE","potentialAction":[{"@type":"ReadAction","target":["https:\/\/primacover.com\/sv\/product\/primacover-cutter\/"]}]},{"@type":"ImageObject","inLanguage":"sv-SE","@id":"https:\/\/primacover.com\/sv\/product\/primacover-cutter\/#primaryimage","url":"https:\/\/primacover.com\/wp-content\/uploads\/2024\/06\/Cutter_P0NZ_s02-1.jpg","contentUrl":"https:\/\/primacover.com\/wp-content\/uploads\/2024\/06\/Cutter_P0NZ_s02-1.jpg","width":600,"height":600},{"@type":"BreadcrumbList","@id":"https:\/\/primacover.com\/sv\/product\/primacover-cutter\/#breadcrumb","itemListElement":[{"@type":"ListItem","position":1,"name":"Home","item":"https:\/\/primacover.com\/sv\/"},{"@type":"ListItem","position":2,"name":"Produkter","item":"https:\/\/primacover.com\/sv\/producten\/"},{"@type":"ListItem","position":3,"name":"PrimaCover Cutter"}]},{"@type":"WebSite","@id":"https:\/\/primacover.com\/sv\/#website","url":"https:\/\/primacover.com\/sv\/","name":"PrimaCover","description":"afdekvlies-afdekfolie-stofdeuren, coveringmaterials-dustdoors","publisher":{"@id":"https:\/\/primacover.com\/sv\/#organization"},"potentialAction":[{"@type":"SearchAction","target":{"@type":"EntryPoint","urlTemplate":"https:\/\/primacover.com\/sv\/?s={search_term_string}"},"query-input":{"@type":"PropertyValueSpecification","valueRequired":true,"valueName":"search_term_string"}}],"inLanguage":"sv-SE"},{"@type":"Organization","@id":"https:\/\/primacover.com\/sv\/#organization","name":"PrimaCover","url":"https:\/\/primacover.com\/sv\/","logo":{"@type":"ImageObject","inLanguage":"sv-SE","@id":"https:\/\/primacover.com\/sv\/#\/schema\/logo\/image\/","url":"","contentUrl":"","caption":"PrimaCover"},"image":{"@id":"https:\/\/primacover.com\/sv\/#\/schema\/logo\/image\/"},"sameAs":["https:\/\/www.facebook.com\/PrimaverdeBV","https:\/\/nl.linkedin.com\/company\/primaverde","https:\/\/www.youtube.com\/channel\/UC3DwQqj8f8tatLdSFA0aWwA"]}]},"product_price_currency":"EUR","og_availability":"instock","product_availability":"instock","product_condition":"new"},"_links":{"self":[{"href":"https:\/\/primacover.com\/sv\/wp-json\/wp\/v2\/product\/139375","targetHints":{"allow":["GET"]}}],"collection":[{"href":"https:\/\/primacover.com\/sv\/wp-json\/wp\/v2\/product"}],"about":[{"href":"https:\/\/primacover.com\/sv\/wp-json\/wp\/v2\/types\/product"}],"wp:featuredmedia":[{"embeddable":true,"href":"https:\/\/primacover.com\/sv\/wp-json\/wp\/v2\/media\/139801"}],"wp:attachment":[{"href":"https:\/\/primacover.com\/sv\/wp-json\/wp\/v2\/media?parent=139375"}],"wp:term":[{"taxonomy":"product_brand","embeddable":true,"href":"https:\/\/primacover.com\/sv\/wp-json\/wp\/v2\/product_brand?post=139375"},{"taxonomy":"product_cat","embeddable":true,"href":"https:\/\/primacover.com\/sv\/wp-json\/wp\/v2\/product_cat?post=139375"},{"taxonomy":"product_tag","embeddable":true,"href":"https:\/\/primacover.com\/sv\/wp-json\/wp\/v2\/product_tag?post=139375"}],"curies":[{"name":"wp","href":"https:\/\/api.w.org\/{rel}","templated":true}]}}