{"id":139401,"date":"2022-05-02T12:55:07","date_gmt":"2022-05-02T10:55:07","guid":{"rendered":"https:\/\/primacover.com\/product\/primacover-standard-fr\/"},"modified":"2026-04-03T11:34:46","modified_gmt":"2026-04-03T09:34:46","slug":"primacover-standard-fr","status":"publish","type":"product","link":"https:\/\/primacover.com\/sv\/product\/primacover-standard-fr\/","title":{"rendered":"PrimaCover Standard FR"},"content":{"rendered":"<h2>Flamh\u00e4mmande sj\u00e4lvh\u00e4ftande fiberduk<\/h2>\n<p>PrimaCover Standard FR \u00e4r en flamh\u00e4mmande sj\u00e4lvh\u00e4ftande fiberduk f\u00f6r h\u00e5rda, torkade ytor. Skyddar golv och trappor mot fukt, f\u00e4rg och mekaniska skador. Idealisk vid byggnation, ytbehandling, renovering och (tekniskt) underh\u00e5ll p\u00e5 platser d\u00e4r flamskydd kr\u00e4vs eller \u00f6nskas.<\/p>\n<p><strong>Egenskaper:<\/strong><\/p>\n<ul>\n<li>Flamh\u00e4mmande (EN 13501-1 Bfl s1)<\/li>\n<li>V\u00e4tsket\u00e4t<\/li>\n<li>St\u00f6tsabsorberande<\/li>\n<li>Sj\u00e4lvh\u00e4ftande<\/li>\n<li>\u00c5teranv\u00e4ndbar<\/li>\n<li>Tillverkad av \u00e5tervunna polyesterfibrer<\/li>\n<\/ul>\n<p><strong>Anv\u00e4ndning:<\/strong><\/p>\n<ul>\n<li>F\u00f6r alla helt torra h\u00e5rda ytor<\/li>\n<li>F\u00f6r golv och trappor<\/li>\n<\/ul>\n<p><strong>Instruktioner:<\/strong><\/p>\n<ul>\n<li>Testa produkten f\u00f6re anv\u00e4ndning<\/li>\n<li>St\u00e4ng av golvv\u00e4rme f\u00f6re anv\u00e4ndning<\/li>\n<\/ul>\n","protected":false},"excerpt":{"rendered":"<h2>Vlamvertragend zelfklevend afdekvlies<\/h2>\n","protected":false},"featured_media":139402,"menu_order":16,"template":"","meta":{"generate_page_header":""},"product_brand":[],"product_cat":[4257],"product_tag":[4265,4268],"class_list":{"0":"post-139401","1":"product","2":"type-product","3":"status-publish","4":"has-post-thumbnail","6":"product_cat-fiberduk","7":"product_tag-befintlig-och-genomtorkad-innehaller-ingen-fukt","8":"product_tag-sjalvhaftande","9":"pa_breedte-0-65-sv","10":"pa_breedte-1-sv","11":"pa_eenheid-m-sv","12":"pa_foliedikte-40-sv","13":"pa_lengte-25-sv","14":"pa_matten30-0-0x30-sv","15":"pa_merk-primacover-sv","16":"pa_objecttypen-golv","17":"pa_objecttypen-trappor","18":"pa_ondergrond-gjutet-golv-plast","19":"pa_ondergrond-keramiskt-kakel","20":"pa_ondergrond-laminat-sv","21":"pa_ondergrond-linoleum-sv","22":"pa_ondergrond-natursten","23":"pa_ondergrond-parket-sv","24":"pa_ondergrond-prefab-beton-sv","25":"pa_ondergrond-pvc-pu-toplaag-sv","26":"pa_ondergrond-syntetisk","27":"pa_ondergrond-tra","28":"pa_ondergrond-vinyl-sv","29":"pa_ondergrond-zichtbeton-sv","30":"","31":"woocommerce-text-align-center","32":"woocommerce-image-align-center","33":"do-quantity-buttons","35":"first","36":"instock","37":"shipping-taxable","38":"product-type-simple"},"yoast_head":"<!-- This site is optimized with the Yoast SEO Premium plugin v26.7 (Yoast SEO v27.3) - https:\/\/yoast.com\/product\/yoast-seo-premium-wordpress\/ -->\n<title>PrimaCover Standard FR Afdekvlies<\/title>\n<meta name=\"description\" content=\"Vlamvertragend zelfklevend afdekvlies voor harde doorgedroogde ondergronden. Voorkomt beschadigingen door puin, vuil, vocht, verf, rollend materieel, vallende gereedschappen en slijpsel.\" \/>\n<meta name=\"robots\" content=\"index, follow, max-snippet:-1, max-image-preview:large, max-video-preview:-1\" \/>\n<link rel=\"canonical\" href=\"https:\/\/primacover.com\/sv\/product\/primacover-standard-fr\/\" \/>\n<meta property=\"og:locale\" content=\"sv_SE\" \/>\n<meta property=\"og:type\" content=\"article\" \/>\n<meta property=\"og:title\" content=\"PrimaCover Standard FR\" \/>\n<meta property=\"og:description\" content=\"Vlamvertragend zelfklevend afdekvlies voor harde doorgedroogde ondergronden. Voorkomt beschadigingen door puin, vuil, vocht, verf, rollend materieel, vallende gereedschappen en slijpsel.\" \/>\n<meta property=\"og:url\" content=\"https:\/\/primacover.com\/sv\/product\/primacover-standard-fr\/\" \/>\n<meta property=\"og:site_name\" content=\"PrimaCover\" \/>\n<meta property=\"article:publisher\" content=\"https:\/\/www.facebook.com\/PrimaverdeBV\" \/>\n<meta property=\"article:modified_time\" content=\"2026-04-03T09:34:46+00:00\" \/>\n<meta property=\"og:image\" content=\"https:\/\/primacover.com\/wp-content\/uploads\/2022\/04\/Standard-FR_P0NZ_s07.jpg\" \/>\n\t<meta property=\"og:image:width\" content=\"600\" \/>\n\t<meta property=\"og:image:height\" content=\"600\" \/>\n\t<meta property=\"og:image:type\" content=\"image\/jpeg\" \/>\n<meta name=\"twitter:card\" content=\"summary_large_image\" \/>\n<meta name=\"twitter:label1\" content=\"Pris\" \/>\n\t<meta name=\"twitter:data1\" content=\"\" \/>\n\t<meta name=\"twitter:label2\" content=\"Tillg\u00e4nglig\" \/>\n\t<meta name=\"twitter:data2\" content=\"I lager\" \/>\n<script type=\"application\/ld+json\" class=\"yoast-schema-graph\">{\"@context\":\"https:\\\/\\\/schema.org\",\"@graph\":[{\"@type\":\"WebPage\",\"@id\":\"https:\\\/\\\/primacover.com\\\/sv\\\/product\\\/primacover-standard-fr\\\/\",\"url\":\"https:\\\/\\\/primacover.com\\\/sv\\\/product\\\/primacover-standard-fr\\\/\",\"name\":\"PrimaCover Standard FR Afdekvlies\",\"isPartOf\":{\"@id\":\"https:\\\/\\\/primacover.com\\\/sv\\\/#website\"},\"primaryImageOfPage\":{\"@id\":\"https:\\\/\\\/primacover.com\\\/sv\\\/product\\\/primacover-standard-fr\\\/#primaryimage\"},\"image\":{\"@id\":\"https:\\\/\\\/primacover.com\\\/sv\\\/product\\\/primacover-standard-fr\\\/#primaryimage\"},\"thumbnailUrl\":\"https:\\\/\\\/primacover.com\\\/wp-content\\\/uploads\\\/2022\\\/04\\\/Standard-FR_P0NZ_s07.jpg\",\"datePublished\":\"2022-05-02T10:55:07+00:00\",\"dateModified\":\"2026-04-03T09:34:46+00:00\",\"description\":\"Vlamvertragend zelfklevend afdekvlies voor harde doorgedroogde ondergronden. Voorkomt beschadigingen door puin, vuil, vocht, verf, rollend materieel, vallende gereedschappen en slijpsel.\",\"breadcrumb\":{\"@id\":\"https:\\\/\\\/primacover.com\\\/sv\\\/product\\\/primacover-standard-fr\\\/#breadcrumb\"},\"inLanguage\":\"sv-SE\",\"potentialAction\":[{\"@type\":\"ReadAction\",\"target\":[\"https:\\\/\\\/primacover.com\\\/sv\\\/product\\\/primacover-standard-fr\\\/\"]}]},{\"@type\":\"ImageObject\",\"inLanguage\":\"sv-SE\",\"@id\":\"https:\\\/\\\/primacover.com\\\/sv\\\/product\\\/primacover-standard-fr\\\/#primaryimage\",\"url\":\"https:\\\/\\\/primacover.com\\\/wp-content\\\/uploads\\\/2022\\\/04\\\/Standard-FR_P0NZ_s07.jpg\",\"contentUrl\":\"https:\\\/\\\/primacover.com\\\/wp-content\\\/uploads\\\/2022\\\/04\\\/Standard-FR_P0NZ_s07.jpg\",\"width\":600,\"height\":600},{\"@type\":\"BreadcrumbList\",\"@id\":\"https:\\\/\\\/primacover.com\\\/sv\\\/product\\\/primacover-standard-fr\\\/#breadcrumb\",\"itemListElement\":[{\"@type\":\"ListItem\",\"position\":1,\"name\":\"Home\",\"item\":\"https:\\\/\\\/primacover.com\\\/sv\\\/\"},{\"@type\":\"ListItem\",\"position\":2,\"name\":\"Produkter\",\"item\":\"https:\\\/\\\/primacover.com\\\/sv\\\/producten\\\/\"},{\"@type\":\"ListItem\",\"position\":3,\"name\":\"PrimaCover Standard FR\"}]},{\"@type\":\"WebSite\",\"@id\":\"https:\\\/\\\/primacover.com\\\/sv\\\/#website\",\"url\":\"https:\\\/\\\/primacover.com\\\/sv\\\/\",\"name\":\"PrimaCover\",\"description\":\"afdekvlies-afdekfolie-stofdeuren, coveringmaterials-dustdoors\",\"publisher\":{\"@id\":\"https:\\\/\\\/primacover.com\\\/sv\\\/#organization\"},\"potentialAction\":[{\"@type\":\"SearchAction\",\"target\":{\"@type\":\"EntryPoint\",\"urlTemplate\":\"https:\\\/\\\/primacover.com\\\/sv\\\/?s={search_term_string}\"},\"query-input\":{\"@type\":\"PropertyValueSpecification\",\"valueRequired\":true,\"valueName\":\"search_term_string\"}}],\"inLanguage\":\"sv-SE\"},{\"@type\":\"Organization\",\"@id\":\"https:\\\/\\\/primacover.com\\\/sv\\\/#organization\",\"name\":\"PrimaCover\",\"url\":\"https:\\\/\\\/primacover.com\\\/sv\\\/\",\"logo\":{\"@type\":\"ImageObject\",\"inLanguage\":\"sv-SE\",\"@id\":\"https:\\\/\\\/primacover.com\\\/sv\\\/#\\\/schema\\\/logo\\\/image\\\/\",\"url\":\"\",\"contentUrl\":\"\",\"caption\":\"PrimaCover\"},\"image\":{\"@id\":\"https:\\\/\\\/primacover.com\\\/sv\\\/#\\\/schema\\\/logo\\\/image\\\/\"},\"sameAs\":[\"https:\\\/\\\/www.facebook.com\\\/PrimaverdeBV\",\"https:\\\/\\\/nl.linkedin.com\\\/company\\\/primaverde\",\"https:\\\/\\\/www.youtube.com\\\/channel\\\/UC3DwQqj8f8tatLdSFA0aWwA\"]}]}<\/script>\n<meta property=\"product:brand\" content=\"PrimaCover\" \/>\n<meta property=\"product:price:currency\" content=\"EUR\" \/>\n<meta property=\"og:availability\" content=\"instock\" \/>\n<meta property=\"product:availability\" content=\"instock\" \/>\n<meta property=\"product:retailer_item_id\" content=\"PC900601\" \/>\n<meta property=\"product:condition\" content=\"new\" \/>\n<!-- \/ Yoast SEO Premium plugin. -->","yoast_head_json":{"title":"PrimaCover Standard FR Afdekvlies","description":"Vlamvertragend zelfklevend afdekvlies voor harde doorgedroogde ondergronden. Voorkomt beschadigingen door puin, vuil, vocht, verf, rollend materieel, vallende gereedschappen en slijpsel.","robots":{"index":"index","follow":"follow","max-snippet":"max-snippet:-1","max-image-preview":"max-image-preview:large","max-video-preview":"max-video-preview:-1"},"canonical":"https:\/\/primacover.com\/sv\/product\/primacover-standard-fr\/","og_locale":"sv_SE","og_type":"article","og_title":"PrimaCover Standard FR","og_description":"Vlamvertragend zelfklevend afdekvlies voor harde doorgedroogde ondergronden. Voorkomt beschadigingen door puin, vuil, vocht, verf, rollend materieel, vallende gereedschappen en slijpsel.","og_url":"https:\/\/primacover.com\/sv\/product\/primacover-standard-fr\/","og_site_name":"PrimaCover","article_publisher":"https:\/\/www.facebook.com\/PrimaverdeBV","article_modified_time":"2026-04-03T09:34:46+00:00","og_image":[{"width":600,"height":600,"url":"https:\/\/primacover.com\/wp-content\/uploads\/2022\/04\/Standard-FR_P0NZ_s07.jpg","type":"image\/jpeg"}],"twitter_card":"summary_large_image","twitter_misc":{"Pris":"","Tillg\u00e4nglig":"I lager"},"schema":{"@context":"https:\/\/schema.org","@graph":[{"@type":"WebPage","@id":"https:\/\/primacover.com\/sv\/product\/primacover-standard-fr\/","url":"https:\/\/primacover.com\/sv\/product\/primacover-standard-fr\/","name":"PrimaCover Standard FR Afdekvlies","isPartOf":{"@id":"https:\/\/primacover.com\/sv\/#website"},"primaryImageOfPage":{"@id":"https:\/\/primacover.com\/sv\/product\/primacover-standard-fr\/#primaryimage"},"image":{"@id":"https:\/\/primacover.com\/sv\/product\/primacover-standard-fr\/#primaryimage"},"thumbnailUrl":"https:\/\/primacover.com\/wp-content\/uploads\/2022\/04\/Standard-FR_P0NZ_s07.jpg","datePublished":"2022-05-02T10:55:07+00:00","dateModified":"2026-04-03T09:34:46+00:00","description":"Vlamvertragend zelfklevend afdekvlies voor harde doorgedroogde ondergronden. Voorkomt beschadigingen door puin, vuil, vocht, verf, rollend materieel, vallende gereedschappen en slijpsel.","breadcrumb":{"@id":"https:\/\/primacover.com\/sv\/product\/primacover-standard-fr\/#breadcrumb"},"inLanguage":"sv-SE","potentialAction":[{"@type":"ReadAction","target":["https:\/\/primacover.com\/sv\/product\/primacover-standard-fr\/"]}]},{"@type":"ImageObject","inLanguage":"sv-SE","@id":"https:\/\/primacover.com\/sv\/product\/primacover-standard-fr\/#primaryimage","url":"https:\/\/primacover.com\/wp-content\/uploads\/2022\/04\/Standard-FR_P0NZ_s07.jpg","contentUrl":"https:\/\/primacover.com\/wp-content\/uploads\/2022\/04\/Standard-FR_P0NZ_s07.jpg","width":600,"height":600},{"@type":"BreadcrumbList","@id":"https:\/\/primacover.com\/sv\/product\/primacover-standard-fr\/#breadcrumb","itemListElement":[{"@type":"ListItem","position":1,"name":"Home","item":"https:\/\/primacover.com\/sv\/"},{"@type":"ListItem","position":2,"name":"Produkter","item":"https:\/\/primacover.com\/sv\/producten\/"},{"@type":"ListItem","position":3,"name":"PrimaCover Standard FR"}]},{"@type":"WebSite","@id":"https:\/\/primacover.com\/sv\/#website","url":"https:\/\/primacover.com\/sv\/","name":"PrimaCover","description":"afdekvlies-afdekfolie-stofdeuren, coveringmaterials-dustdoors","publisher":{"@id":"https:\/\/primacover.com\/sv\/#organization"},"potentialAction":[{"@type":"SearchAction","target":{"@type":"EntryPoint","urlTemplate":"https:\/\/primacover.com\/sv\/?s={search_term_string}"},"query-input":{"@type":"PropertyValueSpecification","valueRequired":true,"valueName":"search_term_string"}}],"inLanguage":"sv-SE"},{"@type":"Organization","@id":"https:\/\/primacover.com\/sv\/#organization","name":"PrimaCover","url":"https:\/\/primacover.com\/sv\/","logo":{"@type":"ImageObject","inLanguage":"sv-SE","@id":"https:\/\/primacover.com\/sv\/#\/schema\/logo\/image\/","url":"","contentUrl":"","caption":"PrimaCover"},"image":{"@id":"https:\/\/primacover.com\/sv\/#\/schema\/logo\/image\/"},"sameAs":["https:\/\/www.facebook.com\/PrimaverdeBV","https:\/\/nl.linkedin.com\/company\/primaverde","https:\/\/www.youtube.com\/channel\/UC3DwQqj8f8tatLdSFA0aWwA"]}]},"product_brand":"PrimaCover","product_price_currency":"EUR","og_availability":"instock","product_availability":"instock","product_retailer_item_id":"PC900601","product_condition":"new"},"_links":{"self":[{"href":"https:\/\/primacover.com\/sv\/wp-json\/wp\/v2\/product\/139401","targetHints":{"allow":["GET"]}}],"collection":[{"href":"https:\/\/primacover.com\/sv\/wp-json\/wp\/v2\/product"}],"about":[{"href":"https:\/\/primacover.com\/sv\/wp-json\/wp\/v2\/types\/product"}],"wp:featuredmedia":[{"embeddable":true,"href":"https:\/\/primacover.com\/sv\/wp-json\/wp\/v2\/media\/139402"}],"wp:attachment":[{"href":"https:\/\/primacover.com\/sv\/wp-json\/wp\/v2\/media?parent=139401"}],"wp:term":[{"taxonomy":"product_brand","embeddable":true,"href":"https:\/\/primacover.com\/sv\/wp-json\/wp\/v2\/product_brand?post=139401"},{"taxonomy":"product_cat","embeddable":true,"href":"https:\/\/primacover.com\/sv\/wp-json\/wp\/v2\/product_cat?post=139401"},{"taxonomy":"product_tag","embeddable":true,"href":"https:\/\/primacover.com\/sv\/wp-json\/wp\/v2\/product_tag?post=139401"}],"curies":[{"name":"wp","href":"https:\/\/api.w.org\/{rel}","templated":true}]}}