{"id":139419,"date":"2022-05-02T12:54:39","date_gmt":"2022-05-02T10:54:39","guid":{"rendered":"https:\/\/primacover.com\/product\/primacover-active\/"},"modified":"2026-04-03T11:29:47","modified_gmt":"2026-04-03T09:29:47","slug":"primacover-active","status":"publish","type":"product","link":"https:\/\/primacover.com\/sv\/product\/primacover-active\/","title":{"rendered":"PrimaCover Active"},"content":{"rendered":"<h2>Genomsl\u00e4pplig fiberduk<\/h2>\n<p>PrimaCover Active \u00e4r en s\u00e4ker fiberduk som andas f\u00f6r nylagda och nyligen behandlade ytor av natursten, exponerad betong m.m. F\u00f6rsedd med ett membran p\u00e5 ovansidan som sl\u00e4pper ut fukt och f\u00f6rhindrar att v\u00e4tskor tr\u00e4nger in.<\/p>\n<p><strong>Egenskaper:<\/strong><\/p>\n<ul>\n<li>Genomsl\u00e4pplig (1,2l\/m\u00b2\/24h)<\/li>\n<li>V\u00e4tsket\u00e4t<\/li>\n<li>Halkfri<\/li>\n<li>Sj\u00e4lvh\u00e4ftande<\/li>\n<li>St\u00f6td\u00e4mpande<\/li>\n<\/ul>\n<p><strong>Anv\u00e4ndning:<\/strong><\/p>\n<ul>\n<li>F\u00f6r nylagda och nyligen behandlade ytor av natursten, exponerad betong m.m. <\/li>\n<li>L\u00e4mplig f\u00f6r golv och trappor<\/li>\n<\/ul>\n<p><strong>Instruktioner:<\/strong><\/p>\n<ul>\n<li>Testa produkten f\u00f6re anv\u00e4ndning<\/li>\n<li>St\u00e4ng av golvv\u00e4rme f\u00f6re anv\u00e4ndning<\/li>\n<\/ul>\n","protected":false},"excerpt":{"rendered":"<h2>Ademingsactief afdekvlies<\/h2>\n","protected":false},"featured_media":139420,"menu_order":18,"template":"","meta":{"generate_page_header":""},"product_brand":[],"product_cat":[4257],"product_tag":[4265,4267,4266,4268],"class_list":{"0":"post-139419","1":"product","2":"type-product","3":"status-publish","4":"has-post-thumbnail","6":"product_cat-fiberduk","7":"product_tag-befintlig-och-genomtorkad-innehaller-ingen-fukt","8":"product_tag-nyligen-behandlad","9":"product_tag-nyligen-lagt","10":"product_tag-sjalvhaftande","11":"pa_breedte-1-sv","12":"pa_breedte-2-sv","13":"pa_eenheid-m-sv","14":"pa_lengte-25-sv","15":"pa_lengte-50-sv","16":"pa_matten30-0-0x30-sv","17":"pa_merk-primacover-sv","18":"pa_objecttypen-golv","19":"pa_objecttypen-trappor","20":"pa_ondergrond-gjutet-golv-plast","21":"pa_ondergrond-natursten","22":"pa_ondergrond-prefab-beton-sv","23":"pa_ondergrond-syntetisk","24":"pa_ondergrond-tra-obehandlat","25":"pa_ondergrond-vinyl-sv","26":"pa_ondergrond-zichtbeton-sv","27":"","28":"woocommerce-text-align-center","29":"woocommerce-image-align-center","30":"do-quantity-buttons","32":"first","33":"instock","34":"shipping-taxable","35":"product-type-simple"},"yoast_head":"<!-- This site is optimized with the Yoast SEO Premium plugin v26.7 (Yoast SEO v27.3) - https:\/\/yoast.com\/product\/yoast-seo-premium-wordpress\/ -->\n<title>PrimaCover Active Afdekvlies<\/title>\n<meta name=\"description\" content=\"PrimaCover Active is een zelfklevend en ademingsactief polyester afdekvlies. Aan de bovenzijde voorzien van een meerlagig membraan dat vocht laat ontsnappen en het binnendringen van vloeistoffen verhindert. Vochtregulerend en speciaal ontwikkeld voor vloeren die gevoelig zijn voor vocht zoals natuursteen- en zichtbeton vloeren.\" \/>\n<meta name=\"robots\" content=\"index, follow, max-snippet:-1, max-image-preview:large, max-video-preview:-1\" \/>\n<link rel=\"canonical\" href=\"https:\/\/primacover.com\/sv\/product\/primacover-active\/\" \/>\n<meta property=\"og:locale\" content=\"sv_SE\" \/>\n<meta property=\"og:type\" content=\"article\" \/>\n<meta property=\"og:title\" content=\"PrimaCover Active\" \/>\n<meta property=\"og:description\" content=\"PrimaCover Active is een zelfklevend en ademingsactief polyester afdekvlies. Aan de bovenzijde voorzien van een meerlagig membraan dat vocht laat ontsnappen en het binnendringen van vloeistoffen verhindert. Vochtregulerend en speciaal ontwikkeld voor vloeren die gevoelig zijn voor vocht zoals natuursteen- en zichtbeton vloeren.\" \/>\n<meta property=\"og:url\" content=\"https:\/\/primacover.com\/sv\/product\/primacover-active\/\" \/>\n<meta property=\"og:site_name\" content=\"PrimaCover\" \/>\n<meta property=\"article:publisher\" content=\"https:\/\/www.facebook.com\/PrimaverdeBV\" \/>\n<meta property=\"article:modified_time\" content=\"2026-04-03T09:29:47+00:00\" \/>\n<meta property=\"og:image\" content=\"https:\/\/primacover.com\/wp-content\/uploads\/2022\/04\/Active_P0NZ_s01.jpg\" \/>\n\t<meta property=\"og:image:width\" content=\"600\" \/>\n\t<meta property=\"og:image:height\" content=\"600\" \/>\n\t<meta property=\"og:image:type\" content=\"image\/jpeg\" \/>\n<meta name=\"twitter:card\" content=\"summary_large_image\" \/>\n<meta name=\"twitter:label1\" content=\"Pris\" \/>\n\t<meta name=\"twitter:data1\" content=\"\" \/>\n\t<meta name=\"twitter:label2\" content=\"Tillg\u00e4nglig\" \/>\n\t<meta name=\"twitter:data2\" content=\"I lager\" \/>\n<script type=\"application\/ld+json\" class=\"yoast-schema-graph\">{\"@context\":\"https:\\\/\\\/schema.org\",\"@graph\":[{\"@type\":\"WebPage\",\"@id\":\"https:\\\/\\\/primacover.com\\\/sv\\\/product\\\/primacover-active\\\/\",\"url\":\"https:\\\/\\\/primacover.com\\\/sv\\\/product\\\/primacover-active\\\/\",\"name\":\"PrimaCover Active Afdekvlies\",\"isPartOf\":{\"@id\":\"https:\\\/\\\/primacover.com\\\/sv\\\/#website\"},\"primaryImageOfPage\":{\"@id\":\"https:\\\/\\\/primacover.com\\\/sv\\\/product\\\/primacover-active\\\/#primaryimage\"},\"image\":{\"@id\":\"https:\\\/\\\/primacover.com\\\/sv\\\/product\\\/primacover-active\\\/#primaryimage\"},\"thumbnailUrl\":\"https:\\\/\\\/primacover.com\\\/wp-content\\\/uploads\\\/2022\\\/04\\\/Active_P0NZ_s01.jpg\",\"datePublished\":\"2022-05-02T10:54:39+00:00\",\"dateModified\":\"2026-04-03T09:29:47+00:00\",\"description\":\"PrimaCover Active is een zelfklevend en ademingsactief polyester afdekvlies. Aan de bovenzijde voorzien van een meerlagig membraan dat vocht laat ontsnappen en het binnendringen van vloeistoffen verhindert. Vochtregulerend en speciaal ontwikkeld voor vloeren die gevoelig zijn voor vocht zoals natuursteen- en zichtbeton vloeren.\",\"breadcrumb\":{\"@id\":\"https:\\\/\\\/primacover.com\\\/sv\\\/product\\\/primacover-active\\\/#breadcrumb\"},\"inLanguage\":\"sv-SE\",\"potentialAction\":[{\"@type\":\"ReadAction\",\"target\":[\"https:\\\/\\\/primacover.com\\\/sv\\\/product\\\/primacover-active\\\/\"]}]},{\"@type\":\"ImageObject\",\"inLanguage\":\"sv-SE\",\"@id\":\"https:\\\/\\\/primacover.com\\\/sv\\\/product\\\/primacover-active\\\/#primaryimage\",\"url\":\"https:\\\/\\\/primacover.com\\\/wp-content\\\/uploads\\\/2022\\\/04\\\/Active_P0NZ_s01.jpg\",\"contentUrl\":\"https:\\\/\\\/primacover.com\\\/wp-content\\\/uploads\\\/2022\\\/04\\\/Active_P0NZ_s01.jpg\",\"width\":600,\"height\":600},{\"@type\":\"BreadcrumbList\",\"@id\":\"https:\\\/\\\/primacover.com\\\/sv\\\/product\\\/primacover-active\\\/#breadcrumb\",\"itemListElement\":[{\"@type\":\"ListItem\",\"position\":1,\"name\":\"Home\",\"item\":\"https:\\\/\\\/primacover.com\\\/sv\\\/\"},{\"@type\":\"ListItem\",\"position\":2,\"name\":\"Produkter\",\"item\":\"https:\\\/\\\/primacover.com\\\/sv\\\/producten\\\/\"},{\"@type\":\"ListItem\",\"position\":3,\"name\":\"PrimaCover Active\"}]},{\"@type\":\"WebSite\",\"@id\":\"https:\\\/\\\/primacover.com\\\/sv\\\/#website\",\"url\":\"https:\\\/\\\/primacover.com\\\/sv\\\/\",\"name\":\"PrimaCover\",\"description\":\"afdekvlies-afdekfolie-stofdeuren, coveringmaterials-dustdoors\",\"publisher\":{\"@id\":\"https:\\\/\\\/primacover.com\\\/sv\\\/#organization\"},\"potentialAction\":[{\"@type\":\"SearchAction\",\"target\":{\"@type\":\"EntryPoint\",\"urlTemplate\":\"https:\\\/\\\/primacover.com\\\/sv\\\/?s={search_term_string}\"},\"query-input\":{\"@type\":\"PropertyValueSpecification\",\"valueRequired\":true,\"valueName\":\"search_term_string\"}}],\"inLanguage\":\"sv-SE\"},{\"@type\":\"Organization\",\"@id\":\"https:\\\/\\\/primacover.com\\\/sv\\\/#organization\",\"name\":\"PrimaCover\",\"url\":\"https:\\\/\\\/primacover.com\\\/sv\\\/\",\"logo\":{\"@type\":\"ImageObject\",\"inLanguage\":\"sv-SE\",\"@id\":\"https:\\\/\\\/primacover.com\\\/sv\\\/#\\\/schema\\\/logo\\\/image\\\/\",\"url\":\"\",\"contentUrl\":\"\",\"caption\":\"PrimaCover\"},\"image\":{\"@id\":\"https:\\\/\\\/primacover.com\\\/sv\\\/#\\\/schema\\\/logo\\\/image\\\/\"},\"sameAs\":[\"https:\\\/\\\/www.facebook.com\\\/PrimaverdeBV\",\"https:\\\/\\\/nl.linkedin.com\\\/company\\\/primaverde\",\"https:\\\/\\\/www.youtube.com\\\/channel\\\/UC3DwQqj8f8tatLdSFA0aWwA\"]}]}<\/script>\n<meta property=\"product:brand\" content=\"PrimaCover\" \/>\n<meta property=\"product:price:currency\" content=\"EUR\" \/>\n<meta property=\"og:availability\" content=\"instock\" \/>\n<meta property=\"product:availability\" content=\"instock\" \/>\n<meta property=\"product:retailer_item_id\" content=\"PC900046\" \/>\n<meta property=\"product:condition\" content=\"new\" \/>\n<!-- \/ Yoast SEO Premium plugin. -->","yoast_head_json":{"title":"PrimaCover Active Afdekvlies","description":"PrimaCover Active is een zelfklevend en ademingsactief polyester afdekvlies. Aan de bovenzijde voorzien van een meerlagig membraan dat vocht laat ontsnappen en het binnendringen van vloeistoffen verhindert. Vochtregulerend en speciaal ontwikkeld voor vloeren die gevoelig zijn voor vocht zoals natuursteen- en zichtbeton vloeren.","robots":{"index":"index","follow":"follow","max-snippet":"max-snippet:-1","max-image-preview":"max-image-preview:large","max-video-preview":"max-video-preview:-1"},"canonical":"https:\/\/primacover.com\/sv\/product\/primacover-active\/","og_locale":"sv_SE","og_type":"article","og_title":"PrimaCover Active","og_description":"PrimaCover Active is een zelfklevend en ademingsactief polyester afdekvlies. Aan de bovenzijde voorzien van een meerlagig membraan dat vocht laat ontsnappen en het binnendringen van vloeistoffen verhindert. Vochtregulerend en speciaal ontwikkeld voor vloeren die gevoelig zijn voor vocht zoals natuursteen- en zichtbeton vloeren.","og_url":"https:\/\/primacover.com\/sv\/product\/primacover-active\/","og_site_name":"PrimaCover","article_publisher":"https:\/\/www.facebook.com\/PrimaverdeBV","article_modified_time":"2026-04-03T09:29:47+00:00","og_image":[{"width":600,"height":600,"url":"https:\/\/primacover.com\/wp-content\/uploads\/2022\/04\/Active_P0NZ_s01.jpg","type":"image\/jpeg"}],"twitter_card":"summary_large_image","twitter_misc":{"Pris":"","Tillg\u00e4nglig":"I lager"},"schema":{"@context":"https:\/\/schema.org","@graph":[{"@type":"WebPage","@id":"https:\/\/primacover.com\/sv\/product\/primacover-active\/","url":"https:\/\/primacover.com\/sv\/product\/primacover-active\/","name":"PrimaCover Active Afdekvlies","isPartOf":{"@id":"https:\/\/primacover.com\/sv\/#website"},"primaryImageOfPage":{"@id":"https:\/\/primacover.com\/sv\/product\/primacover-active\/#primaryimage"},"image":{"@id":"https:\/\/primacover.com\/sv\/product\/primacover-active\/#primaryimage"},"thumbnailUrl":"https:\/\/primacover.com\/wp-content\/uploads\/2022\/04\/Active_P0NZ_s01.jpg","datePublished":"2022-05-02T10:54:39+00:00","dateModified":"2026-04-03T09:29:47+00:00","description":"PrimaCover Active is een zelfklevend en ademingsactief polyester afdekvlies. Aan de bovenzijde voorzien van een meerlagig membraan dat vocht laat ontsnappen en het binnendringen van vloeistoffen verhindert. Vochtregulerend en speciaal ontwikkeld voor vloeren die gevoelig zijn voor vocht zoals natuursteen- en zichtbeton vloeren.","breadcrumb":{"@id":"https:\/\/primacover.com\/sv\/product\/primacover-active\/#breadcrumb"},"inLanguage":"sv-SE","potentialAction":[{"@type":"ReadAction","target":["https:\/\/primacover.com\/sv\/product\/primacover-active\/"]}]},{"@type":"ImageObject","inLanguage":"sv-SE","@id":"https:\/\/primacover.com\/sv\/product\/primacover-active\/#primaryimage","url":"https:\/\/primacover.com\/wp-content\/uploads\/2022\/04\/Active_P0NZ_s01.jpg","contentUrl":"https:\/\/primacover.com\/wp-content\/uploads\/2022\/04\/Active_P0NZ_s01.jpg","width":600,"height":600},{"@type":"BreadcrumbList","@id":"https:\/\/primacover.com\/sv\/product\/primacover-active\/#breadcrumb","itemListElement":[{"@type":"ListItem","position":1,"name":"Home","item":"https:\/\/primacover.com\/sv\/"},{"@type":"ListItem","position":2,"name":"Produkter","item":"https:\/\/primacover.com\/sv\/producten\/"},{"@type":"ListItem","position":3,"name":"PrimaCover Active"}]},{"@type":"WebSite","@id":"https:\/\/primacover.com\/sv\/#website","url":"https:\/\/primacover.com\/sv\/","name":"PrimaCover","description":"afdekvlies-afdekfolie-stofdeuren, coveringmaterials-dustdoors","publisher":{"@id":"https:\/\/primacover.com\/sv\/#organization"},"potentialAction":[{"@type":"SearchAction","target":{"@type":"EntryPoint","urlTemplate":"https:\/\/primacover.com\/sv\/?s={search_term_string}"},"query-input":{"@type":"PropertyValueSpecification","valueRequired":true,"valueName":"search_term_string"}}],"inLanguage":"sv-SE"},{"@type":"Organization","@id":"https:\/\/primacover.com\/sv\/#organization","name":"PrimaCover","url":"https:\/\/primacover.com\/sv\/","logo":{"@type":"ImageObject","inLanguage":"sv-SE","@id":"https:\/\/primacover.com\/sv\/#\/schema\/logo\/image\/","url":"","contentUrl":"","caption":"PrimaCover"},"image":{"@id":"https:\/\/primacover.com\/sv\/#\/schema\/logo\/image\/"},"sameAs":["https:\/\/www.facebook.com\/PrimaverdeBV","https:\/\/nl.linkedin.com\/company\/primaverde","https:\/\/www.youtube.com\/channel\/UC3DwQqj8f8tatLdSFA0aWwA"]}]},"product_brand":"PrimaCover","product_price_currency":"EUR","og_availability":"instock","product_availability":"instock","product_retailer_item_id":"PC900046","product_condition":"new"},"_links":{"self":[{"href":"https:\/\/primacover.com\/sv\/wp-json\/wp\/v2\/product\/139419","targetHints":{"allow":["GET"]}}],"collection":[{"href":"https:\/\/primacover.com\/sv\/wp-json\/wp\/v2\/product"}],"about":[{"href":"https:\/\/primacover.com\/sv\/wp-json\/wp\/v2\/types\/product"}],"wp:featuredmedia":[{"embeddable":true,"href":"https:\/\/primacover.com\/sv\/wp-json\/wp\/v2\/media\/139420"}],"wp:attachment":[{"href":"https:\/\/primacover.com\/sv\/wp-json\/wp\/v2\/media?parent=139419"}],"wp:term":[{"taxonomy":"product_brand","embeddable":true,"href":"https:\/\/primacover.com\/sv\/wp-json\/wp\/v2\/product_brand?post=139419"},{"taxonomy":"product_cat","embeddable":true,"href":"https:\/\/primacover.com\/sv\/wp-json\/wp\/v2\/product_cat?post=139419"},{"taxonomy":"product_tag","embeddable":true,"href":"https:\/\/primacover.com\/sv\/wp-json\/wp\/v2\/product_tag?post=139419"}],"curies":[{"name":"wp","href":"https:\/\/api.w.org\/{rel}","templated":true}]}}