{"id":139475,"date":"2022-05-02T12:54:30","date_gmt":"2022-05-02T10:54:30","guid":{"rendered":"https:\/\/primacover.com\/product\/primacover-carpetsaver\/"},"modified":"2026-04-03T11:30:46","modified_gmt":"2026-04-03T09:30:46","slug":"primacover-carpetsaver","status":"publish","type":"product","link":"https:\/\/primacover.com\/sv\/product\/primacover-carpetsaver\/","title":{"rendered":"PrimaCover Carpetsaver"},"content":{"rendered":"<h2>Fiberduk f\u00f6r mattor<\/h2>\n<p>PrimaCover Carpetsaver \u00e4r utvecklat speciellt f\u00f6r att t\u00e4cka \u00f6ver mattor. Ger utm\u00e4rkt skydd vid bygg-, renoverings-, gips- och m\u00e5leriarbeten.<\/p>\n<p><strong>Egenskaper:<\/strong><\/p>\n<ul>\n<li>Extra stark tack vare kombinationen av LDPE-folie med ett toppskikt av \u00e5tervunna polyesterfibrer<\/li>\n<li>Skyddar mot mekaniska skador<\/li>\n<li>V\u00e4tsket\u00e4t<\/li>\n<li>L\u00e4tt att anv\u00e4nda <\/li>\n<li>Repositionerbar<\/li>\n<li>P\u00e5litligt l\u00f6sningsmedelsbaserat h\u00e4ft\u00e4mne<\/li>\n<\/ul>\n<p><strong>Anv\u00e4ndning:<\/strong><\/p>\n<ul>\n<li>Speciellt l\u00e4mplig f\u00f6r mattor<\/li>\n<li>L\u00e4mplig f\u00f6r golv och trappor<\/li>\n<\/ul>\n<p><strong>Instruktioner:<\/strong><\/p>\n<ul>\n<li>Testa produkten f\u00f6re anv\u00e4ndning<\/li>\n<li>St\u00e4ng av golvv\u00e4rme f\u00f6re anv\u00e4ndning<\/li>\n<li>Avl\u00e4gsnas inom 3 m\u00e5nader efter anv\u00e4ndning<\/li>\n<\/ul>\n","protected":false},"excerpt":{"rendered":"<h2>Afdekvlies voor tapijt<\/h2>\n","protected":false},"featured_media":139484,"menu_order":24,"template":"","meta":{"generate_page_header":""},"product_brand":[],"product_cat":[4257],"product_tag":[4265,4268],"class_list":{"0":"post-139475","1":"product","2":"type-product","3":"status-publish","4":"has-post-thumbnail","6":"product_cat-fiberduk","7":"product_tag-befintlig-och-genomtorkad-innehaller-ingen-fukt","8":"product_tag-sjalvhaftande","9":"pa_breedte-0-65-sv","10":"pa_breedte-1-sv","11":"pa_eenheid-m-sv","12":"pa_lengte-50-sv","13":"pa_matten30-0-0x30-sv","14":"pa_merk-primacover-sv","15":"pa_objecttypen-golv","16":"pa_objecttypen-trappor","17":"pa_ondergrond-tapijt-hoogpolig-sv","18":"pa_ondergrond-tapijt-laagpolig-sv","19":"","20":"woocommerce-text-align-center","21":"woocommerce-image-align-center","22":"do-quantity-buttons","24":"first","25":"instock","26":"shipping-taxable","27":"product-type-simple"},"yoast_head":"<!-- This site is optimized with the Yoast SEO Premium plugin v26.7 (Yoast SEO v27.3) - https:\/\/yoast.com\/product\/yoast-seo-premium-wordpress\/ -->\n<title>PrimaCover Carpetsaver Afdekvlies<\/title>\n<meta name=\"description\" content=\"PrimaCover Carpetsaver is speciaal ontwikkeld voor het afdekken van tapijt. Biedt een uitstekende bescherming tijdens tal van werkzaamheden, zoals bouw-, renovatie-, stukadoor- en schilderwerken.\" \/>\n<meta name=\"robots\" content=\"index, follow, max-snippet:-1, max-image-preview:large, max-video-preview:-1\" \/>\n<link rel=\"canonical\" href=\"https:\/\/primacover.com\/sv\/product\/primacover-carpetsaver\/\" \/>\n<meta property=\"og:locale\" content=\"sv_SE\" \/>\n<meta property=\"og:type\" content=\"article\" \/>\n<meta property=\"og:title\" content=\"PrimaCover Carpetsaver\" \/>\n<meta property=\"og:description\" content=\"PrimaCover Carpetsaver is speciaal ontwikkeld voor het afdekken van tapijt. Biedt een uitstekende bescherming tijdens tal van werkzaamheden, zoals bouw-, renovatie-, stukadoor- en schilderwerken.\" \/>\n<meta property=\"og:url\" content=\"https:\/\/primacover.com\/sv\/product\/primacover-carpetsaver\/\" \/>\n<meta property=\"og:site_name\" content=\"PrimaCover\" \/>\n<meta property=\"article:publisher\" content=\"https:\/\/www.facebook.com\/PrimaverdeBV\" \/>\n<meta property=\"article:modified_time\" content=\"2026-04-03T09:30:46+00:00\" \/>\n<meta property=\"og:image\" content=\"https:\/\/primacover.com\/wp-content\/uploads\/2022\/04\/Carpetsaver_P0NZ_s01.jpg\" \/>\n\t<meta property=\"og:image:width\" content=\"600\" \/>\n\t<meta property=\"og:image:height\" content=\"600\" \/>\n\t<meta property=\"og:image:type\" content=\"image\/jpeg\" \/>\n<meta name=\"twitter:card\" content=\"summary_large_image\" \/>\n<meta name=\"twitter:label1\" content=\"Pris\" \/>\n\t<meta name=\"twitter:data1\" content=\"\" \/>\n\t<meta name=\"twitter:label2\" content=\"Tillg\u00e4nglig\" \/>\n\t<meta name=\"twitter:data2\" content=\"I lager\" \/>\n<script type=\"application\/ld+json\" class=\"yoast-schema-graph\">{\"@context\":\"https:\\\/\\\/schema.org\",\"@graph\":[{\"@type\":\"WebPage\",\"@id\":\"https:\\\/\\\/primacover.com\\\/sv\\\/product\\\/primacover-carpetsaver\\\/\",\"url\":\"https:\\\/\\\/primacover.com\\\/sv\\\/product\\\/primacover-carpetsaver\\\/\",\"name\":\"PrimaCover Carpetsaver Afdekvlies\",\"isPartOf\":{\"@id\":\"https:\\\/\\\/primacover.com\\\/sv\\\/#website\"},\"primaryImageOfPage\":{\"@id\":\"https:\\\/\\\/primacover.com\\\/sv\\\/product\\\/primacover-carpetsaver\\\/#primaryimage\"},\"image\":{\"@id\":\"https:\\\/\\\/primacover.com\\\/sv\\\/product\\\/primacover-carpetsaver\\\/#primaryimage\"},\"thumbnailUrl\":\"https:\\\/\\\/primacover.com\\\/wp-content\\\/uploads\\\/2022\\\/04\\\/Carpetsaver_P0NZ_s01.jpg\",\"datePublished\":\"2022-05-02T10:54:30+00:00\",\"dateModified\":\"2026-04-03T09:30:46+00:00\",\"description\":\"PrimaCover Carpetsaver is speciaal ontwikkeld voor het afdekken van tapijt. Biedt een uitstekende bescherming tijdens tal van werkzaamheden, zoals bouw-, renovatie-, stukadoor- en schilderwerken.\",\"breadcrumb\":{\"@id\":\"https:\\\/\\\/primacover.com\\\/sv\\\/product\\\/primacover-carpetsaver\\\/#breadcrumb\"},\"inLanguage\":\"sv-SE\",\"potentialAction\":[{\"@type\":\"ReadAction\",\"target\":[\"https:\\\/\\\/primacover.com\\\/sv\\\/product\\\/primacover-carpetsaver\\\/\"]}]},{\"@type\":\"ImageObject\",\"inLanguage\":\"sv-SE\",\"@id\":\"https:\\\/\\\/primacover.com\\\/sv\\\/product\\\/primacover-carpetsaver\\\/#primaryimage\",\"url\":\"https:\\\/\\\/primacover.com\\\/wp-content\\\/uploads\\\/2022\\\/04\\\/Carpetsaver_P0NZ_s01.jpg\",\"contentUrl\":\"https:\\\/\\\/primacover.com\\\/wp-content\\\/uploads\\\/2022\\\/04\\\/Carpetsaver_P0NZ_s01.jpg\",\"width\":600,\"height\":600},{\"@type\":\"BreadcrumbList\",\"@id\":\"https:\\\/\\\/primacover.com\\\/sv\\\/product\\\/primacover-carpetsaver\\\/#breadcrumb\",\"itemListElement\":[{\"@type\":\"ListItem\",\"position\":1,\"name\":\"Home\",\"item\":\"https:\\\/\\\/primacover.com\\\/sv\\\/\"},{\"@type\":\"ListItem\",\"position\":2,\"name\":\"Produkter\",\"item\":\"https:\\\/\\\/primacover.com\\\/sv\\\/producten\\\/\"},{\"@type\":\"ListItem\",\"position\":3,\"name\":\"PrimaCover Carpetsaver\"}]},{\"@type\":\"WebSite\",\"@id\":\"https:\\\/\\\/primacover.com\\\/sv\\\/#website\",\"url\":\"https:\\\/\\\/primacover.com\\\/sv\\\/\",\"name\":\"PrimaCover\",\"description\":\"afdekvlies-afdekfolie-stofdeuren, coveringmaterials-dustdoors\",\"publisher\":{\"@id\":\"https:\\\/\\\/primacover.com\\\/sv\\\/#organization\"},\"potentialAction\":[{\"@type\":\"SearchAction\",\"target\":{\"@type\":\"EntryPoint\",\"urlTemplate\":\"https:\\\/\\\/primacover.com\\\/sv\\\/?s={search_term_string}\"},\"query-input\":{\"@type\":\"PropertyValueSpecification\",\"valueRequired\":true,\"valueName\":\"search_term_string\"}}],\"inLanguage\":\"sv-SE\"},{\"@type\":\"Organization\",\"@id\":\"https:\\\/\\\/primacover.com\\\/sv\\\/#organization\",\"name\":\"PrimaCover\",\"url\":\"https:\\\/\\\/primacover.com\\\/sv\\\/\",\"logo\":{\"@type\":\"ImageObject\",\"inLanguage\":\"sv-SE\",\"@id\":\"https:\\\/\\\/primacover.com\\\/sv\\\/#\\\/schema\\\/logo\\\/image\\\/\",\"url\":\"\",\"contentUrl\":\"\",\"caption\":\"PrimaCover\"},\"image\":{\"@id\":\"https:\\\/\\\/primacover.com\\\/sv\\\/#\\\/schema\\\/logo\\\/image\\\/\"},\"sameAs\":[\"https:\\\/\\\/www.facebook.com\\\/PrimaverdeBV\",\"https:\\\/\\\/nl.linkedin.com\\\/company\\\/primaverde\",\"https:\\\/\\\/www.youtube.com\\\/channel\\\/UC3DwQqj8f8tatLdSFA0aWwA\"]}]}<\/script>\n<meta property=\"product:brand\" content=\"PrimaCover\" \/>\n<meta property=\"product:price:currency\" content=\"EUR\" \/>\n<meta property=\"og:availability\" content=\"instock\" \/>\n<meta property=\"product:availability\" content=\"instock\" \/>\n<meta property=\"product:retailer_item_id\" content=\"PC900013\" \/>\n<meta property=\"product:condition\" content=\"new\" \/>\n<!-- \/ Yoast SEO Premium plugin. -->","yoast_head_json":{"title":"PrimaCover Carpetsaver Afdekvlies","description":"PrimaCover Carpetsaver is speciaal ontwikkeld voor het afdekken van tapijt. Biedt een uitstekende bescherming tijdens tal van werkzaamheden, zoals bouw-, renovatie-, stukadoor- en schilderwerken.","robots":{"index":"index","follow":"follow","max-snippet":"max-snippet:-1","max-image-preview":"max-image-preview:large","max-video-preview":"max-video-preview:-1"},"canonical":"https:\/\/primacover.com\/sv\/product\/primacover-carpetsaver\/","og_locale":"sv_SE","og_type":"article","og_title":"PrimaCover Carpetsaver","og_description":"PrimaCover Carpetsaver is speciaal ontwikkeld voor het afdekken van tapijt. Biedt een uitstekende bescherming tijdens tal van werkzaamheden, zoals bouw-, renovatie-, stukadoor- en schilderwerken.","og_url":"https:\/\/primacover.com\/sv\/product\/primacover-carpetsaver\/","og_site_name":"PrimaCover","article_publisher":"https:\/\/www.facebook.com\/PrimaverdeBV","article_modified_time":"2026-04-03T09:30:46+00:00","og_image":[{"width":600,"height":600,"url":"https:\/\/primacover.com\/wp-content\/uploads\/2022\/04\/Carpetsaver_P0NZ_s01.jpg","type":"image\/jpeg"}],"twitter_card":"summary_large_image","twitter_misc":{"Pris":"","Tillg\u00e4nglig":"I lager"},"schema":{"@context":"https:\/\/schema.org","@graph":[{"@type":"WebPage","@id":"https:\/\/primacover.com\/sv\/product\/primacover-carpetsaver\/","url":"https:\/\/primacover.com\/sv\/product\/primacover-carpetsaver\/","name":"PrimaCover Carpetsaver Afdekvlies","isPartOf":{"@id":"https:\/\/primacover.com\/sv\/#website"},"primaryImageOfPage":{"@id":"https:\/\/primacover.com\/sv\/product\/primacover-carpetsaver\/#primaryimage"},"image":{"@id":"https:\/\/primacover.com\/sv\/product\/primacover-carpetsaver\/#primaryimage"},"thumbnailUrl":"https:\/\/primacover.com\/wp-content\/uploads\/2022\/04\/Carpetsaver_P0NZ_s01.jpg","datePublished":"2022-05-02T10:54:30+00:00","dateModified":"2026-04-03T09:30:46+00:00","description":"PrimaCover Carpetsaver is speciaal ontwikkeld voor het afdekken van tapijt. Biedt een uitstekende bescherming tijdens tal van werkzaamheden, zoals bouw-, renovatie-, stukadoor- en schilderwerken.","breadcrumb":{"@id":"https:\/\/primacover.com\/sv\/product\/primacover-carpetsaver\/#breadcrumb"},"inLanguage":"sv-SE","potentialAction":[{"@type":"ReadAction","target":["https:\/\/primacover.com\/sv\/product\/primacover-carpetsaver\/"]}]},{"@type":"ImageObject","inLanguage":"sv-SE","@id":"https:\/\/primacover.com\/sv\/product\/primacover-carpetsaver\/#primaryimage","url":"https:\/\/primacover.com\/wp-content\/uploads\/2022\/04\/Carpetsaver_P0NZ_s01.jpg","contentUrl":"https:\/\/primacover.com\/wp-content\/uploads\/2022\/04\/Carpetsaver_P0NZ_s01.jpg","width":600,"height":600},{"@type":"BreadcrumbList","@id":"https:\/\/primacover.com\/sv\/product\/primacover-carpetsaver\/#breadcrumb","itemListElement":[{"@type":"ListItem","position":1,"name":"Home","item":"https:\/\/primacover.com\/sv\/"},{"@type":"ListItem","position":2,"name":"Produkter","item":"https:\/\/primacover.com\/sv\/producten\/"},{"@type":"ListItem","position":3,"name":"PrimaCover Carpetsaver"}]},{"@type":"WebSite","@id":"https:\/\/primacover.com\/sv\/#website","url":"https:\/\/primacover.com\/sv\/","name":"PrimaCover","description":"afdekvlies-afdekfolie-stofdeuren, coveringmaterials-dustdoors","publisher":{"@id":"https:\/\/primacover.com\/sv\/#organization"},"potentialAction":[{"@type":"SearchAction","target":{"@type":"EntryPoint","urlTemplate":"https:\/\/primacover.com\/sv\/?s={search_term_string}"},"query-input":{"@type":"PropertyValueSpecification","valueRequired":true,"valueName":"search_term_string"}}],"inLanguage":"sv-SE"},{"@type":"Organization","@id":"https:\/\/primacover.com\/sv\/#organization","name":"PrimaCover","url":"https:\/\/primacover.com\/sv\/","logo":{"@type":"ImageObject","inLanguage":"sv-SE","@id":"https:\/\/primacover.com\/sv\/#\/schema\/logo\/image\/","url":"","contentUrl":"","caption":"PrimaCover"},"image":{"@id":"https:\/\/primacover.com\/sv\/#\/schema\/logo\/image\/"},"sameAs":["https:\/\/www.facebook.com\/PrimaverdeBV","https:\/\/nl.linkedin.com\/company\/primaverde","https:\/\/www.youtube.com\/channel\/UC3DwQqj8f8tatLdSFA0aWwA"]}]},"product_brand":"PrimaCover","product_price_currency":"EUR","og_availability":"instock","product_availability":"instock","product_retailer_item_id":"PC900013","product_condition":"new"},"_links":{"self":[{"href":"https:\/\/primacover.com\/sv\/wp-json\/wp\/v2\/product\/139475","targetHints":{"allow":["GET"]}}],"collection":[{"href":"https:\/\/primacover.com\/sv\/wp-json\/wp\/v2\/product"}],"about":[{"href":"https:\/\/primacover.com\/sv\/wp-json\/wp\/v2\/types\/product"}],"wp:featuredmedia":[{"embeddable":true,"href":"https:\/\/primacover.com\/sv\/wp-json\/wp\/v2\/media\/139484"}],"wp:attachment":[{"href":"https:\/\/primacover.com\/sv\/wp-json\/wp\/v2\/media?parent=139475"}],"wp:term":[{"taxonomy":"product_brand","embeddable":true,"href":"https:\/\/primacover.com\/sv\/wp-json\/wp\/v2\/product_brand?post=139475"},{"taxonomy":"product_cat","embeddable":true,"href":"https:\/\/primacover.com\/sv\/wp-json\/wp\/v2\/product_cat?post=139475"},{"taxonomy":"product_tag","embeddable":true,"href":"https:\/\/primacover.com\/sv\/wp-json\/wp\/v2\/product_tag?post=139475"}],"curies":[{"name":"wp","href":"https:\/\/api.w.org\/{rel}","templated":true}]}}