{"id":139485,"date":"2022-05-02T12:55:03","date_gmt":"2022-05-02T10:55:03","guid":{"rendered":"https:\/\/primacover.com\/product\/primacover-combi\/"},"modified":"2026-04-03T11:31:15","modified_gmt":"2026-04-03T09:31:15","slug":"primacover-combi","status":"publish","type":"product","link":"https:\/\/primacover.com\/sv\/product\/primacover-combi\/","title":{"rendered":"PrimaCover Combi"},"content":{"rendered":"<h2>Absorberande fiberduk<\/h2>\n<p>PrimaCover Combi \u00e4r en universell, v\u00e4tsket\u00e4t fiberduk. Den l\u00e4tta, absorberande fiberv\u00e4ven har p\u00e5 undersidan f\u00f6rsetts med en slitstark, v\u00e4tsket\u00e4t folie. F\u00f6r anv\u00e4ndning inom byggnation, ombyggnation, renovering, industri, verkstad och i lackeringsboxar samt f\u00f6r m\u00e5lningsarbeten, fartygsunderh\u00e5ll osv.<\/p>\n<p><strong>Egenskaper:<\/strong><\/p>\n<ul>\n<li>Absorberande<\/li>\n<li>V\u00e4tsket\u00e4t<\/li>\n<li>H\u00e5llfast och slitagebest\u00e4ndig <\/li>\n<li>Luddfri<\/li>\n<\/ul>\n<p><strong>Anv\u00e4ndning:<\/strong><\/p>\n<ul>\n<li>F\u00f6r alla helt torra ytor<\/li>\n<\/ul>\n<p><strong>Instruktioner:<\/strong><\/p>\n<ul>\n<li>Testa produkten f\u00f6re anv\u00e4ndning<\/li>\n<li>St\u00e4ng av golvv\u00e4rme f\u00f6re anv\u00e4ndning<\/li>\n<\/ul>\n","protected":false},"excerpt":{"rendered":"<h2>Absorberend spinvlies<\/h2>\n","protected":false},"featured_media":139486,"menu_order":25,"template":"","meta":{"generate_page_header":""},"product_brand":[],"product_cat":[4257],"product_tag":[4265],"class_list":{"0":"post-139485","1":"product","2":"type-product","3":"status-publish","4":"has-post-thumbnail","6":"product_cat-fiberduk","7":"product_tag-befintlig-och-genomtorkad-innehaller-ingen-fukt","8":"pa_breedte-0-98-sv","9":"pa_eenheid-m-sv","10":"pa_lengte-50-sv","11":"pa_matten30-0-0x30-sv","12":"pa_merk-primacover-sv","13":"pa_objecttypen-golv","14":"pa_ondergrond-gjutet-golv-plast","15":"pa_ondergrond-keramiskt-kakel","16":"pa_ondergrond-laminat-sv","17":"pa_ondergrond-linoleum-sv","18":"pa_ondergrond-natursten","19":"pa_ondergrond-parket-sv","20":"pa_ondergrond-prefab-beton-sv","21":"pa_ondergrond-pvc-pu-toplaag-sv","22":"pa_ondergrond-syntetisk","23":"pa_ondergrond-tra","24":"pa_ondergrond-vinyl-sv","25":"pa_ondergrond-zichtbeton-sv","26":"","27":"woocommerce-text-align-center","28":"woocommerce-image-align-center","29":"do-quantity-buttons","31":"first","32":"instock","33":"shipping-taxable","34":"product-type-simple"},"yoast_head":"<!-- This site is optimized with the Yoast SEO Premium plugin v26.7 (Yoast SEO v27.3) - https:\/\/yoast.com\/product\/yoast-seo-premium-wordpress\/ -->\n<title>PrimaCover Combi Afdekvlies<\/title>\n<meta name=\"description\" content=\"PrimaCover Combi is een universeel, vloeistofdicht afdekvlies. Het lichtgewicht absorberend spinvlies is aan de onderzijde voorzien van een sterke vloeistofdichte folie. Uitstekend inzetbaar bij bouw-, verbouwings-, renovatie- en schilderwerkzaamheden. Daarnaast ook geschikt voor industrie, productie en in spuitcabines.\" \/>\n<meta name=\"robots\" content=\"index, follow, max-snippet:-1, max-image-preview:large, max-video-preview:-1\" \/>\n<link rel=\"canonical\" href=\"https:\/\/primacover.com\/sv\/product\/primacover-combi\/\" \/>\n<meta property=\"og:locale\" content=\"sv_SE\" \/>\n<meta property=\"og:type\" content=\"article\" \/>\n<meta property=\"og:title\" content=\"PrimaCover Combi\" \/>\n<meta property=\"og:description\" content=\"PrimaCover Combi is een universeel, vloeistofdicht afdekvlies. Het lichtgewicht absorberend spinvlies is aan de onderzijde voorzien van een sterke vloeistofdichte folie. Uitstekend inzetbaar bij bouw-, verbouwings-, renovatie- en schilderwerkzaamheden. Daarnaast ook geschikt voor industrie, productie en in spuitcabines.\" \/>\n<meta property=\"og:url\" content=\"https:\/\/primacover.com\/sv\/product\/primacover-combi\/\" \/>\n<meta property=\"og:site_name\" content=\"PrimaCover\" \/>\n<meta property=\"article:publisher\" content=\"https:\/\/www.facebook.com\/PrimaverdeBV\" \/>\n<meta property=\"article:modified_time\" content=\"2026-04-03T09:31:15+00:00\" \/>\n<meta property=\"og:image\" content=\"https:\/\/primacover.com\/wp-content\/uploads\/2022\/04\/Combi_P0NZ_s01.jpg\" \/>\n\t<meta property=\"og:image:width\" content=\"600\" \/>\n\t<meta property=\"og:image:height\" content=\"600\" \/>\n\t<meta property=\"og:image:type\" content=\"image\/jpeg\" \/>\n<meta name=\"twitter:card\" content=\"summary_large_image\" \/>\n<meta name=\"twitter:label1\" content=\"Pris\" \/>\n\t<meta name=\"twitter:data1\" content=\"\" \/>\n\t<meta name=\"twitter:label2\" content=\"Tillg\u00e4nglig\" \/>\n\t<meta name=\"twitter:data2\" content=\"I lager\" \/>\n<script type=\"application\/ld+json\" class=\"yoast-schema-graph\">{\"@context\":\"https:\\\/\\\/schema.org\",\"@graph\":[{\"@type\":\"WebPage\",\"@id\":\"https:\\\/\\\/primacover.com\\\/sv\\\/product\\\/primacover-combi\\\/\",\"url\":\"https:\\\/\\\/primacover.com\\\/sv\\\/product\\\/primacover-combi\\\/\",\"name\":\"PrimaCover Combi Afdekvlies\",\"isPartOf\":{\"@id\":\"https:\\\/\\\/primacover.com\\\/sv\\\/#website\"},\"primaryImageOfPage\":{\"@id\":\"https:\\\/\\\/primacover.com\\\/sv\\\/product\\\/primacover-combi\\\/#primaryimage\"},\"image\":{\"@id\":\"https:\\\/\\\/primacover.com\\\/sv\\\/product\\\/primacover-combi\\\/#primaryimage\"},\"thumbnailUrl\":\"https:\\\/\\\/primacover.com\\\/wp-content\\\/uploads\\\/2022\\\/04\\\/Combi_P0NZ_s01.jpg\",\"datePublished\":\"2022-05-02T10:55:03+00:00\",\"dateModified\":\"2026-04-03T09:31:15+00:00\",\"description\":\"PrimaCover Combi is een universeel, vloeistofdicht afdekvlies. Het lichtgewicht absorberend spinvlies is aan de onderzijde voorzien van een sterke vloeistofdichte folie. Uitstekend inzetbaar bij bouw-, verbouwings-, renovatie- en schilderwerkzaamheden. Daarnaast ook geschikt voor industrie, productie en in spuitcabines.\",\"breadcrumb\":{\"@id\":\"https:\\\/\\\/primacover.com\\\/sv\\\/product\\\/primacover-combi\\\/#breadcrumb\"},\"inLanguage\":\"sv-SE\",\"potentialAction\":[{\"@type\":\"ReadAction\",\"target\":[\"https:\\\/\\\/primacover.com\\\/sv\\\/product\\\/primacover-combi\\\/\"]}]},{\"@type\":\"ImageObject\",\"inLanguage\":\"sv-SE\",\"@id\":\"https:\\\/\\\/primacover.com\\\/sv\\\/product\\\/primacover-combi\\\/#primaryimage\",\"url\":\"https:\\\/\\\/primacover.com\\\/wp-content\\\/uploads\\\/2022\\\/04\\\/Combi_P0NZ_s01.jpg\",\"contentUrl\":\"https:\\\/\\\/primacover.com\\\/wp-content\\\/uploads\\\/2022\\\/04\\\/Combi_P0NZ_s01.jpg\",\"width\":600,\"height\":600},{\"@type\":\"BreadcrumbList\",\"@id\":\"https:\\\/\\\/primacover.com\\\/sv\\\/product\\\/primacover-combi\\\/#breadcrumb\",\"itemListElement\":[{\"@type\":\"ListItem\",\"position\":1,\"name\":\"Home\",\"item\":\"https:\\\/\\\/primacover.com\\\/sv\\\/\"},{\"@type\":\"ListItem\",\"position\":2,\"name\":\"Produkter\",\"item\":\"https:\\\/\\\/primacover.com\\\/sv\\\/producten\\\/\"},{\"@type\":\"ListItem\",\"position\":3,\"name\":\"PrimaCover Combi\"}]},{\"@type\":\"WebSite\",\"@id\":\"https:\\\/\\\/primacover.com\\\/sv\\\/#website\",\"url\":\"https:\\\/\\\/primacover.com\\\/sv\\\/\",\"name\":\"PrimaCover\",\"description\":\"afdekvlies-afdekfolie-stofdeuren, coveringmaterials-dustdoors\",\"publisher\":{\"@id\":\"https:\\\/\\\/primacover.com\\\/sv\\\/#organization\"},\"potentialAction\":[{\"@type\":\"SearchAction\",\"target\":{\"@type\":\"EntryPoint\",\"urlTemplate\":\"https:\\\/\\\/primacover.com\\\/sv\\\/?s={search_term_string}\"},\"query-input\":{\"@type\":\"PropertyValueSpecification\",\"valueRequired\":true,\"valueName\":\"search_term_string\"}}],\"inLanguage\":\"sv-SE\"},{\"@type\":\"Organization\",\"@id\":\"https:\\\/\\\/primacover.com\\\/sv\\\/#organization\",\"name\":\"PrimaCover\",\"url\":\"https:\\\/\\\/primacover.com\\\/sv\\\/\",\"logo\":{\"@type\":\"ImageObject\",\"inLanguage\":\"sv-SE\",\"@id\":\"https:\\\/\\\/primacover.com\\\/sv\\\/#\\\/schema\\\/logo\\\/image\\\/\",\"url\":\"\",\"contentUrl\":\"\",\"caption\":\"PrimaCover\"},\"image\":{\"@id\":\"https:\\\/\\\/primacover.com\\\/sv\\\/#\\\/schema\\\/logo\\\/image\\\/\"},\"sameAs\":[\"https:\\\/\\\/www.facebook.com\\\/PrimaverdeBV\",\"https:\\\/\\\/nl.linkedin.com\\\/company\\\/primaverde\",\"https:\\\/\\\/www.youtube.com\\\/channel\\\/UC3DwQqj8f8tatLdSFA0aWwA\"]}]}<\/script>\n<meta property=\"product:brand\" content=\"PrimaCover\" \/>\n<meta property=\"product:price:currency\" content=\"EUR\" \/>\n<meta property=\"og:availability\" content=\"instock\" \/>\n<meta property=\"product:availability\" content=\"instock\" \/>\n<meta property=\"product:retailer_item_id\" content=\"PC900047\" \/>\n<meta property=\"product:condition\" content=\"new\" \/>\n<!-- \/ Yoast SEO Premium plugin. -->","yoast_head_json":{"title":"PrimaCover Combi Afdekvlies","description":"PrimaCover Combi is een universeel, vloeistofdicht afdekvlies. Het lichtgewicht absorberend spinvlies is aan de onderzijde voorzien van een sterke vloeistofdichte folie. Uitstekend inzetbaar bij bouw-, verbouwings-, renovatie- en schilderwerkzaamheden. Daarnaast ook geschikt voor industrie, productie en in spuitcabines.","robots":{"index":"index","follow":"follow","max-snippet":"max-snippet:-1","max-image-preview":"max-image-preview:large","max-video-preview":"max-video-preview:-1"},"canonical":"https:\/\/primacover.com\/sv\/product\/primacover-combi\/","og_locale":"sv_SE","og_type":"article","og_title":"PrimaCover Combi","og_description":"PrimaCover Combi is een universeel, vloeistofdicht afdekvlies. Het lichtgewicht absorberend spinvlies is aan de onderzijde voorzien van een sterke vloeistofdichte folie. Uitstekend inzetbaar bij bouw-, verbouwings-, renovatie- en schilderwerkzaamheden. Daarnaast ook geschikt voor industrie, productie en in spuitcabines.","og_url":"https:\/\/primacover.com\/sv\/product\/primacover-combi\/","og_site_name":"PrimaCover","article_publisher":"https:\/\/www.facebook.com\/PrimaverdeBV","article_modified_time":"2026-04-03T09:31:15+00:00","og_image":[{"width":600,"height":600,"url":"https:\/\/primacover.com\/wp-content\/uploads\/2022\/04\/Combi_P0NZ_s01.jpg","type":"image\/jpeg"}],"twitter_card":"summary_large_image","twitter_misc":{"Pris":"","Tillg\u00e4nglig":"I lager"},"schema":{"@context":"https:\/\/schema.org","@graph":[{"@type":"WebPage","@id":"https:\/\/primacover.com\/sv\/product\/primacover-combi\/","url":"https:\/\/primacover.com\/sv\/product\/primacover-combi\/","name":"PrimaCover Combi Afdekvlies","isPartOf":{"@id":"https:\/\/primacover.com\/sv\/#website"},"primaryImageOfPage":{"@id":"https:\/\/primacover.com\/sv\/product\/primacover-combi\/#primaryimage"},"image":{"@id":"https:\/\/primacover.com\/sv\/product\/primacover-combi\/#primaryimage"},"thumbnailUrl":"https:\/\/primacover.com\/wp-content\/uploads\/2022\/04\/Combi_P0NZ_s01.jpg","datePublished":"2022-05-02T10:55:03+00:00","dateModified":"2026-04-03T09:31:15+00:00","description":"PrimaCover Combi is een universeel, vloeistofdicht afdekvlies. Het lichtgewicht absorberend spinvlies is aan de onderzijde voorzien van een sterke vloeistofdichte folie. Uitstekend inzetbaar bij bouw-, verbouwings-, renovatie- en schilderwerkzaamheden. Daarnaast ook geschikt voor industrie, productie en in spuitcabines.","breadcrumb":{"@id":"https:\/\/primacover.com\/sv\/product\/primacover-combi\/#breadcrumb"},"inLanguage":"sv-SE","potentialAction":[{"@type":"ReadAction","target":["https:\/\/primacover.com\/sv\/product\/primacover-combi\/"]}]},{"@type":"ImageObject","inLanguage":"sv-SE","@id":"https:\/\/primacover.com\/sv\/product\/primacover-combi\/#primaryimage","url":"https:\/\/primacover.com\/wp-content\/uploads\/2022\/04\/Combi_P0NZ_s01.jpg","contentUrl":"https:\/\/primacover.com\/wp-content\/uploads\/2022\/04\/Combi_P0NZ_s01.jpg","width":600,"height":600},{"@type":"BreadcrumbList","@id":"https:\/\/primacover.com\/sv\/product\/primacover-combi\/#breadcrumb","itemListElement":[{"@type":"ListItem","position":1,"name":"Home","item":"https:\/\/primacover.com\/sv\/"},{"@type":"ListItem","position":2,"name":"Produkter","item":"https:\/\/primacover.com\/sv\/producten\/"},{"@type":"ListItem","position":3,"name":"PrimaCover Combi"}]},{"@type":"WebSite","@id":"https:\/\/primacover.com\/sv\/#website","url":"https:\/\/primacover.com\/sv\/","name":"PrimaCover","description":"afdekvlies-afdekfolie-stofdeuren, coveringmaterials-dustdoors","publisher":{"@id":"https:\/\/primacover.com\/sv\/#organization"},"potentialAction":[{"@type":"SearchAction","target":{"@type":"EntryPoint","urlTemplate":"https:\/\/primacover.com\/sv\/?s={search_term_string}"},"query-input":{"@type":"PropertyValueSpecification","valueRequired":true,"valueName":"search_term_string"}}],"inLanguage":"sv-SE"},{"@type":"Organization","@id":"https:\/\/primacover.com\/sv\/#organization","name":"PrimaCover","url":"https:\/\/primacover.com\/sv\/","logo":{"@type":"ImageObject","inLanguage":"sv-SE","@id":"https:\/\/primacover.com\/sv\/#\/schema\/logo\/image\/","url":"","contentUrl":"","caption":"PrimaCover"},"image":{"@id":"https:\/\/primacover.com\/sv\/#\/schema\/logo\/image\/"},"sameAs":["https:\/\/www.facebook.com\/PrimaverdeBV","https:\/\/nl.linkedin.com\/company\/primaverde","https:\/\/www.youtube.com\/channel\/UC3DwQqj8f8tatLdSFA0aWwA"]}]},"product_brand":"PrimaCover","product_price_currency":"EUR","og_availability":"instock","product_availability":"instock","product_retailer_item_id":"PC900047","product_condition":"new"},"_links":{"self":[{"href":"https:\/\/primacover.com\/sv\/wp-json\/wp\/v2\/product\/139485","targetHints":{"allow":["GET"]}}],"collection":[{"href":"https:\/\/primacover.com\/sv\/wp-json\/wp\/v2\/product"}],"about":[{"href":"https:\/\/primacover.com\/sv\/wp-json\/wp\/v2\/types\/product"}],"wp:featuredmedia":[{"embeddable":true,"href":"https:\/\/primacover.com\/sv\/wp-json\/wp\/v2\/media\/139486"}],"wp:attachment":[{"href":"https:\/\/primacover.com\/sv\/wp-json\/wp\/v2\/media?parent=139485"}],"wp:term":[{"taxonomy":"product_brand","embeddable":true,"href":"https:\/\/primacover.com\/sv\/wp-json\/wp\/v2\/product_brand?post=139485"},{"taxonomy":"product_cat","embeddable":true,"href":"https:\/\/primacover.com\/sv\/wp-json\/wp\/v2\/product_cat?post=139485"},{"taxonomy":"product_tag","embeddable":true,"href":"https:\/\/primacover.com\/sv\/wp-json\/wp\/v2\/product_tag?post=139485"}],"curies":[{"name":"wp","href":"https:\/\/api.w.org\/{rel}","templated":true}]}}