{"id":139499,"date":"2022-05-02T12:55:12","date_gmt":"2022-05-02T10:55:12","guid":{"rendered":"https:\/\/primacover.com\/product\/primacover-protection-board\/"},"modified":"2025-10-02T13:07:40","modified_gmt":"2025-10-02T11:07:40","slug":"primacover-protection-board","status":"publish","type":"product","link":"https:\/\/primacover.com\/sv\/product\/primacover-protection-board\/","title":{"rendered":"PrimaCover Protection board"},"content":{"rendered":"<h2>H\u00e5llbart t\u00e4ckpapp<\/h2>\n<p>PrimaCover Protection Board \u00e4r ett t\u00e4ckpapp f\u00f6r universella anv\u00e4ndningsomr\u00e5den. Denna v\u00e4lk\u00e4nda typ av golvskydd anv\u00e4nds f\u00f6r ytbehandling och renovering, t.ex. puts-, sprut-, m\u00e5lnings- och dekorationsarbeten. Skyddar mot smuts, fukt och mekaniska skador.<\/p>\n<p><strong>Egenskaper:<\/strong><\/p>\n<ul>\n<li>Halkfri ovansida<\/li>\n<li>Blank version, utan tryck<\/li>\n<li>Utan plastbel\u00e4ggning, 100% \u00e5tervinningsbar<\/li>\n<\/ul>\n<p><strong>Anv\u00e4ndning:<\/strong><\/p>\n<ul>\n<li>F\u00f6r alla helt torra ytor<\/li>\n<\/ul>\n<p><strong>Instruktioner:<\/strong><\/p>\n<ul>\n<li>Testa produkten f\u00f6re anv\u00e4ndning<\/li>\n<\/ul>\n","protected":false},"excerpt":{"rendered":"<h2>Universele stucloper<\/h2>\n","protected":false},"featured_media":139500,"menu_order":27,"template":"","meta":{"generate_page_header":""},"product_brand":[],"product_cat":[4257],"product_tag":[4265],"class_list":{"0":"post-139499","1":"product","2":"type-product","3":"status-publish","4":"has-post-thumbnail","6":"product_cat-fiberduk","7":"product_tag-befintlig-och-genomtorkad-innehaller-ingen-fukt","8":"pa_breedte-0-675-sv","9":"pa_breedte-1-3-sv","10":"pa_eenheid-m-sv","11":"pa_foliedikte-250-sv","12":"pa_lengte-38-sv","13":"pa_lengte-73-5-sv","14":"pa_matten30-0-0x30-sv","15":"pa_merk-primacover-sv","16":"pa_objecttypen-golv","17":"pa_ondergrond-gjutet-golv-plast","18":"pa_ondergrond-keramiskt-kakel","19":"pa_ondergrond-laminat-sv","20":"pa_ondergrond-linoleum-sv","21":"pa_ondergrond-natursten","22":"pa_ondergrond-parket-sv","23":"pa_ondergrond-prefab-beton-sv","24":"pa_ondergrond-pvc-pu-toplaag-sv","25":"pa_ondergrond-syntetisk","26":"pa_ondergrond-tra","27":"pa_ondergrond-vinyl-sv","28":"pa_ondergrond-zichtbeton-sv","29":"","30":"woocommerce-text-align-center","31":"woocommerce-image-align-center","32":"do-quantity-buttons","34":"first","35":"instock","36":"shipping-taxable","37":"product-type-simple"},"yoast_head":"<!-- This site is optimized with the Yoast SEO Premium plugin v26.7 (Yoast SEO v27.3) - https:\/\/yoast.com\/product\/yoast-seo-premium-wordpress\/ -->\n<title>PrimaCover Protection board Stucloper<\/title>\n<meta name=\"description\" content=\"PrimaCover Protection Board is een kartonnen stucloper voor universele toepassingen. Ideaal voor afbouw- en renovatiewerkzaamheden zoals stuken, spackspuiten, texen en schilderen. Beschermt tegen vuil, vocht en mechanische beschadigingen.\" \/>\n<meta name=\"robots\" content=\"index, follow, max-snippet:-1, max-image-preview:large, max-video-preview:-1\" \/>\n<link rel=\"canonical\" href=\"https:\/\/primacover.com\/sv\/product\/primacover-protection-board\/\" \/>\n<meta property=\"og:locale\" content=\"sv_SE\" \/>\n<meta property=\"og:type\" content=\"article\" \/>\n<meta property=\"og:title\" content=\"PrimaCover Protection board\" \/>\n<meta property=\"og:description\" content=\"PrimaCover Protection Board is een kartonnen stucloper voor universele toepassingen. Ideaal voor afbouw- en renovatiewerkzaamheden zoals stuken, spackspuiten, texen en schilderen. Beschermt tegen vuil, vocht en mechanische beschadigingen.\" \/>\n<meta property=\"og:url\" content=\"https:\/\/primacover.com\/sv\/product\/primacover-protection-board\/\" \/>\n<meta property=\"og:site_name\" content=\"PrimaCover\" \/>\n<meta property=\"article:publisher\" content=\"https:\/\/www.facebook.com\/PrimaverdeBV\" \/>\n<meta property=\"article:modified_time\" content=\"2025-10-02T11:07:40+00:00\" \/>\n<meta property=\"og:image\" content=\"https:\/\/primacover.com\/wp-content\/uploads\/2022\/04\/Protection-board_P0NZ_s01.jpg\" \/>\n\t<meta property=\"og:image:width\" content=\"600\" \/>\n\t<meta property=\"og:image:height\" content=\"600\" \/>\n\t<meta property=\"og:image:type\" content=\"image\/jpeg\" \/>\n<meta name=\"twitter:card\" content=\"summary_large_image\" \/>\n<meta name=\"twitter:label1\" content=\"Pris\" \/>\n\t<meta name=\"twitter:data1\" content=\"\" \/>\n\t<meta name=\"twitter:label2\" content=\"Tillg\u00e4nglig\" \/>\n\t<meta name=\"twitter:data2\" content=\"I lager\" \/>\n<script type=\"application\/ld+json\" class=\"yoast-schema-graph\">{\"@context\":\"https:\\\/\\\/schema.org\",\"@graph\":[{\"@type\":\"WebPage\",\"@id\":\"https:\\\/\\\/primacover.com\\\/sv\\\/product\\\/primacover-protection-board\\\/\",\"url\":\"https:\\\/\\\/primacover.com\\\/sv\\\/product\\\/primacover-protection-board\\\/\",\"name\":\"PrimaCover Protection board Stucloper\",\"isPartOf\":{\"@id\":\"https:\\\/\\\/primacover.com\\\/sv\\\/#website\"},\"primaryImageOfPage\":{\"@id\":\"https:\\\/\\\/primacover.com\\\/sv\\\/product\\\/primacover-protection-board\\\/#primaryimage\"},\"image\":{\"@id\":\"https:\\\/\\\/primacover.com\\\/sv\\\/product\\\/primacover-protection-board\\\/#primaryimage\"},\"thumbnailUrl\":\"https:\\\/\\\/primacover.com\\\/wp-content\\\/uploads\\\/2022\\\/04\\\/Protection-board_P0NZ_s01.jpg\",\"datePublished\":\"2022-05-02T10:55:12+00:00\",\"dateModified\":\"2025-10-02T11:07:40+00:00\",\"description\":\"PrimaCover Protection Board is een kartonnen stucloper voor universele toepassingen. Ideaal voor afbouw- en renovatiewerkzaamheden zoals stuken, spackspuiten, texen en schilderen. Beschermt tegen vuil, vocht en mechanische beschadigingen.\",\"breadcrumb\":{\"@id\":\"https:\\\/\\\/primacover.com\\\/sv\\\/product\\\/primacover-protection-board\\\/#breadcrumb\"},\"inLanguage\":\"sv-SE\",\"potentialAction\":[{\"@type\":\"ReadAction\",\"target\":[\"https:\\\/\\\/primacover.com\\\/sv\\\/product\\\/primacover-protection-board\\\/\"]}]},{\"@type\":\"ImageObject\",\"inLanguage\":\"sv-SE\",\"@id\":\"https:\\\/\\\/primacover.com\\\/sv\\\/product\\\/primacover-protection-board\\\/#primaryimage\",\"url\":\"https:\\\/\\\/primacover.com\\\/wp-content\\\/uploads\\\/2022\\\/04\\\/Protection-board_P0NZ_s01.jpg\",\"contentUrl\":\"https:\\\/\\\/primacover.com\\\/wp-content\\\/uploads\\\/2022\\\/04\\\/Protection-board_P0NZ_s01.jpg\",\"width\":600,\"height\":600},{\"@type\":\"BreadcrumbList\",\"@id\":\"https:\\\/\\\/primacover.com\\\/sv\\\/product\\\/primacover-protection-board\\\/#breadcrumb\",\"itemListElement\":[{\"@type\":\"ListItem\",\"position\":1,\"name\":\"Home\",\"item\":\"https:\\\/\\\/primacover.com\\\/sv\\\/\"},{\"@type\":\"ListItem\",\"position\":2,\"name\":\"Produkter\",\"item\":\"https:\\\/\\\/primacover.com\\\/sv\\\/producten\\\/\"},{\"@type\":\"ListItem\",\"position\":3,\"name\":\"PrimaCover Protection board\"}]},{\"@type\":\"WebSite\",\"@id\":\"https:\\\/\\\/primacover.com\\\/sv\\\/#website\",\"url\":\"https:\\\/\\\/primacover.com\\\/sv\\\/\",\"name\":\"PrimaCover\",\"description\":\"afdekvlies-afdekfolie-stofdeuren, coveringmaterials-dustdoors\",\"publisher\":{\"@id\":\"https:\\\/\\\/primacover.com\\\/sv\\\/#organization\"},\"potentialAction\":[{\"@type\":\"SearchAction\",\"target\":{\"@type\":\"EntryPoint\",\"urlTemplate\":\"https:\\\/\\\/primacover.com\\\/sv\\\/?s={search_term_string}\"},\"query-input\":{\"@type\":\"PropertyValueSpecification\",\"valueRequired\":true,\"valueName\":\"search_term_string\"}}],\"inLanguage\":\"sv-SE\"},{\"@type\":\"Organization\",\"@id\":\"https:\\\/\\\/primacover.com\\\/sv\\\/#organization\",\"name\":\"PrimaCover\",\"url\":\"https:\\\/\\\/primacover.com\\\/sv\\\/\",\"logo\":{\"@type\":\"ImageObject\",\"inLanguage\":\"sv-SE\",\"@id\":\"https:\\\/\\\/primacover.com\\\/sv\\\/#\\\/schema\\\/logo\\\/image\\\/\",\"url\":\"\",\"contentUrl\":\"\",\"caption\":\"PrimaCover\"},\"image\":{\"@id\":\"https:\\\/\\\/primacover.com\\\/sv\\\/#\\\/schema\\\/logo\\\/image\\\/\"},\"sameAs\":[\"https:\\\/\\\/www.facebook.com\\\/PrimaverdeBV\",\"https:\\\/\\\/nl.linkedin.com\\\/company\\\/primaverde\",\"https:\\\/\\\/www.youtube.com\\\/channel\\\/UC3DwQqj8f8tatLdSFA0aWwA\"]}]}<\/script>\n<meta property=\"product:brand\" content=\"PrimaCover\" \/>\n<meta property=\"product:price:currency\" content=\"EUR\" \/>\n<meta property=\"og:availability\" content=\"instock\" \/>\n<meta property=\"product:availability\" content=\"instock\" \/>\n<meta property=\"product:retailer_item_id\" content=\"PC900633\" \/>\n<meta property=\"product:condition\" content=\"new\" \/>\n<!-- \/ Yoast SEO Premium plugin. -->","yoast_head_json":{"title":"PrimaCover Protection board Stucloper","description":"PrimaCover Protection Board is een kartonnen stucloper voor universele toepassingen. Ideaal voor afbouw- en renovatiewerkzaamheden zoals stuken, spackspuiten, texen en schilderen. Beschermt tegen vuil, vocht en mechanische beschadigingen.","robots":{"index":"index","follow":"follow","max-snippet":"max-snippet:-1","max-image-preview":"max-image-preview:large","max-video-preview":"max-video-preview:-1"},"canonical":"https:\/\/primacover.com\/sv\/product\/primacover-protection-board\/","og_locale":"sv_SE","og_type":"article","og_title":"PrimaCover Protection board","og_description":"PrimaCover Protection Board is een kartonnen stucloper voor universele toepassingen. Ideaal voor afbouw- en renovatiewerkzaamheden zoals stuken, spackspuiten, texen en schilderen. Beschermt tegen vuil, vocht en mechanische beschadigingen.","og_url":"https:\/\/primacover.com\/sv\/product\/primacover-protection-board\/","og_site_name":"PrimaCover","article_publisher":"https:\/\/www.facebook.com\/PrimaverdeBV","article_modified_time":"2025-10-02T11:07:40+00:00","og_image":[{"width":600,"height":600,"url":"https:\/\/primacover.com\/wp-content\/uploads\/2022\/04\/Protection-board_P0NZ_s01.jpg","type":"image\/jpeg"}],"twitter_card":"summary_large_image","twitter_misc":{"Pris":"","Tillg\u00e4nglig":"I lager"},"schema":{"@context":"https:\/\/schema.org","@graph":[{"@type":"WebPage","@id":"https:\/\/primacover.com\/sv\/product\/primacover-protection-board\/","url":"https:\/\/primacover.com\/sv\/product\/primacover-protection-board\/","name":"PrimaCover Protection board Stucloper","isPartOf":{"@id":"https:\/\/primacover.com\/sv\/#website"},"primaryImageOfPage":{"@id":"https:\/\/primacover.com\/sv\/product\/primacover-protection-board\/#primaryimage"},"image":{"@id":"https:\/\/primacover.com\/sv\/product\/primacover-protection-board\/#primaryimage"},"thumbnailUrl":"https:\/\/primacover.com\/wp-content\/uploads\/2022\/04\/Protection-board_P0NZ_s01.jpg","datePublished":"2022-05-02T10:55:12+00:00","dateModified":"2025-10-02T11:07:40+00:00","description":"PrimaCover Protection Board is een kartonnen stucloper voor universele toepassingen. Ideaal voor afbouw- en renovatiewerkzaamheden zoals stuken, spackspuiten, texen en schilderen. Beschermt tegen vuil, vocht en mechanische beschadigingen.","breadcrumb":{"@id":"https:\/\/primacover.com\/sv\/product\/primacover-protection-board\/#breadcrumb"},"inLanguage":"sv-SE","potentialAction":[{"@type":"ReadAction","target":["https:\/\/primacover.com\/sv\/product\/primacover-protection-board\/"]}]},{"@type":"ImageObject","inLanguage":"sv-SE","@id":"https:\/\/primacover.com\/sv\/product\/primacover-protection-board\/#primaryimage","url":"https:\/\/primacover.com\/wp-content\/uploads\/2022\/04\/Protection-board_P0NZ_s01.jpg","contentUrl":"https:\/\/primacover.com\/wp-content\/uploads\/2022\/04\/Protection-board_P0NZ_s01.jpg","width":600,"height":600},{"@type":"BreadcrumbList","@id":"https:\/\/primacover.com\/sv\/product\/primacover-protection-board\/#breadcrumb","itemListElement":[{"@type":"ListItem","position":1,"name":"Home","item":"https:\/\/primacover.com\/sv\/"},{"@type":"ListItem","position":2,"name":"Produkter","item":"https:\/\/primacover.com\/sv\/producten\/"},{"@type":"ListItem","position":3,"name":"PrimaCover Protection board"}]},{"@type":"WebSite","@id":"https:\/\/primacover.com\/sv\/#website","url":"https:\/\/primacover.com\/sv\/","name":"PrimaCover","description":"afdekvlies-afdekfolie-stofdeuren, coveringmaterials-dustdoors","publisher":{"@id":"https:\/\/primacover.com\/sv\/#organization"},"potentialAction":[{"@type":"SearchAction","target":{"@type":"EntryPoint","urlTemplate":"https:\/\/primacover.com\/sv\/?s={search_term_string}"},"query-input":{"@type":"PropertyValueSpecification","valueRequired":true,"valueName":"search_term_string"}}],"inLanguage":"sv-SE"},{"@type":"Organization","@id":"https:\/\/primacover.com\/sv\/#organization","name":"PrimaCover","url":"https:\/\/primacover.com\/sv\/","logo":{"@type":"ImageObject","inLanguage":"sv-SE","@id":"https:\/\/primacover.com\/sv\/#\/schema\/logo\/image\/","url":"","contentUrl":"","caption":"PrimaCover"},"image":{"@id":"https:\/\/primacover.com\/sv\/#\/schema\/logo\/image\/"},"sameAs":["https:\/\/www.facebook.com\/PrimaverdeBV","https:\/\/nl.linkedin.com\/company\/primaverde","https:\/\/www.youtube.com\/channel\/UC3DwQqj8f8tatLdSFA0aWwA"]}]},"product_brand":"PrimaCover","product_price_currency":"EUR","og_availability":"instock","product_availability":"instock","product_retailer_item_id":"PC900633","product_condition":"new"},"_links":{"self":[{"href":"https:\/\/primacover.com\/sv\/wp-json\/wp\/v2\/product\/139499","targetHints":{"allow":["GET"]}}],"collection":[{"href":"https:\/\/primacover.com\/sv\/wp-json\/wp\/v2\/product"}],"about":[{"href":"https:\/\/primacover.com\/sv\/wp-json\/wp\/v2\/types\/product"}],"wp:featuredmedia":[{"embeddable":true,"href":"https:\/\/primacover.com\/sv\/wp-json\/wp\/v2\/media\/139500"}],"wp:attachment":[{"href":"https:\/\/primacover.com\/sv\/wp-json\/wp\/v2\/media?parent=139499"}],"wp:term":[{"taxonomy":"product_brand","embeddable":true,"href":"https:\/\/primacover.com\/sv\/wp-json\/wp\/v2\/product_brand?post=139499"},{"taxonomy":"product_cat","embeddable":true,"href":"https:\/\/primacover.com\/sv\/wp-json\/wp\/v2\/product_cat?post=139499"},{"taxonomy":"product_tag","embeddable":true,"href":"https:\/\/primacover.com\/sv\/wp-json\/wp\/v2\/product_tag?post=139499"}],"curies":[{"name":"wp","href":"https:\/\/api.w.org\/{rel}","templated":true}]}}