{"id":139532,"date":"2022-05-02T12:55:30","date_gmt":"2022-05-02T10:55:30","guid":{"rendered":"https:\/\/primacover.com\/product\/primacover-zipper-door-u\/"},"modified":"2026-04-03T11:37:54","modified_gmt":"2026-04-03T09:37:54","slug":"primacover-zipper-door-u","status":"publish","type":"product","link":"https:\/\/primacover.com\/sv\/product\/primacover-zipper-door-u\/","title":{"rendered":"PrimaCover Zipper Door U"},"content":{"rendered":"<h2><\/h2>\n<p>Primacover Zipper Door U \u00e4r en f\u00e4rdigmonterad dammskyddsd\u00f6rr med U-blixtl\u00e5s, med tv\u00e5 stycken blixtl\u00e5s f\u00f6r enkel \u00f6ppning och st\u00e4ngning. Snabb och enkel montering med hj\u00e4lp av dubbelsidig tejp (ej inkluderat). Genom att f\u00e4sta underdelen av dammd\u00f6rren fr\u00e5n golv eller d\u00f6rrkarm, s\u00e5 undviker man att dammpartiklar bl\u00e5ser igenom.<\/p>\n<p><strong>Egenskaper:<\/strong><\/p>\n<ul>\n<li>Fastsytt blixtl\u00e5s<\/li>\n<li>Stark folie (150 \u03bcm)<\/li>\n<li>F\u00f6r olika ytor<\/li>\n<li>F\u00f6r h\u00e5rt anv\u00e4ndande<\/li>\n<\/ul>\n<p><strong>Anv\u00e4ndning:<\/strong><\/p>\n<ul>\n<li>Kan anv\u00e4ndas p\u00e5 olika ytor f\u00f6r intensivt anv\u00e4nda applikationer under l\u00e4ngre tid.<\/li>\n<\/ul>\n<p><strong>Instruktioner:<\/strong><\/p>\n<ul>\n<li>Placera p\u00e5 \u00f6nskad yta med dubbelsidig tejp (ej inkluderad) <\/li>\n<li>Se till att produkten \u00e4r anpassad f\u00f6re anv\u00e4ndning.<\/li>\n<\/ul>\n","protected":false},"excerpt":{"rendered":"<h2>Stofdeur met U-rits<\/h2>\n","protected":false},"featured_media":139535,"menu_order":35,"template":"","meta":{"generate_page_header":""},"product_brand":[],"product_cat":[4262],"product_tag":[],"class_list":{"0":"post-139532","1":"product","2":"type-product","3":"status-publish","4":"has-post-thumbnail","6":"product_cat-dammdorr","7":"pa_breedte-0-172-sv","8":"pa_eenheid-m-sv","9":"pa_foliedikte-150-sv","10":"pa_lengte-2-5-sv","11":"pa_matten30-0-0x30-sv","12":"pa_merk-primacover-sv","13":"pa_objecttypen-dammkontroll","14":"pa_objecttypen-dorr","15":"pa_ondergrond-syntetisk","16":"","17":"woocommerce-text-align-center","18":"woocommerce-image-align-center","19":"do-quantity-buttons","21":"first","22":"instock","23":"shipping-taxable","24":"product-type-simple"},"yoast_head":"<!-- This site is optimized with the Yoast SEO Premium plugin v26.7 (Yoast SEO v27.3) - https:\/\/yoast.com\/product\/yoast-seo-premium-wordpress\/ -->\n<title>PrimaCover Zipper Door U Stofdeur<\/title>\n<meta name=\"description\" content=\"PrimaCover Zipper Door U kan met dubbelzijdige tape (niet meegeleverd) probleemloos op uiteenlopende ondergronden worden aangebracht. Door de extra sterke folie en de genaaide rits is de PrimaCover Zipper Door U uitstekend geschikt voor intensief gebruik en langdurige toepassingen.\" \/>\n<meta name=\"robots\" content=\"index, follow, max-snippet:-1, max-image-preview:large, max-video-preview:-1\" \/>\n<link rel=\"canonical\" href=\"https:\/\/primacover.com\/sv\/product\/primacover-zipper-door-u\/\" \/>\n<meta property=\"og:locale\" content=\"sv_SE\" \/>\n<meta property=\"og:type\" content=\"article\" \/>\n<meta property=\"og:title\" content=\"PrimaCover Zipper Door U\" \/>\n<meta property=\"og:description\" content=\"PrimaCover Zipper Door U kan met dubbelzijdige tape (niet meegeleverd) probleemloos op uiteenlopende ondergronden worden aangebracht. Door de extra sterke folie en de genaaide rits is de PrimaCover Zipper Door U uitstekend geschikt voor intensief gebruik en langdurige toepassingen.\" \/>\n<meta property=\"og:url\" content=\"https:\/\/primacover.com\/sv\/product\/primacover-zipper-door-u\/\" \/>\n<meta property=\"og:site_name\" content=\"PrimaCover\" \/>\n<meta property=\"article:publisher\" content=\"https:\/\/www.facebook.com\/PrimaverdeBV\" \/>\n<meta property=\"article:modified_time\" content=\"2026-04-03T09:37:54+00:00\" \/>\n<meta property=\"og:image\" content=\"https:\/\/primacover.com\/wp-content\/uploads\/2022\/05\/Zipper-Door-U_P0NZ_s01-1024x1024.png\" \/>\n\t<meta property=\"og:image:width\" content=\"1024\" \/>\n\t<meta property=\"og:image:height\" content=\"1024\" \/>\n\t<meta property=\"og:image:type\" content=\"image\/png\" \/>\n<meta name=\"twitter:card\" content=\"summary_large_image\" \/>\n<meta name=\"twitter:label1\" content=\"Pris\" \/>\n\t<meta name=\"twitter:data1\" content=\"\" \/>\n\t<meta name=\"twitter:label2\" content=\"Tillg\u00e4nglig\" \/>\n\t<meta name=\"twitter:data2\" content=\"I lager\" \/>\n<script type=\"application\/ld+json\" class=\"yoast-schema-graph\">{\"@context\":\"https:\\\/\\\/schema.org\",\"@graph\":[{\"@type\":\"WebPage\",\"@id\":\"https:\\\/\\\/primacover.com\\\/sv\\\/product\\\/primacover-zipper-door-u\\\/\",\"url\":\"https:\\\/\\\/primacover.com\\\/sv\\\/product\\\/primacover-zipper-door-u\\\/\",\"name\":\"PrimaCover Zipper Door U Stofdeur\",\"isPartOf\":{\"@id\":\"https:\\\/\\\/primacover.com\\\/sv\\\/#website\"},\"primaryImageOfPage\":{\"@id\":\"https:\\\/\\\/primacover.com\\\/sv\\\/product\\\/primacover-zipper-door-u\\\/#primaryimage\"},\"image\":{\"@id\":\"https:\\\/\\\/primacover.com\\\/sv\\\/product\\\/primacover-zipper-door-u\\\/#primaryimage\"},\"thumbnailUrl\":\"https:\\\/\\\/primacover.com\\\/wp-content\\\/uploads\\\/2022\\\/05\\\/Zipper-Door-U_P0NZ_s01.png\",\"datePublished\":\"2022-05-02T10:55:30+00:00\",\"dateModified\":\"2026-04-03T09:37:54+00:00\",\"description\":\"PrimaCover Zipper Door U kan met dubbelzijdige tape (niet meegeleverd) probleemloos op uiteenlopende ondergronden worden aangebracht. Door de extra sterke folie en de genaaide rits is de PrimaCover Zipper Door U uitstekend geschikt voor intensief gebruik en langdurige toepassingen.\",\"breadcrumb\":{\"@id\":\"https:\\\/\\\/primacover.com\\\/sv\\\/product\\\/primacover-zipper-door-u\\\/#breadcrumb\"},\"inLanguage\":\"sv-SE\",\"potentialAction\":[{\"@type\":\"ReadAction\",\"target\":[\"https:\\\/\\\/primacover.com\\\/sv\\\/product\\\/primacover-zipper-door-u\\\/\"]}]},{\"@type\":\"ImageObject\",\"inLanguage\":\"sv-SE\",\"@id\":\"https:\\\/\\\/primacover.com\\\/sv\\\/product\\\/primacover-zipper-door-u\\\/#primaryimage\",\"url\":\"https:\\\/\\\/primacover.com\\\/wp-content\\\/uploads\\\/2022\\\/05\\\/Zipper-Door-U_P0NZ_s01.png\",\"contentUrl\":\"https:\\\/\\\/primacover.com\\\/wp-content\\\/uploads\\\/2022\\\/05\\\/Zipper-Door-U_P0NZ_s01.png\",\"width\":4800,\"height\":4800},{\"@type\":\"BreadcrumbList\",\"@id\":\"https:\\\/\\\/primacover.com\\\/sv\\\/product\\\/primacover-zipper-door-u\\\/#breadcrumb\",\"itemListElement\":[{\"@type\":\"ListItem\",\"position\":1,\"name\":\"Home\",\"item\":\"https:\\\/\\\/primacover.com\\\/sv\\\/\"},{\"@type\":\"ListItem\",\"position\":2,\"name\":\"Produkter\",\"item\":\"https:\\\/\\\/primacover.com\\\/sv\\\/producten\\\/\"},{\"@type\":\"ListItem\",\"position\":3,\"name\":\"PrimaCover Zipper Door U\"}]},{\"@type\":\"WebSite\",\"@id\":\"https:\\\/\\\/primacover.com\\\/sv\\\/#website\",\"url\":\"https:\\\/\\\/primacover.com\\\/sv\\\/\",\"name\":\"PrimaCover\",\"description\":\"afdekvlies-afdekfolie-stofdeuren, coveringmaterials-dustdoors\",\"publisher\":{\"@id\":\"https:\\\/\\\/primacover.com\\\/sv\\\/#organization\"},\"potentialAction\":[{\"@type\":\"SearchAction\",\"target\":{\"@type\":\"EntryPoint\",\"urlTemplate\":\"https:\\\/\\\/primacover.com\\\/sv\\\/?s={search_term_string}\"},\"query-input\":{\"@type\":\"PropertyValueSpecification\",\"valueRequired\":true,\"valueName\":\"search_term_string\"}}],\"inLanguage\":\"sv-SE\"},{\"@type\":\"Organization\",\"@id\":\"https:\\\/\\\/primacover.com\\\/sv\\\/#organization\",\"name\":\"PrimaCover\",\"url\":\"https:\\\/\\\/primacover.com\\\/sv\\\/\",\"logo\":{\"@type\":\"ImageObject\",\"inLanguage\":\"sv-SE\",\"@id\":\"https:\\\/\\\/primacover.com\\\/sv\\\/#\\\/schema\\\/logo\\\/image\\\/\",\"url\":\"\",\"contentUrl\":\"\",\"caption\":\"PrimaCover\"},\"image\":{\"@id\":\"https:\\\/\\\/primacover.com\\\/sv\\\/#\\\/schema\\\/logo\\\/image\\\/\"},\"sameAs\":[\"https:\\\/\\\/www.facebook.com\\\/PrimaverdeBV\",\"https:\\\/\\\/nl.linkedin.com\\\/company\\\/primaverde\",\"https:\\\/\\\/www.youtube.com\\\/channel\\\/UC3DwQqj8f8tatLdSFA0aWwA\"]}]}<\/script>\n<meta property=\"product:brand\" content=\"PrimaCover\" \/>\n<meta property=\"product:price:currency\" content=\"EUR\" \/>\n<meta property=\"og:availability\" content=\"instock\" \/>\n<meta property=\"product:availability\" content=\"instock\" \/>\n<meta property=\"product:retailer_item_id\" content=\"PC900512\" \/>\n<meta property=\"product:condition\" content=\"new\" \/>\n<!-- \/ Yoast SEO Premium plugin. -->","yoast_head_json":{"title":"PrimaCover Zipper Door U Stofdeur","description":"PrimaCover Zipper Door U kan met dubbelzijdige tape (niet meegeleverd) probleemloos op uiteenlopende ondergronden worden aangebracht. Door de extra sterke folie en de genaaide rits is de PrimaCover Zipper Door U uitstekend geschikt voor intensief gebruik en langdurige toepassingen.","robots":{"index":"index","follow":"follow","max-snippet":"max-snippet:-1","max-image-preview":"max-image-preview:large","max-video-preview":"max-video-preview:-1"},"canonical":"https:\/\/primacover.com\/sv\/product\/primacover-zipper-door-u\/","og_locale":"sv_SE","og_type":"article","og_title":"PrimaCover Zipper Door U","og_description":"PrimaCover Zipper Door U kan met dubbelzijdige tape (niet meegeleverd) probleemloos op uiteenlopende ondergronden worden aangebracht. Door de extra sterke folie en de genaaide rits is de PrimaCover Zipper Door U uitstekend geschikt voor intensief gebruik en langdurige toepassingen.","og_url":"https:\/\/primacover.com\/sv\/product\/primacover-zipper-door-u\/","og_site_name":"PrimaCover","article_publisher":"https:\/\/www.facebook.com\/PrimaverdeBV","article_modified_time":"2026-04-03T09:37:54+00:00","og_image":[{"width":1024,"height":1024,"url":"https:\/\/primacover.com\/wp-content\/uploads\/2022\/05\/Zipper-Door-U_P0NZ_s01-1024x1024.png","type":"image\/png"}],"twitter_card":"summary_large_image","twitter_misc":{"Pris":"","Tillg\u00e4nglig":"I lager"},"schema":{"@context":"https:\/\/schema.org","@graph":[{"@type":"WebPage","@id":"https:\/\/primacover.com\/sv\/product\/primacover-zipper-door-u\/","url":"https:\/\/primacover.com\/sv\/product\/primacover-zipper-door-u\/","name":"PrimaCover Zipper Door U Stofdeur","isPartOf":{"@id":"https:\/\/primacover.com\/sv\/#website"},"primaryImageOfPage":{"@id":"https:\/\/primacover.com\/sv\/product\/primacover-zipper-door-u\/#primaryimage"},"image":{"@id":"https:\/\/primacover.com\/sv\/product\/primacover-zipper-door-u\/#primaryimage"},"thumbnailUrl":"https:\/\/primacover.com\/wp-content\/uploads\/2022\/05\/Zipper-Door-U_P0NZ_s01.png","datePublished":"2022-05-02T10:55:30+00:00","dateModified":"2026-04-03T09:37:54+00:00","description":"PrimaCover Zipper Door U kan met dubbelzijdige tape (niet meegeleverd) probleemloos op uiteenlopende ondergronden worden aangebracht. Door de extra sterke folie en de genaaide rits is de PrimaCover Zipper Door U uitstekend geschikt voor intensief gebruik en langdurige toepassingen.","breadcrumb":{"@id":"https:\/\/primacover.com\/sv\/product\/primacover-zipper-door-u\/#breadcrumb"},"inLanguage":"sv-SE","potentialAction":[{"@type":"ReadAction","target":["https:\/\/primacover.com\/sv\/product\/primacover-zipper-door-u\/"]}]},{"@type":"ImageObject","inLanguage":"sv-SE","@id":"https:\/\/primacover.com\/sv\/product\/primacover-zipper-door-u\/#primaryimage","url":"https:\/\/primacover.com\/wp-content\/uploads\/2022\/05\/Zipper-Door-U_P0NZ_s01.png","contentUrl":"https:\/\/primacover.com\/wp-content\/uploads\/2022\/05\/Zipper-Door-U_P0NZ_s01.png","width":4800,"height":4800},{"@type":"BreadcrumbList","@id":"https:\/\/primacover.com\/sv\/product\/primacover-zipper-door-u\/#breadcrumb","itemListElement":[{"@type":"ListItem","position":1,"name":"Home","item":"https:\/\/primacover.com\/sv\/"},{"@type":"ListItem","position":2,"name":"Produkter","item":"https:\/\/primacover.com\/sv\/producten\/"},{"@type":"ListItem","position":3,"name":"PrimaCover Zipper Door U"}]},{"@type":"WebSite","@id":"https:\/\/primacover.com\/sv\/#website","url":"https:\/\/primacover.com\/sv\/","name":"PrimaCover","description":"afdekvlies-afdekfolie-stofdeuren, coveringmaterials-dustdoors","publisher":{"@id":"https:\/\/primacover.com\/sv\/#organization"},"potentialAction":[{"@type":"SearchAction","target":{"@type":"EntryPoint","urlTemplate":"https:\/\/primacover.com\/sv\/?s={search_term_string}"},"query-input":{"@type":"PropertyValueSpecification","valueRequired":true,"valueName":"search_term_string"}}],"inLanguage":"sv-SE"},{"@type":"Organization","@id":"https:\/\/primacover.com\/sv\/#organization","name":"PrimaCover","url":"https:\/\/primacover.com\/sv\/","logo":{"@type":"ImageObject","inLanguage":"sv-SE","@id":"https:\/\/primacover.com\/sv\/#\/schema\/logo\/image\/","url":"","contentUrl":"","caption":"PrimaCover"},"image":{"@id":"https:\/\/primacover.com\/sv\/#\/schema\/logo\/image\/"},"sameAs":["https:\/\/www.facebook.com\/PrimaverdeBV","https:\/\/nl.linkedin.com\/company\/primaverde","https:\/\/www.youtube.com\/channel\/UC3DwQqj8f8tatLdSFA0aWwA"]}]},"product_brand":"PrimaCover","product_price_currency":"EUR","og_availability":"instock","product_availability":"instock","product_retailer_item_id":"PC900512","product_condition":"new"},"_links":{"self":[{"href":"https:\/\/primacover.com\/sv\/wp-json\/wp\/v2\/product\/139532","targetHints":{"allow":["GET"]}}],"collection":[{"href":"https:\/\/primacover.com\/sv\/wp-json\/wp\/v2\/product"}],"about":[{"href":"https:\/\/primacover.com\/sv\/wp-json\/wp\/v2\/types\/product"}],"wp:featuredmedia":[{"embeddable":true,"href":"https:\/\/primacover.com\/sv\/wp-json\/wp\/v2\/media\/139535"}],"wp:attachment":[{"href":"https:\/\/primacover.com\/sv\/wp-json\/wp\/v2\/media?parent=139532"}],"wp:term":[{"taxonomy":"product_brand","embeddable":true,"href":"https:\/\/primacover.com\/sv\/wp-json\/wp\/v2\/product_brand?post=139532"},{"taxonomy":"product_cat","embeddable":true,"href":"https:\/\/primacover.com\/sv\/wp-json\/wp\/v2\/product_cat?post=139532"},{"taxonomy":"product_tag","embeddable":true,"href":"https:\/\/primacover.com\/sv\/wp-json\/wp\/v2\/product_tag?post=139532"}],"curies":[{"name":"wp","href":"https:\/\/api.w.org\/{rel}","templated":true}]}}