{"id":139536,"date":"2022-05-02T12:55:24","date_gmt":"2022-05-02T10:55:24","guid":{"rendered":"https:\/\/primacover.com\/product\/primacover-zipper\/"},"modified":"2026-04-03T11:36:59","modified_gmt":"2026-04-03T09:36:59","slug":"primacover-zipper","status":"publish","type":"product","link":"https:\/\/primacover.com\/sv\/product\/primacover-zipper\/","title":{"rendered":"PrimaCover Zipper"},"content":{"rendered":"<h2><\/h2>\n<p>Primacover Zipper \u00e4r ett blixtl\u00e5s d\u00e4r du snabbt och enkelt kan ordna en d\u00f6rr\u00f6ppning i en dammskyddsd\u00f6rr. H\u00f6g kvalitet f\u00f6r l\u00e5ngvarig anv\u00e4ndning. F\u00f6r en normal passage \u00e4r ett blixtl\u00e5s tillr\u00e4ckligt. F\u00f6r en extra bred passage, plassera tv\u00e5 blixtl\u00e5s med ett lagomt avst\u00e5nd fr\u00e5n varandra. Klistra p\u00e5 \u2013 sk\u00e4r upp \u2013 f\u00e4rdigt!<\/p>\n<p><strong>Egenskaper:<\/strong><\/p>\n<ul>\n<li>Exceptionellt f\u00e4st\u00e4mne med extra brett sj\u00e4lvh\u00e4ftande f\u00e4lt<\/li>\n<li>Blixtl\u00e5s med h\u00f6g kvalitet<\/li>\n<li>7,6cm x 213cm<\/li>\n<\/ul>\n<p><strong>Anv\u00e4ndning:<\/strong><\/p>\n<ul>\n<li>F\u00f6r att ordna blixtl\u00e5sd\u00f6rrar i folie eller tygd\u00f6rrar<\/li>\n<\/ul>\n<p><strong>Instruktioner:<\/strong><\/p>\n<ul>\n<li>L\u00e4gg plasten eller dammv\u00e4ggen p\u00e5 en platt yta och plassera sedan blixtl\u00e5set p\u00e5 \u00f6nskad plats och tryck fast. <\/li>\n<li>Sk\u00e4r genom plasten eller dammv\u00e4ggen genom det \u00f6ppna blixtl\u00e5set.<\/li>\n<li>Placera tv\u00e5 blixtl\u00e5s f\u00f6r extra bred ing\u00e5ng.<\/li>\n<\/ul>\n","protected":false},"excerpt":{"rendered":"<h2>Zelfklevende rits (2 stuks)<\/h2>\n","protected":false},"featured_media":139537,"menu_order":36,"template":"","meta":{"generate_page_header":""},"product_brand":[],"product_cat":[4262],"product_tag":[4268],"class_list":{"0":"post-139536","1":"product","2":"type-product","3":"status-publish","4":"has-post-thumbnail","6":"product_cat-dammdorr","7":"product_tag-sjalvhaftande","8":"pa_breedte-0-106-sv","9":"pa_eenheid-m-sv","10":"pa_foliedikte-150-sv","11":"pa_lengte-2-13-sv","12":"pa_matten30-0-0x30-sv","13":"pa_merk-primacover-sv","14":"pa_objecttypen-dammkontroll","15":"pa_ondergrond-syntetisk","16":"","17":"woocommerce-text-align-center","18":"woocommerce-image-align-center","19":"do-quantity-buttons","21":"first","22":"instock","23":"shipping-taxable","24":"product-type-simple"},"yoast_head":"<!-- This site is optimized with the Yoast SEO Premium plugin v27.4 (Yoast SEO v27.4) - https:\/\/yoast.com\/product\/yoast-seo-premium-wordpress\/ -->\n<title>PrimaCover Zipper Stofdeur<\/title>\n<meta name=\"description\" content=\"Maak snel een doorgang in elke stofwand en folie. Hoge kwaliteit, dus geschikt voor langdurig gebruik. Voor een normale doorgang is 1 rits genoeg. Voor een extra brede doorgang brengt u 2 ritsen aan op enige afstand van elkaar. Opplakken \u2013 opensnijden \u2013 klaar!\" \/>\n<meta name=\"robots\" content=\"index, follow, max-snippet:-1, max-image-preview:large, max-video-preview:-1\" \/>\n<link rel=\"canonical\" href=\"https:\/\/primacover.com\/sv\/product\/primacover-zipper\/\" \/>\n<meta property=\"og:locale\" content=\"sv_SE\" \/>\n<meta property=\"og:type\" content=\"article\" \/>\n<meta property=\"og:title\" content=\"PrimaCover Zipper\" \/>\n<meta property=\"og:description\" content=\"Maak snel een doorgang in elke stofwand en folie. Hoge kwaliteit, dus geschikt voor langdurig gebruik. Voor een normale doorgang is 1 rits genoeg. Voor een extra brede doorgang brengt u 2 ritsen aan op enige afstand van elkaar. Opplakken \u2013 opensnijden \u2013 klaar!\" \/>\n<meta property=\"og:url\" content=\"https:\/\/primacover.com\/sv\/product\/primacover-zipper\/\" \/>\n<meta property=\"og:site_name\" content=\"PrimaCover\" \/>\n<meta property=\"article:publisher\" content=\"https:\/\/www.facebook.com\/PrimaverdeBV\" \/>\n<meta property=\"article:modified_time\" content=\"2026-04-03T09:36:59+00:00\" \/>\n<meta property=\"og:image\" content=\"https:\/\/primacover.com\/wp-content\/uploads\/2022\/04\/Zipper_P0NZ_s03.jpg\" \/>\n\t<meta property=\"og:image:width\" content=\"600\" \/>\n\t<meta property=\"og:image:height\" content=\"600\" \/>\n\t<meta property=\"og:image:type\" content=\"image\/jpeg\" \/>\n<meta name=\"twitter:card\" content=\"summary_large_image\" \/>\n<meta name=\"twitter:label1\" content=\"Pris\" \/>\n\t<meta name=\"twitter:data1\" content=\"\" \/>\n\t<meta name=\"twitter:label2\" content=\"Tillg\u00e4nglig\" \/>\n\t<meta name=\"twitter:data2\" content=\"I lager\" \/>\n<script type=\"application\/ld+json\" class=\"yoast-schema-graph\">{\"@context\":\"https:\\\/\\\/schema.org\",\"@graph\":[{\"@type\":\"WebPage\",\"@id\":\"https:\\\/\\\/primacover.com\\\/sv\\\/product\\\/primacover-zipper\\\/\",\"url\":\"https:\\\/\\\/primacover.com\\\/sv\\\/product\\\/primacover-zipper\\\/\",\"name\":\"PrimaCover Zipper Stofdeur\",\"isPartOf\":{\"@id\":\"https:\\\/\\\/primacover.com\\\/sv\\\/#website\"},\"primaryImageOfPage\":{\"@id\":\"https:\\\/\\\/primacover.com\\\/sv\\\/product\\\/primacover-zipper\\\/#primaryimage\"},\"image\":{\"@id\":\"https:\\\/\\\/primacover.com\\\/sv\\\/product\\\/primacover-zipper\\\/#primaryimage\"},\"thumbnailUrl\":\"https:\\\/\\\/primacover.com\\\/wp-content\\\/uploads\\\/2022\\\/04\\\/Zipper_P0NZ_s03.jpg\",\"datePublished\":\"2022-05-02T10:55:24+00:00\",\"dateModified\":\"2026-04-03T09:36:59+00:00\",\"description\":\"Maak snel een doorgang in elke stofwand en folie. Hoge kwaliteit, dus geschikt voor langdurig gebruik. Voor een normale doorgang is 1 rits genoeg. Voor een extra brede doorgang brengt u 2 ritsen aan op enige afstand van elkaar. Opplakken \u2013 opensnijden \u2013 klaar!\",\"breadcrumb\":{\"@id\":\"https:\\\/\\\/primacover.com\\\/sv\\\/product\\\/primacover-zipper\\\/#breadcrumb\"},\"inLanguage\":\"sv-SE\",\"potentialAction\":[{\"@type\":\"ReadAction\",\"target\":[\"https:\\\/\\\/primacover.com\\\/sv\\\/product\\\/primacover-zipper\\\/\"]}]},{\"@type\":\"ImageObject\",\"inLanguage\":\"sv-SE\",\"@id\":\"https:\\\/\\\/primacover.com\\\/sv\\\/product\\\/primacover-zipper\\\/#primaryimage\",\"url\":\"https:\\\/\\\/primacover.com\\\/wp-content\\\/uploads\\\/2022\\\/04\\\/Zipper_P0NZ_s03.jpg\",\"contentUrl\":\"https:\\\/\\\/primacover.com\\\/wp-content\\\/uploads\\\/2022\\\/04\\\/Zipper_P0NZ_s03.jpg\",\"width\":600,\"height\":600},{\"@type\":\"BreadcrumbList\",\"@id\":\"https:\\\/\\\/primacover.com\\\/sv\\\/product\\\/primacover-zipper\\\/#breadcrumb\",\"itemListElement\":[{\"@type\":\"ListItem\",\"position\":1,\"name\":\"Home\",\"item\":\"https:\\\/\\\/primacover.com\\\/sv\\\/\"},{\"@type\":\"ListItem\",\"position\":2,\"name\":\"Produkter\",\"item\":\"https:\\\/\\\/primacover.com\\\/sv\\\/producten\\\/\"},{\"@type\":\"ListItem\",\"position\":3,\"name\":\"PrimaCover Zipper\"}]},{\"@type\":\"WebSite\",\"@id\":\"https:\\\/\\\/primacover.com\\\/sv\\\/#website\",\"url\":\"https:\\\/\\\/primacover.com\\\/sv\\\/\",\"name\":\"PrimaCover\",\"description\":\"afdekvlies-afdekfolie-stofdeuren, coveringmaterials-dustdoors\",\"publisher\":{\"@id\":\"https:\\\/\\\/primacover.com\\\/sv\\\/#organization\"},\"potentialAction\":[{\"@type\":\"SearchAction\",\"target\":{\"@type\":\"EntryPoint\",\"urlTemplate\":\"https:\\\/\\\/primacover.com\\\/sv\\\/?s={search_term_string}\"},\"query-input\":{\"@type\":\"PropertyValueSpecification\",\"valueRequired\":true,\"valueName\":\"search_term_string\"}}],\"inLanguage\":\"sv-SE\"},{\"@type\":\"Organization\",\"@id\":\"https:\\\/\\\/primacover.com\\\/sv\\\/#organization\",\"name\":\"PrimaCover\",\"url\":\"https:\\\/\\\/primacover.com\\\/sv\\\/\",\"logo\":{\"@type\":\"ImageObject\",\"inLanguage\":\"sv-SE\",\"@id\":\"https:\\\/\\\/primacover.com\\\/sv\\\/#\\\/schema\\\/logo\\\/image\\\/\",\"url\":\"\",\"contentUrl\":\"\",\"caption\":\"PrimaCover\"},\"image\":{\"@id\":\"https:\\\/\\\/primacover.com\\\/sv\\\/#\\\/schema\\\/logo\\\/image\\\/\"},\"sameAs\":[\"https:\\\/\\\/www.facebook.com\\\/PrimaverdeBV\",\"https:\\\/\\\/nl.linkedin.com\\\/company\\\/primaverde\",\"https:\\\/\\\/www.youtube.com\\\/channel\\\/UC3DwQqj8f8tatLdSFA0aWwA\"]}]}<\/script>\n<meta property=\"product:brand\" content=\"PrimaCover\" \/>\n<meta property=\"product:price:currency\" content=\"EUR\" \/>\n<meta property=\"og:availability\" content=\"instock\" \/>\n<meta property=\"product:availability\" content=\"instock\" \/>\n<meta property=\"product:retailer_item_id\" content=\"PC900004\" \/>\n<meta property=\"product:condition\" content=\"new\" \/>\n<!-- \/ Yoast SEO Premium plugin. -->","yoast_head_json":{"title":"PrimaCover Zipper Stofdeur","description":"Maak snel een doorgang in elke stofwand en folie. Hoge kwaliteit, dus geschikt voor langdurig gebruik. Voor een normale doorgang is 1 rits genoeg. Voor een extra brede doorgang brengt u 2 ritsen aan op enige afstand van elkaar. Opplakken \u2013 opensnijden \u2013 klaar!","robots":{"index":"index","follow":"follow","max-snippet":"max-snippet:-1","max-image-preview":"max-image-preview:large","max-video-preview":"max-video-preview:-1"},"canonical":"https:\/\/primacover.com\/sv\/product\/primacover-zipper\/","og_locale":"sv_SE","og_type":"article","og_title":"PrimaCover Zipper","og_description":"Maak snel een doorgang in elke stofwand en folie. Hoge kwaliteit, dus geschikt voor langdurig gebruik. Voor een normale doorgang is 1 rits genoeg. Voor een extra brede doorgang brengt u 2 ritsen aan op enige afstand van elkaar. Opplakken \u2013 opensnijden \u2013 klaar!","og_url":"https:\/\/primacover.com\/sv\/product\/primacover-zipper\/","og_site_name":"PrimaCover","article_publisher":"https:\/\/www.facebook.com\/PrimaverdeBV","article_modified_time":"2026-04-03T09:36:59+00:00","og_image":[{"width":600,"height":600,"url":"https:\/\/primacover.com\/wp-content\/uploads\/2022\/04\/Zipper_P0NZ_s03.jpg","type":"image\/jpeg"}],"twitter_card":"summary_large_image","twitter_misc":{"Pris":"","Tillg\u00e4nglig":"I lager"},"schema":{"@context":"https:\/\/schema.org","@graph":[{"@type":"WebPage","@id":"https:\/\/primacover.com\/sv\/product\/primacover-zipper\/","url":"https:\/\/primacover.com\/sv\/product\/primacover-zipper\/","name":"PrimaCover Zipper Stofdeur","isPartOf":{"@id":"https:\/\/primacover.com\/sv\/#website"},"primaryImageOfPage":{"@id":"https:\/\/primacover.com\/sv\/product\/primacover-zipper\/#primaryimage"},"image":{"@id":"https:\/\/primacover.com\/sv\/product\/primacover-zipper\/#primaryimage"},"thumbnailUrl":"https:\/\/primacover.com\/wp-content\/uploads\/2022\/04\/Zipper_P0NZ_s03.jpg","datePublished":"2022-05-02T10:55:24+00:00","dateModified":"2026-04-03T09:36:59+00:00","description":"Maak snel een doorgang in elke stofwand en folie. Hoge kwaliteit, dus geschikt voor langdurig gebruik. Voor een normale doorgang is 1 rits genoeg. Voor een extra brede doorgang brengt u 2 ritsen aan op enige afstand van elkaar. Opplakken \u2013 opensnijden \u2013 klaar!","breadcrumb":{"@id":"https:\/\/primacover.com\/sv\/product\/primacover-zipper\/#breadcrumb"},"inLanguage":"sv-SE","potentialAction":[{"@type":"ReadAction","target":["https:\/\/primacover.com\/sv\/product\/primacover-zipper\/"]}]},{"@type":"ImageObject","inLanguage":"sv-SE","@id":"https:\/\/primacover.com\/sv\/product\/primacover-zipper\/#primaryimage","url":"https:\/\/primacover.com\/wp-content\/uploads\/2022\/04\/Zipper_P0NZ_s03.jpg","contentUrl":"https:\/\/primacover.com\/wp-content\/uploads\/2022\/04\/Zipper_P0NZ_s03.jpg","width":600,"height":600},{"@type":"BreadcrumbList","@id":"https:\/\/primacover.com\/sv\/product\/primacover-zipper\/#breadcrumb","itemListElement":[{"@type":"ListItem","position":1,"name":"Home","item":"https:\/\/primacover.com\/sv\/"},{"@type":"ListItem","position":2,"name":"Produkter","item":"https:\/\/primacover.com\/sv\/producten\/"},{"@type":"ListItem","position":3,"name":"PrimaCover Zipper"}]},{"@type":"WebSite","@id":"https:\/\/primacover.com\/sv\/#website","url":"https:\/\/primacover.com\/sv\/","name":"PrimaCover","description":"afdekvlies-afdekfolie-stofdeuren, coveringmaterials-dustdoors","publisher":{"@id":"https:\/\/primacover.com\/sv\/#organization"},"potentialAction":[{"@type":"SearchAction","target":{"@type":"EntryPoint","urlTemplate":"https:\/\/primacover.com\/sv\/?s={search_term_string}"},"query-input":{"@type":"PropertyValueSpecification","valueRequired":true,"valueName":"search_term_string"}}],"inLanguage":"sv-SE"},{"@type":"Organization","@id":"https:\/\/primacover.com\/sv\/#organization","name":"PrimaCover","url":"https:\/\/primacover.com\/sv\/","logo":{"@type":"ImageObject","inLanguage":"sv-SE","@id":"https:\/\/primacover.com\/sv\/#\/schema\/logo\/image\/","url":"","contentUrl":"","caption":"PrimaCover"},"image":{"@id":"https:\/\/primacover.com\/sv\/#\/schema\/logo\/image\/"},"sameAs":["https:\/\/www.facebook.com\/PrimaverdeBV","https:\/\/nl.linkedin.com\/company\/primaverde","https:\/\/www.youtube.com\/channel\/UC3DwQqj8f8tatLdSFA0aWwA"]}]},"product_brand":"PrimaCover","product_price_currency":"EUR","og_availability":"instock","product_availability":"instock","product_retailer_item_id":"PC900004","product_condition":"new"},"_links":{"self":[{"href":"https:\/\/primacover.com\/sv\/wp-json\/wp\/v2\/product\/139536","targetHints":{"allow":["GET"]}}],"collection":[{"href":"https:\/\/primacover.com\/sv\/wp-json\/wp\/v2\/product"}],"about":[{"href":"https:\/\/primacover.com\/sv\/wp-json\/wp\/v2\/types\/product"}],"wp:featuredmedia":[{"embeddable":true,"href":"https:\/\/primacover.com\/sv\/wp-json\/wp\/v2\/media\/139537"}],"wp:attachment":[{"href":"https:\/\/primacover.com\/sv\/wp-json\/wp\/v2\/media?parent=139536"}],"wp:term":[{"taxonomy":"product_brand","embeddable":true,"href":"https:\/\/primacover.com\/sv\/wp-json\/wp\/v2\/product_brand?post=139536"},{"taxonomy":"product_cat","embeddable":true,"href":"https:\/\/primacover.com\/sv\/wp-json\/wp\/v2\/product_cat?post=139536"},{"taxonomy":"product_tag","embeddable":true,"href":"https:\/\/primacover.com\/sv\/wp-json\/wp\/v2\/product_tag?post=139536"}],"curies":[{"name":"wp","href":"https:\/\/api.w.org\/{rel}","templated":true}]}}