{"id":139566,"date":"2025-04-23T08:45:26","date_gmt":"2025-04-23T06:45:26","guid":{"rendered":"https:\/\/primacover.com\/?post_type=product&#038;p=139566"},"modified":"2026-04-03T11:50:39","modified_gmt":"2026-04-03T09:50:39","slug":"primacover-airtape","status":"publish","type":"product","link":"https:\/\/primacover.com\/sv\/product\/primacover-airtape\/","title":{"rendered":"PrimaCover Airtape"},"content":{"rendered":"<h2>Andningsaktiv fogtejp f\u00f6r t\u00e4ckmaterial<\/h2>\n<p>PrimaCover Airtape har utvecklats speciellt f\u00f6r s\u00e4ker fogning av genomsl\u00e4ppliga och andningsbara t\u00e4ckmaterial (t.ex. PrimaCover Active, Ram Board och PrimaCover Defend). Det andningsbara mikropunktslimskiktet g\u00f6r att substratet l\u00e4tt kan avdunsta och\/eller h\u00e4rda, samtidigt som t\u00e4ckmaterialet sitter s\u00e4kert p\u00e5 plats.<\/p>\n<p><strong>Egenskaper:<\/strong><\/p>\n<ul>\n<li>Material: andningsbar PP non woven<\/li>\n<li>Sj\u00e4lvh\u00e4ftande: syntetiskt gummi<\/li>\n<li>Vattengenomsl\u00e4pplighet: 10 l\/m2\/min<\/li>\n<li>Luftgenomsl\u00e4pplighet: 750 l\/m2\/min<\/li>\n<li>Dragh\u00e5llfasthet: 70N\/25mm<\/li>\n<li>Temperaturbest\u00e4ndighet: min . -20\u02daC \/ max. +80\u02daC<\/li>\n<li>Unikt mikropunktslimlager<\/li>\n<li>Dimensioner: 50 mm x 33 m<\/li>\n<\/ul>\n<p><strong>Anv\u00e4ndning:<\/strong><\/p>\n<ul>\n<li>Perfekt f\u00f6r fogning av t\u00e4ckmaterial p\u00e5 exponerad betong, natursten, gjutna golv med mera.<\/li>\n<\/ul>\n<p><strong>Instruktioner:<\/strong><\/p>\n<ul>\n<li>Ytan m\u00e5ste vara fri fr\u00e5n smuts och fett.<\/li>\n<li>Med undantag f\u00f6r PrimaCover Active kan t\u00e4ckmaterialen sammanfogas utan \u00f6verlappning. PrimaCover Active l\u00e4ggs med 10 cm \u00f6verlappning innan den tejpas med Airtape. Applicera tryck p\u00e5 skarven (2 kg per 25 mm).<\/li>\n<li>Kontrollera att produkten \u00e4r l\u00e4mplig f\u00f6re anv\u00e4ndning!<\/li>\n<\/ul>\n","protected":false},"excerpt":{"rendered":"<p>Andningsaktiv fogtejp f\u00f6r t\u00e4ckmaterial PrimaCover Airtape har utvecklats speciellt f\u00f6r s\u00e4ker fogning av genomsl\u00e4ppliga och andningsbara t\u00e4ckmaterial (t.ex. PrimaCover Active,<\/p>\n","protected":false},"featured_media":139780,"menu_order":1,"template":"","meta":{"generate_page_header":""},"product_brand":[],"product_cat":[4255],"product_tag":[],"class_list":{"0":"post-139566","1":"product","2":"type-product","3":"status-publish","4":"has-post-thumbnail","6":"product_cat-tillbehor","7":"","8":"woocommerce-text-align-center","9":"woocommerce-image-align-center","10":"do-quantity-buttons","12":"first","13":"instock","14":"shipping-taxable","15":"product-type-simple"},"yoast_head":"<!-- This site is optimized with the Yoast SEO Premium plugin v27.4 (Yoast SEO v27.5) - https:\/\/yoast.com\/product\/yoast-seo-premium-wordpress\/ -->\n<title>PrimaCover Airtape<\/title>\n<meta name=\"robots\" content=\"index, follow, max-snippet:-1, max-image-preview:large, max-video-preview:-1\" \/>\n<link rel=\"canonical\" href=\"https:\/\/primacover.com\/sv\/product\/primacover-airtape\/\" \/>\n<meta property=\"og:locale\" content=\"sv_SE\" \/>\n<meta property=\"og:type\" content=\"article\" \/>\n<meta property=\"og:title\" content=\"PrimaCover Airtape\" \/>\n<meta property=\"og:description\" content=\"Andningsaktiv fogtejp f\u00f6r t\u00e4ckmaterial PrimaCover Airtape har utvecklats speciellt f\u00f6r s\u00e4ker fogning av genomsl\u00e4ppliga och andningsbara t\u00e4ckmaterial (t.ex. PrimaCover Active,\" \/>\n<meta property=\"og:url\" content=\"https:\/\/primacover.com\/sv\/product\/primacover-airtape\/\" \/>\n<meta property=\"og:site_name\" content=\"PrimaCover\" \/>\n<meta property=\"article:publisher\" content=\"https:\/\/www.facebook.com\/PrimaverdeBV\" \/>\n<meta property=\"article:modified_time\" content=\"2026-04-03T09:50:39+00:00\" \/>\n<meta property=\"og:image\" content=\"https:\/\/primacover.com\/wp-content\/uploads\/2025\/04\/08719439008182_A1N1_s01.jpg\" \/>\n\t<meta property=\"og:image:width\" content=\"600\" \/>\n\t<meta property=\"og:image:height\" content=\"600\" \/>\n\t<meta property=\"og:image:type\" content=\"image\/jpeg\" \/>\n<meta name=\"twitter:card\" content=\"summary_large_image\" \/>\n<meta name=\"twitter:label1\" content=\"Pris\" \/>\n\t<meta name=\"twitter:data1\" content=\"\" \/>\n\t<meta name=\"twitter:label2\" content=\"Tillg\u00e4nglig\" \/>\n\t<meta name=\"twitter:data2\" content=\"I lager\" \/>\n<script type=\"application\/ld+json\" class=\"yoast-schema-graph\">{\"@context\":\"https:\\\/\\\/schema.org\",\"@graph\":[{\"@type\":\"WebPage\",\"@id\":\"https:\\\/\\\/primacover.com\\\/sv\\\/product\\\/primacover-airtape\\\/\",\"url\":\"https:\\\/\\\/primacover.com\\\/sv\\\/product\\\/primacover-airtape\\\/\",\"name\":\"PrimaCover Airtape\",\"isPartOf\":{\"@id\":\"https:\\\/\\\/primacover.com\\\/sv\\\/#website\"},\"primaryImageOfPage\":{\"@id\":\"https:\\\/\\\/primacover.com\\\/sv\\\/product\\\/primacover-airtape\\\/#primaryimage\"},\"image\":{\"@id\":\"https:\\\/\\\/primacover.com\\\/sv\\\/product\\\/primacover-airtape\\\/#primaryimage\"},\"thumbnailUrl\":\"https:\\\/\\\/primacover.com\\\/wp-content\\\/uploads\\\/2025\\\/04\\\/Airtape_P0NZ_s01.jpg\",\"datePublished\":\"2025-04-23T06:45:26+00:00\",\"dateModified\":\"2026-04-03T09:50:39+00:00\",\"breadcrumb\":{\"@id\":\"https:\\\/\\\/primacover.com\\\/sv\\\/product\\\/primacover-airtape\\\/#breadcrumb\"},\"inLanguage\":\"sv-SE\",\"potentialAction\":[{\"@type\":\"ReadAction\",\"target\":[\"https:\\\/\\\/primacover.com\\\/sv\\\/product\\\/primacover-airtape\\\/\"]}]},{\"@type\":\"ImageObject\",\"inLanguage\":\"sv-SE\",\"@id\":\"https:\\\/\\\/primacover.com\\\/sv\\\/product\\\/primacover-airtape\\\/#primaryimage\",\"url\":\"https:\\\/\\\/primacover.com\\\/wp-content\\\/uploads\\\/2025\\\/04\\\/Airtape_P0NZ_s01.jpg\",\"contentUrl\":\"https:\\\/\\\/primacover.com\\\/wp-content\\\/uploads\\\/2025\\\/04\\\/Airtape_P0NZ_s01.jpg\",\"width\":600,\"height\":400},{\"@type\":\"BreadcrumbList\",\"@id\":\"https:\\\/\\\/primacover.com\\\/sv\\\/product\\\/primacover-airtape\\\/#breadcrumb\",\"itemListElement\":[{\"@type\":\"ListItem\",\"position\":1,\"name\":\"Home\",\"item\":\"https:\\\/\\\/primacover.com\\\/sv\\\/\"},{\"@type\":\"ListItem\",\"position\":2,\"name\":\"Produkter\",\"item\":\"https:\\\/\\\/primacover.com\\\/sv\\\/producten\\\/\"},{\"@type\":\"ListItem\",\"position\":3,\"name\":\"PrimaCover Airtape\"}]},{\"@type\":\"WebSite\",\"@id\":\"https:\\\/\\\/primacover.com\\\/sv\\\/#website\",\"url\":\"https:\\\/\\\/primacover.com\\\/sv\\\/\",\"name\":\"PrimaCover\",\"description\":\"afdekvlies-afdekfolie-stofdeuren, coveringmaterials-dustdoors\",\"publisher\":{\"@id\":\"https:\\\/\\\/primacover.com\\\/sv\\\/#organization\"},\"potentialAction\":[{\"@type\":\"SearchAction\",\"target\":{\"@type\":\"EntryPoint\",\"urlTemplate\":\"https:\\\/\\\/primacover.com\\\/sv\\\/?s={search_term_string}\"},\"query-input\":{\"@type\":\"PropertyValueSpecification\",\"valueRequired\":true,\"valueName\":\"search_term_string\"}}],\"inLanguage\":\"sv-SE\"},{\"@type\":\"Organization\",\"@id\":\"https:\\\/\\\/primacover.com\\\/sv\\\/#organization\",\"name\":\"PrimaCover\",\"url\":\"https:\\\/\\\/primacover.com\\\/sv\\\/\",\"logo\":{\"@type\":\"ImageObject\",\"inLanguage\":\"sv-SE\",\"@id\":\"https:\\\/\\\/primacover.com\\\/sv\\\/#\\\/schema\\\/logo\\\/image\\\/\",\"url\":\"\",\"contentUrl\":\"\",\"caption\":\"PrimaCover\"},\"image\":{\"@id\":\"https:\\\/\\\/primacover.com\\\/sv\\\/#\\\/schema\\\/logo\\\/image\\\/\"},\"sameAs\":[\"https:\\\/\\\/www.facebook.com\\\/PrimaverdeBV\",\"https:\\\/\\\/nl.linkedin.com\\\/company\\\/primaverde\",\"https:\\\/\\\/www.youtube.com\\\/channel\\\/UC3DwQqj8f8tatLdSFA0aWwA\"]}]}<\/script>\n<meta property=\"product:price:currency\" content=\"EUR\" \/>\n<meta property=\"og:availability\" content=\"instock\" \/>\n<meta property=\"product:availability\" content=\"instock\" \/>\n<meta property=\"product:condition\" content=\"new\" \/>\n<!-- \/ Yoast SEO Premium plugin. -->","yoast_head_json":{"title":"PrimaCover Airtape","robots":{"index":"index","follow":"follow","max-snippet":"max-snippet:-1","max-image-preview":"max-image-preview:large","max-video-preview":"max-video-preview:-1"},"canonical":"https:\/\/primacover.com\/sv\/product\/primacover-airtape\/","og_locale":"sv_SE","og_type":"article","og_title":"PrimaCover Airtape","og_description":"Andningsaktiv fogtejp f\u00f6r t\u00e4ckmaterial PrimaCover Airtape har utvecklats speciellt f\u00f6r s\u00e4ker fogning av genomsl\u00e4ppliga och andningsbara t\u00e4ckmaterial (t.ex. PrimaCover Active,","og_url":"https:\/\/primacover.com\/sv\/product\/primacover-airtape\/","og_site_name":"PrimaCover","article_publisher":"https:\/\/www.facebook.com\/PrimaverdeBV","article_modified_time":"2026-04-03T09:50:39+00:00","og_image":[{"width":600,"height":600,"url":"https:\/\/primacover.com\/wp-content\/uploads\/2025\/04\/08719439008182_A1N1_s01.jpg","type":"image\/jpeg"}],"twitter_card":"summary_large_image","twitter_misc":{"Pris":"","Tillg\u00e4nglig":"I lager"},"schema":{"@context":"https:\/\/schema.org","@graph":[{"@type":"WebPage","@id":"https:\/\/primacover.com\/sv\/product\/primacover-airtape\/","url":"https:\/\/primacover.com\/sv\/product\/primacover-airtape\/","name":"PrimaCover Airtape","isPartOf":{"@id":"https:\/\/primacover.com\/sv\/#website"},"primaryImageOfPage":{"@id":"https:\/\/primacover.com\/sv\/product\/primacover-airtape\/#primaryimage"},"image":{"@id":"https:\/\/primacover.com\/sv\/product\/primacover-airtape\/#primaryimage"},"thumbnailUrl":"https:\/\/primacover.com\/wp-content\/uploads\/2025\/04\/Airtape_P0NZ_s01.jpg","datePublished":"2025-04-23T06:45:26+00:00","dateModified":"2026-04-03T09:50:39+00:00","breadcrumb":{"@id":"https:\/\/primacover.com\/sv\/product\/primacover-airtape\/#breadcrumb"},"inLanguage":"sv-SE","potentialAction":[{"@type":"ReadAction","target":["https:\/\/primacover.com\/sv\/product\/primacover-airtape\/"]}]},{"@type":"ImageObject","inLanguage":"sv-SE","@id":"https:\/\/primacover.com\/sv\/product\/primacover-airtape\/#primaryimage","url":"https:\/\/primacover.com\/wp-content\/uploads\/2025\/04\/Airtape_P0NZ_s01.jpg","contentUrl":"https:\/\/primacover.com\/wp-content\/uploads\/2025\/04\/Airtape_P0NZ_s01.jpg","width":600,"height":400},{"@type":"BreadcrumbList","@id":"https:\/\/primacover.com\/sv\/product\/primacover-airtape\/#breadcrumb","itemListElement":[{"@type":"ListItem","position":1,"name":"Home","item":"https:\/\/primacover.com\/sv\/"},{"@type":"ListItem","position":2,"name":"Produkter","item":"https:\/\/primacover.com\/sv\/producten\/"},{"@type":"ListItem","position":3,"name":"PrimaCover Airtape"}]},{"@type":"WebSite","@id":"https:\/\/primacover.com\/sv\/#website","url":"https:\/\/primacover.com\/sv\/","name":"PrimaCover","description":"afdekvlies-afdekfolie-stofdeuren, coveringmaterials-dustdoors","publisher":{"@id":"https:\/\/primacover.com\/sv\/#organization"},"potentialAction":[{"@type":"SearchAction","target":{"@type":"EntryPoint","urlTemplate":"https:\/\/primacover.com\/sv\/?s={search_term_string}"},"query-input":{"@type":"PropertyValueSpecification","valueRequired":true,"valueName":"search_term_string"}}],"inLanguage":"sv-SE"},{"@type":"Organization","@id":"https:\/\/primacover.com\/sv\/#organization","name":"PrimaCover","url":"https:\/\/primacover.com\/sv\/","logo":{"@type":"ImageObject","inLanguage":"sv-SE","@id":"https:\/\/primacover.com\/sv\/#\/schema\/logo\/image\/","url":"","contentUrl":"","caption":"PrimaCover"},"image":{"@id":"https:\/\/primacover.com\/sv\/#\/schema\/logo\/image\/"},"sameAs":["https:\/\/www.facebook.com\/PrimaverdeBV","https:\/\/nl.linkedin.com\/company\/primaverde","https:\/\/www.youtube.com\/channel\/UC3DwQqj8f8tatLdSFA0aWwA"]}]},"product_price_currency":"EUR","og_availability":"instock","product_availability":"instock","product_condition":"new"},"_links":{"self":[{"href":"https:\/\/primacover.com\/sv\/wp-json\/wp\/v2\/product\/139566","targetHints":{"allow":["GET"]}}],"collection":[{"href":"https:\/\/primacover.com\/sv\/wp-json\/wp\/v2\/product"}],"about":[{"href":"https:\/\/primacover.com\/sv\/wp-json\/wp\/v2\/types\/product"}],"wp:featuredmedia":[{"embeddable":true,"href":"https:\/\/primacover.com\/sv\/wp-json\/wp\/v2\/media\/139780"}],"wp:attachment":[{"href":"https:\/\/primacover.com\/sv\/wp-json\/wp\/v2\/media?parent=139566"}],"wp:term":[{"taxonomy":"product_brand","embeddable":true,"href":"https:\/\/primacover.com\/sv\/wp-json\/wp\/v2\/product_brand?post=139566"},{"taxonomy":"product_cat","embeddable":true,"href":"https:\/\/primacover.com\/sv\/wp-json\/wp\/v2\/product_cat?post=139566"},{"taxonomy":"product_tag","embeddable":true,"href":"https:\/\/primacover.com\/sv\/wp-json\/wp\/v2\/product_tag?post=139566"}],"curies":[{"name":"wp","href":"https:\/\/api.w.org\/{rel}","templated":true}]}}