{"id":139616,"date":"2025-05-08T15:03:51","date_gmt":"2025-05-08T13:03:51","guid":{"rendered":"https:\/\/primacover.com\/?post_type=product&#038;p=139616"},"modified":"2026-04-03T11:28:48","modified_gmt":"2026-04-03T09:28:48","slug":"primacover-film-dispenser","status":"publish","type":"product","link":"https:\/\/primacover.com\/sv\/product\/primacover-film-dispenser\/","title":{"rendered":"PrimaCover Film Dispenser"},"content":{"rendered":"<h2>Ergonomisk avruller<\/h2>\n<p>PrimaCover Film Dispenser g\u00f6r att det g\u00e5r snabbare, enklare och bekv\u00e4mare \u00e4n n\u00e5gonsin att applicera skyddsfolie p\u00e5 golv och trappor. Detta praktiska verktyg \u00e4r speciellt utvecklat f\u00f6r effektiv anv\u00e4ndning av PrimaCover Carpet och Hardfloor-folie. Strul med rullar och tr\u00f6ttsamma arbetsst\u00e4llningar \u00e4r ett minne blott.<\/p>\n<p><strong>Egenskaper:<\/strong><\/p>\n<ul>\n<li>L\u00e4mplig f\u00f6r folierullar med bredd 62,5 cm (50 eller 100 mikron)<\/li>\n<li>Teleskopst\u00e5ng med klick-system (justerbar fr\u00e5n 1 till 2 m)<\/li>\n<li>Handtag f\u00f6r anv\u00e4ndning p\u00e5 trappor (utan st\u00e5ng)<\/li>\n<li>L\u00e4mplig f\u00f6r l\u00e5ngvarig och intensiv anv\u00e4ndning<\/li>\n<li>M\u00e5tt: 115 x 20 x 25 cm (L x B x H)<\/li>\n<\/ul>\n<p><strong>Anv\u00e4ndning:<\/strong><\/p>\n<ul>\n<li>L\u00e4mplig f\u00f6r PrimaCover Carpet och PrimaCover Hardfloor<\/li>\n<li>F\u00f6r golv och trappor<\/li>\n<\/ul>\n<p><strong>Instruktioner:<\/strong><\/p>\n<ul>\n<li>Testa produkten f\u00f6re anv\u00e4ndning.<\/li>\n<li>St\u00e4ng av golvv\u00e4rme f\u00f6re anv\u00e4ndning.<\/li>\n<\/ul>\n","protected":false},"excerpt":{"rendered":"<p>Ergonomisk avruller PrimaCover Film Dispenser g\u00f6r att det g\u00e5r snabbare, enklare och bekv\u00e4mare \u00e4n n\u00e5gonsin att applicera skyddsfolie p\u00e5 golv<\/p>\n","protected":false},"featured_media":139688,"menu_order":0,"template":"","meta":{"generate_page_header":""},"product_brand":[],"product_cat":[4255],"product_tag":[],"class_list":{"0":"post-139616","1":"product","2":"type-product","3":"status-publish","4":"has-post-thumbnail","6":"product_cat-tillbehor","7":"","8":"woocommerce-text-align-center","9":"woocommerce-image-align-center","10":"do-quantity-buttons","12":"first","13":"instock","14":"shipping-taxable","15":"product-type-simple"},"yoast_head":"<!-- This site is optimized with the Yoast SEO Premium plugin v26.7 (Yoast SEO v27.3) - https:\/\/yoast.com\/product\/yoast-seo-premium-wordpress\/ -->\n<title>PrimaCover Film Dispenser<\/title>\n<meta name=\"description\" content=\"Med PrimaCover Film Dispenser g\u00e5r det snabbare, enklare och bekv\u00e4mare \u00e4n n\u00e5gonsin att applicera skyddsfolie p\u00e5 golv och trappor.\" \/>\n<meta name=\"robots\" content=\"index, follow, max-snippet:-1, max-image-preview:large, max-video-preview:-1\" \/>\n<link rel=\"canonical\" href=\"https:\/\/primacover.com\/sv\/product\/primacover-film-dispenser\/\" \/>\n<meta property=\"og:locale\" content=\"sv_SE\" \/>\n<meta property=\"og:type\" content=\"article\" \/>\n<meta property=\"og:title\" content=\"PrimaCover Film Dispenser\" \/>\n<meta property=\"og:description\" content=\"Med PrimaCover Film Dispenser g\u00e5r det snabbare, enklare och bekv\u00e4mare \u00e4n n\u00e5gonsin att applicera skyddsfolie p\u00e5 golv och trappor.\" \/>\n<meta property=\"og:url\" content=\"https:\/\/primacover.com\/sv\/product\/primacover-film-dispenser\/\" \/>\n<meta property=\"og:site_name\" content=\"PrimaCover\" \/>\n<meta property=\"article:publisher\" content=\"https:\/\/www.facebook.com\/PrimaverdeBV\" \/>\n<meta property=\"article:modified_time\" content=\"2026-04-03T09:28:48+00:00\" \/>\n<meta property=\"og:image\" content=\"https:\/\/primacover.com\/wp-content\/uploads\/2025\/05\/Film-Dispenser_P0NZ_s01-1.jpg\" \/>\n\t<meta property=\"og:image:width\" content=\"600\" \/>\n\t<meta property=\"og:image:height\" content=\"600\" \/>\n\t<meta property=\"og:image:type\" content=\"image\/jpeg\" \/>\n<meta name=\"twitter:card\" content=\"summary_large_image\" \/>\n<meta name=\"twitter:label1\" content=\"Pris\" \/>\n\t<meta name=\"twitter:data1\" content=\"\" \/>\n\t<meta name=\"twitter:label2\" content=\"Tillg\u00e4nglig\" \/>\n\t<meta name=\"twitter:data2\" content=\"I lager\" \/>\n<script type=\"application\/ld+json\" class=\"yoast-schema-graph\">{\"@context\":\"https:\\\/\\\/schema.org\",\"@graph\":[{\"@type\":\"WebPage\",\"@id\":\"https:\\\/\\\/primacover.com\\\/sv\\\/product\\\/primacover-film-dispenser\\\/\",\"url\":\"https:\\\/\\\/primacover.com\\\/sv\\\/product\\\/primacover-film-dispenser\\\/\",\"name\":\"PrimaCover Film Dispenser\",\"isPartOf\":{\"@id\":\"https:\\\/\\\/primacover.com\\\/sv\\\/#website\"},\"primaryImageOfPage\":{\"@id\":\"https:\\\/\\\/primacover.com\\\/sv\\\/product\\\/primacover-film-dispenser\\\/#primaryimage\"},\"image\":{\"@id\":\"https:\\\/\\\/primacover.com\\\/sv\\\/product\\\/primacover-film-dispenser\\\/#primaryimage\"},\"thumbnailUrl\":\"https:\\\/\\\/primacover.com\\\/wp-content\\\/uploads\\\/2025\\\/05\\\/Film-Dispenser_P0NZ_s01-1.jpg\",\"datePublished\":\"2025-05-08T13:03:51+00:00\",\"dateModified\":\"2026-04-03T09:28:48+00:00\",\"description\":\"Med PrimaCover Film Dispenser g\u00e5r det snabbare, enklare och bekv\u00e4mare \u00e4n n\u00e5gonsin att applicera skyddsfolie p\u00e5 golv och trappor.\",\"breadcrumb\":{\"@id\":\"https:\\\/\\\/primacover.com\\\/sv\\\/product\\\/primacover-film-dispenser\\\/#breadcrumb\"},\"inLanguage\":\"sv-SE\",\"potentialAction\":[{\"@type\":\"ReadAction\",\"target\":[\"https:\\\/\\\/primacover.com\\\/sv\\\/product\\\/primacover-film-dispenser\\\/\"]}]},{\"@type\":\"ImageObject\",\"inLanguage\":\"sv-SE\",\"@id\":\"https:\\\/\\\/primacover.com\\\/sv\\\/product\\\/primacover-film-dispenser\\\/#primaryimage\",\"url\":\"https:\\\/\\\/primacover.com\\\/wp-content\\\/uploads\\\/2025\\\/05\\\/Film-Dispenser_P0NZ_s01-1.jpg\",\"contentUrl\":\"https:\\\/\\\/primacover.com\\\/wp-content\\\/uploads\\\/2025\\\/05\\\/Film-Dispenser_P0NZ_s01-1.jpg\",\"width\":600,\"height\":600},{\"@type\":\"BreadcrumbList\",\"@id\":\"https:\\\/\\\/primacover.com\\\/sv\\\/product\\\/primacover-film-dispenser\\\/#breadcrumb\",\"itemListElement\":[{\"@type\":\"ListItem\",\"position\":1,\"name\":\"Home\",\"item\":\"https:\\\/\\\/primacover.com\\\/sv\\\/\"},{\"@type\":\"ListItem\",\"position\":2,\"name\":\"Produkter\",\"item\":\"https:\\\/\\\/primacover.com\\\/sv\\\/producten\\\/\"},{\"@type\":\"ListItem\",\"position\":3,\"name\":\"PrimaCover Film Dispenser\"}]},{\"@type\":\"WebSite\",\"@id\":\"https:\\\/\\\/primacover.com\\\/sv\\\/#website\",\"url\":\"https:\\\/\\\/primacover.com\\\/sv\\\/\",\"name\":\"PrimaCover\",\"description\":\"afdekvlies-afdekfolie-stofdeuren, coveringmaterials-dustdoors\",\"publisher\":{\"@id\":\"https:\\\/\\\/primacover.com\\\/sv\\\/#organization\"},\"potentialAction\":[{\"@type\":\"SearchAction\",\"target\":{\"@type\":\"EntryPoint\",\"urlTemplate\":\"https:\\\/\\\/primacover.com\\\/sv\\\/?s={search_term_string}\"},\"query-input\":{\"@type\":\"PropertyValueSpecification\",\"valueRequired\":true,\"valueName\":\"search_term_string\"}}],\"inLanguage\":\"sv-SE\"},{\"@type\":\"Organization\",\"@id\":\"https:\\\/\\\/primacover.com\\\/sv\\\/#organization\",\"name\":\"PrimaCover\",\"url\":\"https:\\\/\\\/primacover.com\\\/sv\\\/\",\"logo\":{\"@type\":\"ImageObject\",\"inLanguage\":\"sv-SE\",\"@id\":\"https:\\\/\\\/primacover.com\\\/sv\\\/#\\\/schema\\\/logo\\\/image\\\/\",\"url\":\"\",\"contentUrl\":\"\",\"caption\":\"PrimaCover\"},\"image\":{\"@id\":\"https:\\\/\\\/primacover.com\\\/sv\\\/#\\\/schema\\\/logo\\\/image\\\/\"},\"sameAs\":[\"https:\\\/\\\/www.facebook.com\\\/PrimaverdeBV\",\"https:\\\/\\\/nl.linkedin.com\\\/company\\\/primaverde\",\"https:\\\/\\\/www.youtube.com\\\/channel\\\/UC3DwQqj8f8tatLdSFA0aWwA\"]}]}<\/script>\n<meta property=\"product:price:currency\" content=\"EUR\" \/>\n<meta property=\"og:availability\" content=\"instock\" \/>\n<meta property=\"product:availability\" content=\"instock\" \/>\n<meta property=\"product:condition\" content=\"new\" \/>\n<!-- \/ Yoast SEO Premium plugin. -->","yoast_head_json":{"title":"PrimaCover Film Dispenser","description":"Med PrimaCover Film Dispenser g\u00e5r det snabbare, enklare och bekv\u00e4mare \u00e4n n\u00e5gonsin att applicera skyddsfolie p\u00e5 golv och trappor.","robots":{"index":"index","follow":"follow","max-snippet":"max-snippet:-1","max-image-preview":"max-image-preview:large","max-video-preview":"max-video-preview:-1"},"canonical":"https:\/\/primacover.com\/sv\/product\/primacover-film-dispenser\/","og_locale":"sv_SE","og_type":"article","og_title":"PrimaCover Film Dispenser","og_description":"Med PrimaCover Film Dispenser g\u00e5r det snabbare, enklare och bekv\u00e4mare \u00e4n n\u00e5gonsin att applicera skyddsfolie p\u00e5 golv och trappor.","og_url":"https:\/\/primacover.com\/sv\/product\/primacover-film-dispenser\/","og_site_name":"PrimaCover","article_publisher":"https:\/\/www.facebook.com\/PrimaverdeBV","article_modified_time":"2026-04-03T09:28:48+00:00","og_image":[{"width":600,"height":600,"url":"https:\/\/primacover.com\/wp-content\/uploads\/2025\/05\/Film-Dispenser_P0NZ_s01-1.jpg","type":"image\/jpeg"}],"twitter_card":"summary_large_image","twitter_misc":{"Pris":"","Tillg\u00e4nglig":"I lager"},"schema":{"@context":"https:\/\/schema.org","@graph":[{"@type":"WebPage","@id":"https:\/\/primacover.com\/sv\/product\/primacover-film-dispenser\/","url":"https:\/\/primacover.com\/sv\/product\/primacover-film-dispenser\/","name":"PrimaCover Film Dispenser","isPartOf":{"@id":"https:\/\/primacover.com\/sv\/#website"},"primaryImageOfPage":{"@id":"https:\/\/primacover.com\/sv\/product\/primacover-film-dispenser\/#primaryimage"},"image":{"@id":"https:\/\/primacover.com\/sv\/product\/primacover-film-dispenser\/#primaryimage"},"thumbnailUrl":"https:\/\/primacover.com\/wp-content\/uploads\/2025\/05\/Film-Dispenser_P0NZ_s01-1.jpg","datePublished":"2025-05-08T13:03:51+00:00","dateModified":"2026-04-03T09:28:48+00:00","description":"Med PrimaCover Film Dispenser g\u00e5r det snabbare, enklare och bekv\u00e4mare \u00e4n n\u00e5gonsin att applicera skyddsfolie p\u00e5 golv och trappor.","breadcrumb":{"@id":"https:\/\/primacover.com\/sv\/product\/primacover-film-dispenser\/#breadcrumb"},"inLanguage":"sv-SE","potentialAction":[{"@type":"ReadAction","target":["https:\/\/primacover.com\/sv\/product\/primacover-film-dispenser\/"]}]},{"@type":"ImageObject","inLanguage":"sv-SE","@id":"https:\/\/primacover.com\/sv\/product\/primacover-film-dispenser\/#primaryimage","url":"https:\/\/primacover.com\/wp-content\/uploads\/2025\/05\/Film-Dispenser_P0NZ_s01-1.jpg","contentUrl":"https:\/\/primacover.com\/wp-content\/uploads\/2025\/05\/Film-Dispenser_P0NZ_s01-1.jpg","width":600,"height":600},{"@type":"BreadcrumbList","@id":"https:\/\/primacover.com\/sv\/product\/primacover-film-dispenser\/#breadcrumb","itemListElement":[{"@type":"ListItem","position":1,"name":"Home","item":"https:\/\/primacover.com\/sv\/"},{"@type":"ListItem","position":2,"name":"Produkter","item":"https:\/\/primacover.com\/sv\/producten\/"},{"@type":"ListItem","position":3,"name":"PrimaCover Film Dispenser"}]},{"@type":"WebSite","@id":"https:\/\/primacover.com\/sv\/#website","url":"https:\/\/primacover.com\/sv\/","name":"PrimaCover","description":"afdekvlies-afdekfolie-stofdeuren, coveringmaterials-dustdoors","publisher":{"@id":"https:\/\/primacover.com\/sv\/#organization"},"potentialAction":[{"@type":"SearchAction","target":{"@type":"EntryPoint","urlTemplate":"https:\/\/primacover.com\/sv\/?s={search_term_string}"},"query-input":{"@type":"PropertyValueSpecification","valueRequired":true,"valueName":"search_term_string"}}],"inLanguage":"sv-SE"},{"@type":"Organization","@id":"https:\/\/primacover.com\/sv\/#organization","name":"PrimaCover","url":"https:\/\/primacover.com\/sv\/","logo":{"@type":"ImageObject","inLanguage":"sv-SE","@id":"https:\/\/primacover.com\/sv\/#\/schema\/logo\/image\/","url":"","contentUrl":"","caption":"PrimaCover"},"image":{"@id":"https:\/\/primacover.com\/sv\/#\/schema\/logo\/image\/"},"sameAs":["https:\/\/www.facebook.com\/PrimaverdeBV","https:\/\/nl.linkedin.com\/company\/primaverde","https:\/\/www.youtube.com\/channel\/UC3DwQqj8f8tatLdSFA0aWwA"]}]},"product_price_currency":"EUR","og_availability":"instock","product_availability":"instock","product_condition":"new"},"_links":{"self":[{"href":"https:\/\/primacover.com\/sv\/wp-json\/wp\/v2\/product\/139616","targetHints":{"allow":["GET"]}}],"collection":[{"href":"https:\/\/primacover.com\/sv\/wp-json\/wp\/v2\/product"}],"about":[{"href":"https:\/\/primacover.com\/sv\/wp-json\/wp\/v2\/types\/product"}],"wp:featuredmedia":[{"embeddable":true,"href":"https:\/\/primacover.com\/sv\/wp-json\/wp\/v2\/media\/139688"}],"wp:attachment":[{"href":"https:\/\/primacover.com\/sv\/wp-json\/wp\/v2\/media?parent=139616"}],"wp:term":[{"taxonomy":"product_brand","embeddable":true,"href":"https:\/\/primacover.com\/sv\/wp-json\/wp\/v2\/product_brand?post=139616"},{"taxonomy":"product_cat","embeddable":true,"href":"https:\/\/primacover.com\/sv\/wp-json\/wp\/v2\/product_cat?post=139616"},{"taxonomy":"product_tag","embeddable":true,"href":"https:\/\/primacover.com\/sv\/wp-json\/wp\/v2\/product_tag?post=139616"}],"curies":[{"name":"wp","href":"https:\/\/api.w.org\/{rel}","templated":true}]}}