{"id":140107,"date":"2025-09-02T15:58:07","date_gmt":"2025-09-02T13:58:07","guid":{"rendered":"https:\/\/primacover.com\/?post_type=product&#038;p=140107"},"modified":"2026-04-03T11:49:20","modified_gmt":"2026-04-03T09:49:20","slug":"primacover-starter-kit","status":"publish","type":"product","link":"https:\/\/primacover.com\/sv\/product\/primacover-starter-kit\/","title":{"rendered":"PrimaCover Starter Kit"},"content":{"rendered":"<h2>Dammv\u00e4gg 4.5 meter<\/h2>\n<p>Dustshield Starter Kit \u00e4r ett baskit som best\u00e5r av 3 paneler. Dustshield Starter Kit \u00e4r ett h\u00e5llbart och \u00e5teranv\u00e4ndbart alternativ till tillf\u00e4lliga provisoriska dammv\u00e4ggar. Med en bredd p\u00e5 upp till 4.5 meter \u00e4r Dustshield Starter Kit l\u00e4mpligt som dammt\u00e4t avsk\u00e4rmning vid mindre och medelstora bygg- och renoveringsprojekt.<\/p>\n<p>Dustshield-systemet \u00e4r modul\u00e4rt. Alla kit kan d\u00e4rf\u00f6r ut\u00f6kas med andra moduler om situationen s\u00e5 kr\u00e4ver.<\/p>\n<p><strong>Delar<\/strong><\/p>\n<ul>\n<li>4x teleskopstativ (justerbar i h\u00f6jd fr\u00e5n 170 till 400 cm)<\/li>\n<li>3x header (bredd 150 cm), komplett med folie (maximal h\u00f6jd 400 cm)<\/li>\n<li>16x stativkl\u00e4mmor<\/li>\n<li>4x multikl\u00e4mmor<\/li>\n<li>1x duffel bad<\/li>\n<li>1x Zip-Up-set (2 st.)<\/li>\n<\/ul>\n<p><strong>Egenskaper:<\/strong><\/p>\n<ul>\n<li>Flexibel och passar i alla utrymmen<\/li>\n<li>Snabb och enkel montering<\/li>\n<li>\u00c5teranv\u00e4ndbar<\/li>\n<li>Brandh\u00e4mmande folie (certifierad EN13501-1)<\/li>\n<li>L\u00e4mplig f\u00f6r utrymmen upp till 4.5 m x 4.0 m (BxH)<\/li>\n<\/ul>\n<p><strong>Instruktioner:<\/strong><\/p>\n<ul>\n<li>Placera en teleskopisk stolpe med ringtop i h\u00f6rnet av det utrymme som ska avsk\u00e4rmas. Skjut ut och kl\u00e4m fast mot taket med fj\u00e4dersp\u00e4nning.<\/li>\n<li>Klicka f\u00f6rst fast headerbaren med skum och folie i den f\u00f6rsta stolpen, sedan i n\u00e4sta. Placera den andra stolpen p\u00e5 r\u00e4tt plats och kl\u00e4m fast.<\/li>\n<li>Rulla ut folien och f\u00e4st den p\u00e5 stolparna med de medf\u00f6ljande kl\u00e4mmorna. Placera sidoskumplasten p\u00e5 de yttre stolparna och kl\u00e4m fast den mot v\u00e4ggen.<\/li>\n<li>St\u00e4ng av utrymmet genom att koppla ihop flera moduler. P\u00e5 s\u00e5 s\u00e4tt kan du enkelt anpassa tygv\u00e4ggen till varje utrymme.<\/li>\n<\/ul>\n","protected":false},"excerpt":{"rendered":"<h2>Zelfklevend afdekvlies<\/h2>\n","protected":false},"featured_media":140261,"menu_order":9,"template":"","meta":{"generate_page_header":""},"product_brand":[],"product_cat":[4373],"product_tag":[],"class_list":{"0":"post-140107","1":"product","2":"type-product","3":"status-publish","4":"has-post-thumbnail","6":"product_cat-dammvagg-kits","7":"pa_breedte-0-65-sv","8":"pa_breedte-1-sv","9":"pa_breedte-2-sv","10":"pa_eenheid-m-sv","11":"pa_foliedikte-40-sv","12":"pa_lengte-25-sv","13":"pa_lengte-50-sv","14":"pa_matten30-0-0x30-sv","15":"pa_merk-primacover-sv","16":"pa_objecttypen-dammkontroll","17":"","18":"woocommerce-text-align-center","19":"woocommerce-image-align-center","20":"do-quantity-buttons","22":"first","23":"instock","24":"shipping-taxable","25":"product-type-simple"},"yoast_head":"<!-- This site is optimized with the Yoast SEO Premium plugin v26.7 (Yoast SEO v27.3) - https:\/\/yoast.com\/product\/yoast-seo-premium-wordpress\/ -->\n<title>PrimaCover Standard Afdekvlies<\/title>\n<meta name=\"description\" content=\"PrimaCover Standard is een afdekvlies dat een uitstekende bescherming biedt tijdens de bouwfase tegen vuil, vocht, rollend materieel en vallende gereedschappen.\" \/>\n<meta name=\"robots\" content=\"index, follow, max-snippet:-1, max-image-preview:large, max-video-preview:-1\" \/>\n<link rel=\"canonical\" href=\"https:\/\/primacover.com\/sv\/product\/primacover-starter-kit\/\" \/>\n<meta property=\"og:locale\" content=\"sv_SE\" \/>\n<meta property=\"og:type\" content=\"article\" \/>\n<meta property=\"og:title\" content=\"PrimaCover Starter Kit\" \/>\n<meta property=\"og:description\" content=\"PrimaCover Standard is een afdekvlies dat een uitstekende bescherming biedt tijdens de bouwfase tegen vuil, vocht, rollend materieel en vallende gereedschappen.\" \/>\n<meta property=\"og:url\" content=\"https:\/\/primacover.com\/sv\/product\/primacover-starter-kit\/\" \/>\n<meta property=\"og:site_name\" content=\"PrimaCover\" \/>\n<meta property=\"article:publisher\" content=\"https:\/\/www.facebook.com\/PrimaverdeBV\" \/>\n<meta property=\"article:modified_time\" content=\"2026-04-03T09:49:20+00:00\" \/>\n<meta property=\"og:image\" content=\"https:\/\/primacover.com\/wp-content\/uploads\/2025\/09\/Illustratie-STARTER-KIT_Tekengebied-1-scaled.png\" \/>\n\t<meta property=\"og:image:width\" content=\"2560\" \/>\n\t<meta property=\"og:image:height\" content=\"1810\" \/>\n\t<meta property=\"og:image:type\" content=\"image\/png\" \/>\n<meta name=\"twitter:card\" content=\"summary_large_image\" \/>\n<meta name=\"twitter:label1\" content=\"Pris\" \/>\n\t<meta name=\"twitter:data1\" content=\"\" \/>\n\t<meta name=\"twitter:label2\" content=\"Tillg\u00e4nglig\" \/>\n\t<meta name=\"twitter:data2\" content=\"I lager\" \/>\n<script type=\"application\/ld+json\" class=\"yoast-schema-graph\">{\"@context\":\"https:\\\/\\\/schema.org\",\"@graph\":[{\"@type\":\"WebPage\",\"@id\":\"https:\\\/\\\/primacover.com\\\/sv\\\/product\\\/primacover-starter-kit\\\/\",\"url\":\"https:\\\/\\\/primacover.com\\\/sv\\\/product\\\/primacover-starter-kit\\\/\",\"name\":\"PrimaCover Standard Afdekvlies\",\"isPartOf\":{\"@id\":\"https:\\\/\\\/primacover.com\\\/sv\\\/#website\"},\"primaryImageOfPage\":{\"@id\":\"https:\\\/\\\/primacover.com\\\/sv\\\/product\\\/primacover-starter-kit\\\/#primaryimage\"},\"image\":{\"@id\":\"https:\\\/\\\/primacover.com\\\/sv\\\/product\\\/primacover-starter-kit\\\/#primaryimage\"},\"thumbnailUrl\":\"https:\\\/\\\/primacover.com\\\/wp-content\\\/uploads\\\/2025\\\/09\\\/Illustratie-STARTER-KIT_Tekengebied-1-scaled.png\",\"datePublished\":\"2025-09-02T13:58:07+00:00\",\"dateModified\":\"2026-04-03T09:49:20+00:00\",\"description\":\"PrimaCover Standard is een afdekvlies dat een uitstekende bescherming biedt tijdens de bouwfase tegen vuil, vocht, rollend materieel en vallende gereedschappen.\",\"breadcrumb\":{\"@id\":\"https:\\\/\\\/primacover.com\\\/sv\\\/product\\\/primacover-starter-kit\\\/#breadcrumb\"},\"inLanguage\":\"sv-SE\",\"potentialAction\":[{\"@type\":\"ReadAction\",\"target\":[\"https:\\\/\\\/primacover.com\\\/sv\\\/product\\\/primacover-starter-kit\\\/\"]}]},{\"@type\":\"ImageObject\",\"inLanguage\":\"sv-SE\",\"@id\":\"https:\\\/\\\/primacover.com\\\/sv\\\/product\\\/primacover-starter-kit\\\/#primaryimage\",\"url\":\"https:\\\/\\\/primacover.com\\\/wp-content\\\/uploads\\\/2025\\\/09\\\/Illustratie-STARTER-KIT_Tekengebied-1-scaled.png\",\"contentUrl\":\"https:\\\/\\\/primacover.com\\\/wp-content\\\/uploads\\\/2025\\\/09\\\/Illustratie-STARTER-KIT_Tekengebied-1-scaled.png\",\"width\":2560,\"height\":1810},{\"@type\":\"BreadcrumbList\",\"@id\":\"https:\\\/\\\/primacover.com\\\/sv\\\/product\\\/primacover-starter-kit\\\/#breadcrumb\",\"itemListElement\":[{\"@type\":\"ListItem\",\"position\":1,\"name\":\"Home\",\"item\":\"https:\\\/\\\/primacover.com\\\/sv\\\/\"},{\"@type\":\"ListItem\",\"position\":2,\"name\":\"Produkter\",\"item\":\"https:\\\/\\\/primacover.com\\\/sv\\\/producten\\\/\"},{\"@type\":\"ListItem\",\"position\":3,\"name\":\"PrimaCover Starter Kit\"}]},{\"@type\":\"WebSite\",\"@id\":\"https:\\\/\\\/primacover.com\\\/sv\\\/#website\",\"url\":\"https:\\\/\\\/primacover.com\\\/sv\\\/\",\"name\":\"PrimaCover\",\"description\":\"afdekvlies-afdekfolie-stofdeuren, coveringmaterials-dustdoors\",\"publisher\":{\"@id\":\"https:\\\/\\\/primacover.com\\\/sv\\\/#organization\"},\"potentialAction\":[{\"@type\":\"SearchAction\",\"target\":{\"@type\":\"EntryPoint\",\"urlTemplate\":\"https:\\\/\\\/primacover.com\\\/sv\\\/?s={search_term_string}\"},\"query-input\":{\"@type\":\"PropertyValueSpecification\",\"valueRequired\":true,\"valueName\":\"search_term_string\"}}],\"inLanguage\":\"sv-SE\"},{\"@type\":\"Organization\",\"@id\":\"https:\\\/\\\/primacover.com\\\/sv\\\/#organization\",\"name\":\"PrimaCover\",\"url\":\"https:\\\/\\\/primacover.com\\\/sv\\\/\",\"logo\":{\"@type\":\"ImageObject\",\"inLanguage\":\"sv-SE\",\"@id\":\"https:\\\/\\\/primacover.com\\\/sv\\\/#\\\/schema\\\/logo\\\/image\\\/\",\"url\":\"\",\"contentUrl\":\"\",\"caption\":\"PrimaCover\"},\"image\":{\"@id\":\"https:\\\/\\\/primacover.com\\\/sv\\\/#\\\/schema\\\/logo\\\/image\\\/\"},\"sameAs\":[\"https:\\\/\\\/www.facebook.com\\\/PrimaverdeBV\",\"https:\\\/\\\/nl.linkedin.com\\\/company\\\/primaverde\",\"https:\\\/\\\/www.youtube.com\\\/channel\\\/UC3DwQqj8f8tatLdSFA0aWwA\"]}]}<\/script>\n<meta property=\"product:brand\" content=\"PrimaCover\" \/>\n<meta property=\"product:price:currency\" content=\"EUR\" \/>\n<meta property=\"og:availability\" content=\"instock\" \/>\n<meta property=\"product:availability\" content=\"instock\" \/>\n<meta property=\"product:condition\" content=\"new\" \/>\n<!-- \/ Yoast SEO Premium plugin. -->","yoast_head_json":{"title":"PrimaCover Standard Afdekvlies","description":"PrimaCover Standard is een afdekvlies dat een uitstekende bescherming biedt tijdens de bouwfase tegen vuil, vocht, rollend materieel en vallende gereedschappen.","robots":{"index":"index","follow":"follow","max-snippet":"max-snippet:-1","max-image-preview":"max-image-preview:large","max-video-preview":"max-video-preview:-1"},"canonical":"https:\/\/primacover.com\/sv\/product\/primacover-starter-kit\/","og_locale":"sv_SE","og_type":"article","og_title":"PrimaCover Starter Kit","og_description":"PrimaCover Standard is een afdekvlies dat een uitstekende bescherming biedt tijdens de bouwfase tegen vuil, vocht, rollend materieel en vallende gereedschappen.","og_url":"https:\/\/primacover.com\/sv\/product\/primacover-starter-kit\/","og_site_name":"PrimaCover","article_publisher":"https:\/\/www.facebook.com\/PrimaverdeBV","article_modified_time":"2026-04-03T09:49:20+00:00","og_image":[{"width":2560,"height":1810,"url":"https:\/\/primacover.com\/wp-content\/uploads\/2025\/09\/Illustratie-STARTER-KIT_Tekengebied-1-scaled.png","type":"image\/png"}],"twitter_card":"summary_large_image","twitter_misc":{"Pris":"","Tillg\u00e4nglig":"I lager"},"schema":{"@context":"https:\/\/schema.org","@graph":[{"@type":"WebPage","@id":"https:\/\/primacover.com\/sv\/product\/primacover-starter-kit\/","url":"https:\/\/primacover.com\/sv\/product\/primacover-starter-kit\/","name":"PrimaCover Standard Afdekvlies","isPartOf":{"@id":"https:\/\/primacover.com\/sv\/#website"},"primaryImageOfPage":{"@id":"https:\/\/primacover.com\/sv\/product\/primacover-starter-kit\/#primaryimage"},"image":{"@id":"https:\/\/primacover.com\/sv\/product\/primacover-starter-kit\/#primaryimage"},"thumbnailUrl":"https:\/\/primacover.com\/wp-content\/uploads\/2025\/09\/Illustratie-STARTER-KIT_Tekengebied-1-scaled.png","datePublished":"2025-09-02T13:58:07+00:00","dateModified":"2026-04-03T09:49:20+00:00","description":"PrimaCover Standard is een afdekvlies dat een uitstekende bescherming biedt tijdens de bouwfase tegen vuil, vocht, rollend materieel en vallende gereedschappen.","breadcrumb":{"@id":"https:\/\/primacover.com\/sv\/product\/primacover-starter-kit\/#breadcrumb"},"inLanguage":"sv-SE","potentialAction":[{"@type":"ReadAction","target":["https:\/\/primacover.com\/sv\/product\/primacover-starter-kit\/"]}]},{"@type":"ImageObject","inLanguage":"sv-SE","@id":"https:\/\/primacover.com\/sv\/product\/primacover-starter-kit\/#primaryimage","url":"https:\/\/primacover.com\/wp-content\/uploads\/2025\/09\/Illustratie-STARTER-KIT_Tekengebied-1-scaled.png","contentUrl":"https:\/\/primacover.com\/wp-content\/uploads\/2025\/09\/Illustratie-STARTER-KIT_Tekengebied-1-scaled.png","width":2560,"height":1810},{"@type":"BreadcrumbList","@id":"https:\/\/primacover.com\/sv\/product\/primacover-starter-kit\/#breadcrumb","itemListElement":[{"@type":"ListItem","position":1,"name":"Home","item":"https:\/\/primacover.com\/sv\/"},{"@type":"ListItem","position":2,"name":"Produkter","item":"https:\/\/primacover.com\/sv\/producten\/"},{"@type":"ListItem","position":3,"name":"PrimaCover Starter Kit"}]},{"@type":"WebSite","@id":"https:\/\/primacover.com\/sv\/#website","url":"https:\/\/primacover.com\/sv\/","name":"PrimaCover","description":"afdekvlies-afdekfolie-stofdeuren, coveringmaterials-dustdoors","publisher":{"@id":"https:\/\/primacover.com\/sv\/#organization"},"potentialAction":[{"@type":"SearchAction","target":{"@type":"EntryPoint","urlTemplate":"https:\/\/primacover.com\/sv\/?s={search_term_string}"},"query-input":{"@type":"PropertyValueSpecification","valueRequired":true,"valueName":"search_term_string"}}],"inLanguage":"sv-SE"},{"@type":"Organization","@id":"https:\/\/primacover.com\/sv\/#organization","name":"PrimaCover","url":"https:\/\/primacover.com\/sv\/","logo":{"@type":"ImageObject","inLanguage":"sv-SE","@id":"https:\/\/primacover.com\/sv\/#\/schema\/logo\/image\/","url":"","contentUrl":"","caption":"PrimaCover"},"image":{"@id":"https:\/\/primacover.com\/sv\/#\/schema\/logo\/image\/"},"sameAs":["https:\/\/www.facebook.com\/PrimaverdeBV","https:\/\/nl.linkedin.com\/company\/primaverde","https:\/\/www.youtube.com\/channel\/UC3DwQqj8f8tatLdSFA0aWwA"]}]},"product_brand":"PrimaCover","product_price_currency":"EUR","og_availability":"instock","product_availability":"instock","product_condition":"new"},"_links":{"self":[{"href":"https:\/\/primacover.com\/sv\/wp-json\/wp\/v2\/product\/140107","targetHints":{"allow":["GET"]}}],"collection":[{"href":"https:\/\/primacover.com\/sv\/wp-json\/wp\/v2\/product"}],"about":[{"href":"https:\/\/primacover.com\/sv\/wp-json\/wp\/v2\/types\/product"}],"wp:featuredmedia":[{"embeddable":true,"href":"https:\/\/primacover.com\/sv\/wp-json\/wp\/v2\/media\/140261"}],"wp:attachment":[{"href":"https:\/\/primacover.com\/sv\/wp-json\/wp\/v2\/media?parent=140107"}],"wp:term":[{"taxonomy":"product_brand","embeddable":true,"href":"https:\/\/primacover.com\/sv\/wp-json\/wp\/v2\/product_brand?post=140107"},{"taxonomy":"product_cat","embeddable":true,"href":"https:\/\/primacover.com\/sv\/wp-json\/wp\/v2\/product_cat?post=140107"},{"taxonomy":"product_tag","embeddable":true,"href":"https:\/\/primacover.com\/sv\/wp-json\/wp\/v2\/product_tag?post=140107"}],"curies":[{"name":"wp","href":"https:\/\/api.w.org\/{rel}","templated":true}]}}