{"id":141779,"date":"2026-05-13T11:13:24","date_gmt":"2026-05-13T09:13:24","guid":{"rendered":"https:\/\/primacover.com\/?post_type=product&#038;p=141779"},"modified":"2026-05-13T15:25:36","modified_gmt":"2026-05-13T13:25:36","slug":"primacover-carpet-fr","status":"publish","type":"product","link":"https:\/\/primacover.com\/sv\/product\/primacover-carpet-fr\/","title":{"rendered":"PrimaCover Carpet FR"},"content":{"rendered":"<h2>Flamh\u00e4mmande skyddsfolie f\u00f6r mattor<\/h2>\n<p>PrimaCover Carpet FR \u00e4r en stark, sj\u00e4lvh\u00e4ftande och flamskyddad skyddsfolie som \u00e4r speciellt utvecklad f\u00f6r att s\u00e4kert t\u00e4cka mattor p\u00e5 golv och trappor. Folien f\u00e4ster p\u00e5litligt, skyddar effektivt och \u00e4r l\u00e4tt att ta bort efter anv\u00e4ndning utan att l\u00e4mna limrester. Idealisk f\u00f6r anv\u00e4ndning vid projektinredning, marina till\u00e4mpningar och under bygg-, renoverings- och m\u00e5lningsarbeten d\u00e4r extra brands\u00e4kerhet \u00f6nskas.<\/p>\n<p><strong>Egenskaper:<\/strong><\/p>\n<ul>\n<li>Flamh\u00e4mmande (EN 13501-1 Bfl s1)<\/li>\n<li>Sj\u00e4lvh\u00e4ftande<\/li>\n<li>Enkelt att ta bort utan rester<\/li>\n<li>Tjocklek 50\u00b5m<\/li>\n<li>L\u00e4mplig f\u00f6r PrimaCover Film Dispenser<\/li>\n<li>M\u00e5tt:<\/li>\n<li>62,5cm x 100m<\/li>\n<\/ul>\n<p><strong>Anv\u00e4ndning:<\/strong><\/p>\n<ul>\n<li>Speciellt avsedd f\u00f6r textilgolv.<\/li>\n<li>F\u00f6r golv och trappor.<\/li>\n<\/ul>\n<p><strong>Instruktioner:<\/strong><\/p>\n<ul>\n<li>Testa produkten f\u00f6re anv\u00e4ndning.<\/li>\n<li>St\u00e4ng av golvv\u00e4rme f\u00f6re anv\u00e4ndning.<\/li>\n<\/ul>\n","protected":false},"excerpt":{"rendered":"<h2>Zelfklevende beschermfolie voor tapijt<\/h2>\n","protected":false},"featured_media":142218,"menu_order":30,"template":"","meta":{"generate_page_header":""},"product_brand":[],"product_cat":[4256],"product_tag":[4265,4268],"class_list":{"0":"post-141779","1":"product","2":"type-product","3":"status-publish","4":"has-post-thumbnail","6":"product_cat-tackfolie","7":"product_tag-befintlig-och-genomtorkad-innehaller-ingen-fukt","8":"product_tag-sjalvhaftande","9":"pa_breedte-0-625-sv","10":"pa_eenheid-m-sv","11":"pa_foliedikte-100-sv","12":"pa_foliedikte-50-sv","13":"pa_lengte-100-sv","14":"pa_matten30-0-0x30-sv","15":"pa_merk-primacover-sv","16":"pa_objecttypen-golv","17":"pa_objecttypen-trappor","18":"pa_ondergrond-tapijt-hoogpolig-sv","19":"pa_ondergrond-tapijt-laagpolig-sv","20":"","21":"woocommerce-text-align-center","22":"woocommerce-image-align-center","23":"do-quantity-buttons","25":"first","26":"instock","27":"shipping-taxable","28":"product-type-simple"},"yoast_head":"<!-- This site is optimized with the Yoast SEO Premium plugin v27.4 (Yoast SEO v27.6) - https:\/\/yoast.com\/product\/yoast-seo-premium-wordpress\/ -->\n<title>PrimaCover Carpet Afdekfolie<\/title>\n<meta name=\"description\" content=\"PrimaCover Carpet is een sterke, zelfklevende, waterdichte folie voor het veilig afdekken van tapijt op vloeren en trappen tijdens projectinrichting, bouw-, afbouw-, renovatie- en schilderwerken. Kan eenvoudig verwijderd worden zonder lijmresten achter te laten (tot 4 weken).\" \/>\n<meta name=\"robots\" content=\"index, follow, max-snippet:-1, max-image-preview:large, max-video-preview:-1\" \/>\n<link rel=\"canonical\" href=\"https:\/\/primacover.com\/sv\/product\/primacover-carpet-fr\/\" \/>\n<meta property=\"og:locale\" content=\"sv_SE\" \/>\n<meta property=\"og:type\" content=\"article\" \/>\n<meta property=\"og:title\" content=\"PrimaCover Carpet FR\" \/>\n<meta property=\"og:description\" content=\"PrimaCover Carpet is een sterke, zelfklevende, waterdichte folie voor het veilig afdekken van tapijt op vloeren en trappen tijdens projectinrichting, bouw-, afbouw-, renovatie- en schilderwerken. Kan eenvoudig verwijderd worden zonder lijmresten achter te laten (tot 4 weken).\" \/>\n<meta property=\"og:url\" content=\"https:\/\/primacover.com\/sv\/product\/primacover-carpet-fr\/\" \/>\n<meta property=\"og:site_name\" content=\"PrimaCover\" \/>\n<meta property=\"article:publisher\" content=\"https:\/\/www.facebook.com\/PrimaverdeBV\" \/>\n<meta property=\"article:modified_time\" content=\"2026-05-13T13:25:36+00:00\" \/>\n<meta property=\"og:image\" content=\"https:\/\/primacover.com\/wp-content\/uploads\/2026\/02\/CarpetFR_P0NZ_s02-scaled.jpg\" \/>\n\t<meta property=\"og:image:width\" content=\"2560\" \/>\n\t<meta property=\"og:image:height\" content=\"2560\" \/>\n\t<meta property=\"og:image:type\" content=\"image\/jpeg\" \/>\n<meta name=\"twitter:card\" content=\"summary_large_image\" \/>\n<meta name=\"twitter:label1\" content=\"Pris\" \/>\n\t<meta name=\"twitter:data1\" content=\"\" \/>\n\t<meta name=\"twitter:label2\" content=\"Tillg\u00e4nglig\" \/>\n\t<meta name=\"twitter:data2\" content=\"I lager\" \/>\n<script type=\"application\/ld+json\" class=\"yoast-schema-graph\">{\"@context\":\"https:\\\/\\\/schema.org\",\"@graph\":[{\"@type\":\"WebPage\",\"@id\":\"https:\\\/\\\/primacover.com\\\/sv\\\/product\\\/primacover-carpet-fr\\\/\",\"url\":\"https:\\\/\\\/primacover.com\\\/sv\\\/product\\\/primacover-carpet-fr\\\/\",\"name\":\"PrimaCover Carpet Afdekfolie\",\"isPartOf\":{\"@id\":\"https:\\\/\\\/primacover.com\\\/sv\\\/#website\"},\"primaryImageOfPage\":{\"@id\":\"https:\\\/\\\/primacover.com\\\/sv\\\/product\\\/primacover-carpet-fr\\\/#primaryimage\"},\"image\":{\"@id\":\"https:\\\/\\\/primacover.com\\\/sv\\\/product\\\/primacover-carpet-fr\\\/#primaryimage\"},\"thumbnailUrl\":\"https:\\\/\\\/primacover.com\\\/wp-content\\\/uploads\\\/2026\\\/02\\\/CarpetFR_P0NZ_s02-scaled.jpg\",\"datePublished\":\"2026-05-13T09:13:24+00:00\",\"dateModified\":\"2026-05-13T13:25:36+00:00\",\"description\":\"PrimaCover Carpet is een sterke, zelfklevende, waterdichte folie voor het veilig afdekken van tapijt op vloeren en trappen tijdens projectinrichting, bouw-, afbouw-, renovatie- en schilderwerken. Kan eenvoudig verwijderd worden zonder lijmresten achter te laten (tot 4 weken).\",\"breadcrumb\":{\"@id\":\"https:\\\/\\\/primacover.com\\\/sv\\\/product\\\/primacover-carpet-fr\\\/#breadcrumb\"},\"inLanguage\":\"sv-SE\",\"potentialAction\":[{\"@type\":\"ReadAction\",\"target\":[\"https:\\\/\\\/primacover.com\\\/sv\\\/product\\\/primacover-carpet-fr\\\/\"]}]},{\"@type\":\"ImageObject\",\"inLanguage\":\"sv-SE\",\"@id\":\"https:\\\/\\\/primacover.com\\\/sv\\\/product\\\/primacover-carpet-fr\\\/#primaryimage\",\"url\":\"https:\\\/\\\/primacover.com\\\/wp-content\\\/uploads\\\/2026\\\/02\\\/CarpetFR_P0NZ_s02-scaled.jpg\",\"contentUrl\":\"https:\\\/\\\/primacover.com\\\/wp-content\\\/uploads\\\/2026\\\/02\\\/CarpetFR_P0NZ_s02-scaled.jpg\",\"width\":2560,\"height\":2560},{\"@type\":\"BreadcrumbList\",\"@id\":\"https:\\\/\\\/primacover.com\\\/sv\\\/product\\\/primacover-carpet-fr\\\/#breadcrumb\",\"itemListElement\":[{\"@type\":\"ListItem\",\"position\":1,\"name\":\"Home\",\"item\":\"https:\\\/\\\/primacover.com\\\/sv\\\/\"},{\"@type\":\"ListItem\",\"position\":2,\"name\":\"Produkter\",\"item\":\"https:\\\/\\\/primacover.com\\\/sv\\\/producten\\\/\"},{\"@type\":\"ListItem\",\"position\":3,\"name\":\"PrimaCover Carpet FR\"}]},{\"@type\":\"WebSite\",\"@id\":\"https:\\\/\\\/primacover.com\\\/sv\\\/#website\",\"url\":\"https:\\\/\\\/primacover.com\\\/sv\\\/\",\"name\":\"PrimaCover\",\"description\":\"afdekvlies-afdekfolie-stofdeuren, coveringmaterials-dustdoors\",\"publisher\":{\"@id\":\"https:\\\/\\\/primacover.com\\\/sv\\\/#organization\"},\"potentialAction\":[{\"@type\":\"SearchAction\",\"target\":{\"@type\":\"EntryPoint\",\"urlTemplate\":\"https:\\\/\\\/primacover.com\\\/sv\\\/?s={search_term_string}\"},\"query-input\":{\"@type\":\"PropertyValueSpecification\",\"valueRequired\":true,\"valueName\":\"search_term_string\"}}],\"inLanguage\":\"sv-SE\"},{\"@type\":\"Organization\",\"@id\":\"https:\\\/\\\/primacover.com\\\/sv\\\/#organization\",\"name\":\"PrimaCover\",\"url\":\"https:\\\/\\\/primacover.com\\\/sv\\\/\",\"logo\":{\"@type\":\"ImageObject\",\"inLanguage\":\"sv-SE\",\"@id\":\"https:\\\/\\\/primacover.com\\\/sv\\\/#\\\/schema\\\/logo\\\/image\\\/\",\"url\":\"\",\"contentUrl\":\"\",\"caption\":\"PrimaCover\"},\"image\":{\"@id\":\"https:\\\/\\\/primacover.com\\\/sv\\\/#\\\/schema\\\/logo\\\/image\\\/\"},\"sameAs\":[\"https:\\\/\\\/www.facebook.com\\\/PrimaverdeBV\",\"https:\\\/\\\/nl.linkedin.com\\\/company\\\/primaverde\",\"https:\\\/\\\/www.youtube.com\\\/channel\\\/UC3DwQqj8f8tatLdSFA0aWwA\"]}]}<\/script>\n<meta property=\"product:brand\" content=\"PrimaCover\" \/>\n<meta property=\"product:price:currency\" content=\"EUR\" \/>\n<meta property=\"og:availability\" content=\"instock\" \/>\n<meta property=\"product:availability\" content=\"instock\" \/>\n<meta property=\"product:condition\" content=\"new\" \/>\n<!-- \/ Yoast SEO Premium plugin. -->","yoast_head_json":{"title":"PrimaCover Carpet Afdekfolie","description":"PrimaCover Carpet is een sterke, zelfklevende, waterdichte folie voor het veilig afdekken van tapijt op vloeren en trappen tijdens projectinrichting, bouw-, afbouw-, renovatie- en schilderwerken. Kan eenvoudig verwijderd worden zonder lijmresten achter te laten (tot 4 weken).","robots":{"index":"index","follow":"follow","max-snippet":"max-snippet:-1","max-image-preview":"max-image-preview:large","max-video-preview":"max-video-preview:-1"},"canonical":"https:\/\/primacover.com\/sv\/product\/primacover-carpet-fr\/","og_locale":"sv_SE","og_type":"article","og_title":"PrimaCover Carpet FR","og_description":"PrimaCover Carpet is een sterke, zelfklevende, waterdichte folie voor het veilig afdekken van tapijt op vloeren en trappen tijdens projectinrichting, bouw-, afbouw-, renovatie- en schilderwerken. Kan eenvoudig verwijderd worden zonder lijmresten achter te laten (tot 4 weken).","og_url":"https:\/\/primacover.com\/sv\/product\/primacover-carpet-fr\/","og_site_name":"PrimaCover","article_publisher":"https:\/\/www.facebook.com\/PrimaverdeBV","article_modified_time":"2026-05-13T13:25:36+00:00","og_image":[{"width":2560,"height":2560,"url":"https:\/\/primacover.com\/wp-content\/uploads\/2026\/02\/CarpetFR_P0NZ_s02-scaled.jpg","type":"image\/jpeg"}],"twitter_card":"summary_large_image","twitter_misc":{"Pris":"","Tillg\u00e4nglig":"I lager"},"schema":{"@context":"https:\/\/schema.org","@graph":[{"@type":"WebPage","@id":"https:\/\/primacover.com\/sv\/product\/primacover-carpet-fr\/","url":"https:\/\/primacover.com\/sv\/product\/primacover-carpet-fr\/","name":"PrimaCover Carpet Afdekfolie","isPartOf":{"@id":"https:\/\/primacover.com\/sv\/#website"},"primaryImageOfPage":{"@id":"https:\/\/primacover.com\/sv\/product\/primacover-carpet-fr\/#primaryimage"},"image":{"@id":"https:\/\/primacover.com\/sv\/product\/primacover-carpet-fr\/#primaryimage"},"thumbnailUrl":"https:\/\/primacover.com\/wp-content\/uploads\/2026\/02\/CarpetFR_P0NZ_s02-scaled.jpg","datePublished":"2026-05-13T09:13:24+00:00","dateModified":"2026-05-13T13:25:36+00:00","description":"PrimaCover Carpet is een sterke, zelfklevende, waterdichte folie voor het veilig afdekken van tapijt op vloeren en trappen tijdens projectinrichting, bouw-, afbouw-, renovatie- en schilderwerken. Kan eenvoudig verwijderd worden zonder lijmresten achter te laten (tot 4 weken).","breadcrumb":{"@id":"https:\/\/primacover.com\/sv\/product\/primacover-carpet-fr\/#breadcrumb"},"inLanguage":"sv-SE","potentialAction":[{"@type":"ReadAction","target":["https:\/\/primacover.com\/sv\/product\/primacover-carpet-fr\/"]}]},{"@type":"ImageObject","inLanguage":"sv-SE","@id":"https:\/\/primacover.com\/sv\/product\/primacover-carpet-fr\/#primaryimage","url":"https:\/\/primacover.com\/wp-content\/uploads\/2026\/02\/CarpetFR_P0NZ_s02-scaled.jpg","contentUrl":"https:\/\/primacover.com\/wp-content\/uploads\/2026\/02\/CarpetFR_P0NZ_s02-scaled.jpg","width":2560,"height":2560},{"@type":"BreadcrumbList","@id":"https:\/\/primacover.com\/sv\/product\/primacover-carpet-fr\/#breadcrumb","itemListElement":[{"@type":"ListItem","position":1,"name":"Home","item":"https:\/\/primacover.com\/sv\/"},{"@type":"ListItem","position":2,"name":"Produkter","item":"https:\/\/primacover.com\/sv\/producten\/"},{"@type":"ListItem","position":3,"name":"PrimaCover Carpet FR"}]},{"@type":"WebSite","@id":"https:\/\/primacover.com\/sv\/#website","url":"https:\/\/primacover.com\/sv\/","name":"PrimaCover","description":"afdekvlies-afdekfolie-stofdeuren, coveringmaterials-dustdoors","publisher":{"@id":"https:\/\/primacover.com\/sv\/#organization"},"potentialAction":[{"@type":"SearchAction","target":{"@type":"EntryPoint","urlTemplate":"https:\/\/primacover.com\/sv\/?s={search_term_string}"},"query-input":{"@type":"PropertyValueSpecification","valueRequired":true,"valueName":"search_term_string"}}],"inLanguage":"sv-SE"},{"@type":"Organization","@id":"https:\/\/primacover.com\/sv\/#organization","name":"PrimaCover","url":"https:\/\/primacover.com\/sv\/","logo":{"@type":"ImageObject","inLanguage":"sv-SE","@id":"https:\/\/primacover.com\/sv\/#\/schema\/logo\/image\/","url":"","contentUrl":"","caption":"PrimaCover"},"image":{"@id":"https:\/\/primacover.com\/sv\/#\/schema\/logo\/image\/"},"sameAs":["https:\/\/www.facebook.com\/PrimaverdeBV","https:\/\/nl.linkedin.com\/company\/primaverde","https:\/\/www.youtube.com\/channel\/UC3DwQqj8f8tatLdSFA0aWwA"]}]},"product_brand":"PrimaCover","product_price_currency":"EUR","og_availability":"instock","product_availability":"instock","product_condition":"new"},"_links":{"self":[{"href":"https:\/\/primacover.com\/sv\/wp-json\/wp\/v2\/product\/141779","targetHints":{"allow":["GET"]}}],"collection":[{"href":"https:\/\/primacover.com\/sv\/wp-json\/wp\/v2\/product"}],"about":[{"href":"https:\/\/primacover.com\/sv\/wp-json\/wp\/v2\/types\/product"}],"wp:featuredmedia":[{"embeddable":true,"href":"https:\/\/primacover.com\/sv\/wp-json\/wp\/v2\/media\/142218"}],"wp:attachment":[{"href":"https:\/\/primacover.com\/sv\/wp-json\/wp\/v2\/media?parent=141779"}],"wp:term":[{"taxonomy":"product_brand","embeddable":true,"href":"https:\/\/primacover.com\/sv\/wp-json\/wp\/v2\/product_brand?post=141779"},{"taxonomy":"product_cat","embeddable":true,"href":"https:\/\/primacover.com\/sv\/wp-json\/wp\/v2\/product_cat?post=141779"},{"taxonomy":"product_tag","embeddable":true,"href":"https:\/\/primacover.com\/sv\/wp-json\/wp\/v2\/product_tag?post=141779"}],"curies":[{"name":"wp","href":"https:\/\/api.w.org\/{rel}","templated":true}]}}